{"id":2846,"date":"2022-04-10T15:53:41","date_gmt":"2022-04-10T15:53:41","guid":{"rendered":"https:\/\/ambassadebeaute.al\/?post_type=product&#038;p=2846"},"modified":"2026-04-08T20:23:48","modified_gmt":"2026-04-08T20:23:48","slug":"emulsion-originalelle-regenerante-50-ml","status":"publish","type":"product","link":"https:\/\/ambassadebeaute.al\/sq\/shop\/br\/face\/creams\/emulsion-originelle-regenerante-50-ml\/","title":{"rendered":"EMULSION ORIGINELLE REGENERANTE 50 ML"},"content":{"rendered":"<div>Veprimet<\/div>\n<ul>\n<li>\n<div>Qet\u00ebson epiderm\u00ebn e stresuar, qet\u00ebson irritimet dhe shtr\u00ebngimin, zbut l\u00ebkur\u00ebn.<\/div>\n<\/li>\n<li>\n<div>Rivendos filmin hidrolipidik t\u00eb mang\u00ebt.<\/div>\n<\/li>\n<li>\n<div>Mbron l\u00ebkur\u00ebn nga agresionet e jashtme dhe tharja e l\u00ebkur\u00ebs.<\/div>\n<\/li>\n<li>\n<div>Ristrukturon mikrorelievin e l\u00ebkur\u00ebs, unifikon dhe ndri\u00e7on \u00e7ehre.<\/div>\n<\/li>\n<li>\n<div>Hidraton shtresat e sip\u00ebrme t\u00eb epiderm\u00ebs.<\/div>\n<\/li>\n<li>\n<div>Leht\u00eb p\u00ebr t'u aplikuar, dep\u00ebrtim i shpejt\u00eb, nuk l\u00eb nj\u00eb film me vaj.<\/div>\n<\/li>\n<li>\n<div>Menj\u00ebher\u00eb qet\u00ebson dhe leht\u00ebson ndjenj\u00ebn e parehatis\u00eb.<\/div>\n<\/li>\n<li>\n<div>E l\u00eb l\u00ebkur\u00ebn tuaj t\u00eb but\u00eb, t\u00eb qet\u00eb dhe rrezatuese.<\/div>\n<\/li>\n<li>\n<div>Ristrukturon barrieren epidermale, ushqen lekuren.<\/div>\n<\/li>\n<li>\n<div>Hidraton intensivisht shtresat e sip\u00ebrme t\u00eb epiderm\u00ebs.<\/div>\n<\/li>\n<li>\n<div>Mbron dhe riparon agresionet e jashtme.<\/div>\n<\/li>\n<li>\n<div>Unifikon l\u00ebkur\u00ebn, zbut rrudhat e dehidrimit.<\/div>\n<\/li>\n<li>\n<div>Ofron mbrojtje antioksiduese.<\/div>\n<\/li>\n<li>\n<div>Nj\u00eb moment i v\u00ebrtet\u00eb rehati p\u00ebr l\u00ebkur\u00ebn e vuajtur (shtr\u00ebngim, skuqje\u2026)<\/div>\n<\/li>\n<\/ul>","protected":false},"excerpt":{"rendered":"<div class=\"translate-block\">\n<div>Krem rigjenerues dhe hidratues p\u00ebr fytyr\u00ebn<\/div>\n<div><\/div>\n<div>\u2022 HIDRATUES \u2022 USHQYES \u2022 RIGJENERIM<\/div>\n<div>Emulsion Originelle R\u00e9g\u00e9n\u00e9rante \u00ebsht\u00eb nj\u00eb krem i pasur dhe qet\u00ebsues p\u00ebr fytyr\u00ebn. E b\u00ebr\u00eb me vaj makadamie dhe squalane me prejardhje bimore, kjo krem p\u00ebr fytyr\u00ebn rigjeneron barrier\u00ebn natyrore lipidike t\u00eb l\u00ebkur\u00ebs nd\u00ebrsa e mbron at\u00eb nga d\u00ebmtimi i mjedisit. Kur aplikohet, menj\u00ebher\u00eb e b\u00ebn l\u00ebkur\u00ebn t\u00eb duket m\u00eb e barabart\u00eb dhe kompleksion m\u00eb t\u00eb ndritsh\u00ebm.\nRekomandohet p\u00ebr Skin Instant \u00a9 e dehidruar dhe \/ ose ata q\u00eb nuk kan\u00eb lipide.<\/div>\n<div>Rekomandohet p\u00ebr l\u00ebkur\u00ebn e dehidratuar dhe\/ose ato me munges\u00eb lipide.<\/div>\n<\/div>","protected":false},"featured_media":2847,"template":"","meta":{"_uag_custom_page_level_css":"","site-sidebar-layout":"default","site-content-layout":"","ast-site-content-layout":"default","site-content-style":"default","site-sidebar-style":"default","ast-global-header-display":"","ast-banner-title-visibility":"","ast-main-header-display":"","ast-hfb-above-header-display":"","ast-hfb-below-header-display":"","ast-hfb-mobile-header-display":"","site-post-title":"","ast-breadcrumbs-content":"","ast-featured-img":"","footer-sml-layout":"","ast-disable-related-posts":"","theme-transparent-header-meta":"","adv-header-id-meta":"","stick-header-meta":"","header-above-stick-meta":"","header-main-stick-meta":"","header-below-stick-meta":"","astra-migrate-meta-layouts":"default","ast-page-background-enabled":"default","ast-page-background-meta":{"desktop":{"background-color":"var(--ast-global-color-4)","background-image":"","background-repeat":"repeat","background-position":"center center","background-size":"auto","background-attachment":"scroll","background-type":"","background-media":"","overlay-type":"","overlay-color":"","overlay-opacity":"","overlay-gradient":""},"tablet":{"background-color":"","background-image":"","background-repeat":"repeat","background-position":"center center","background-size":"auto","background-attachment":"scroll","background-type":"","background-media":"","overlay-type":"","overlay-color":"","overlay-opacity":"","overlay-gradient":""},"mobile":{"background-color":"","background-image":"","background-repeat":"repeat","background-position":"center center","background-size":"auto","background-attachment":"scroll","background-type":"","background-media":"","overlay-type":"","overlay-color":"","overlay-opacity":"","overlay-gradient":""}},"ast-content-background-meta":{"desktop":{"background-color":"var(--ast-global-color-5)","background-image":"","background-repeat":"repeat","background-position":"center center","background-size":"auto","background-attachment":"scroll","background-type":"","background-media":"","overlay-type":"","overlay-color":"","overlay-opacity":"","overlay-gradient":""},"tablet":{"background-color":"var(--ast-global-color-5)","background-image":"","background-repeat":"repeat","background-position":"center center","background-size":"auto","background-attachment":"scroll","background-type":"","background-media":"","overlay-type":"","overlay-color":"","overlay-opacity":"","overlay-gradient":""},"mobile":{"background-color":"var(--ast-global-color-5)","background-image":"","background-repeat":"repeat","background-position":"center center","background-size":"auto","background-attachment":"scroll","background-type":"","background-media":"","overlay-type":"","overlay-color":"","overlay-opacity":"","overlay-gradient":""}}},"product_brand":[199],"product_cat":[27,61,114],"product_tag":[56,154,156,133],"class_list":{"0":"post-2846","1":"product","2":"type-product","3":"status-publish","4":"has-post-thumbnail","6":"product_brand-biologique-recherche","7":"product_cat-br","8":"product_cat-creams","9":"product_cat-face","10":"product_tag-biologique-recherche","11":"product_tag-creams","12":"product_tag-dehydrated-skin","13":"product_tag-face-products","14":"desktop-align-center","15":"tablet-align-center","16":"mobile-align-center","17":"ast-product-gallery-layout-vertical-slider","18":"ast-product-gallery-with-no-image","19":"ast-product-tabs-layout-horizontal","20":"ast-qv-on-image","22":"first","23":"instock","24":"taxable","25":"shipping-taxable","26":"purchasable","27":"product-type-simple"},"uagb_featured_image_src":{"full":["https:\/\/ambassadebeaute.al\/wp-content\/uploads\/2022\/04\/Emulsion-Originelle-Regenerante-50ml.jpg",1024,1023,false],"thumbnail":["https:\/\/ambassadebeaute.al\/wp-content\/uploads\/2022\/04\/Emulsion-Originelle-Regenerante-50ml-150x150.jpg",150,150,true],"medium":["https:\/\/ambassadebeaute.al\/wp-content\/uploads\/2022\/04\/Emulsion-Originelle-Regenerante-50ml-300x300.jpg",300,300,true],"medium_large":["https:\/\/ambassadebeaute.al\/wp-content\/uploads\/2022\/04\/Emulsion-Originelle-Regenerante-50ml-768x767.jpg",768,767,true],"large":["https:\/\/ambassadebeaute.al\/wp-content\/uploads\/2022\/04\/Emulsion-Originelle-Regenerante-50ml.jpg",1024,1023,false],"1536x1536":["https:\/\/ambassadebeaute.al\/wp-content\/uploads\/2022\/04\/Emulsion-Originelle-Regenerante-50ml.jpg",1024,1023,false],"2048x2048":["https:\/\/ambassadebeaute.al\/wp-content\/uploads\/2022\/04\/Emulsion-Originelle-Regenerante-50ml.jpg",1024,1023,false],"trp-custom-language-flag":["https:\/\/ambassadebeaute.al\/wp-content\/uploads\/2022\/04\/Emulsion-Originelle-Regenerante-50ml-12x12.jpg",12,12,true],"woocommerce_thumbnail":["https:\/\/ambassadebeaute.al\/wp-content\/uploads\/2022\/04\/Emulsion-Originelle-Regenerante-50ml-300x300.jpg",300,300,true],"woocommerce_single":["https:\/\/ambassadebeaute.al\/wp-content\/uploads\/2022\/04\/Emulsion-Originelle-Regenerante-50ml-600x599.jpg",600,599,true],"woocommerce_gallery_thumbnail":["https:\/\/ambassadebeaute.al\/wp-content\/uploads\/2022\/04\/Emulsion-Originelle-Regenerante-50ml-100x100.jpg",100,100,true]},"uagb_author_info":{"display_name":"admin","author_link":"https:\/\/ambassadebeaute.al\/sq\/author\/"},"uagb_comment_info":0,"uagb_excerpt":"Regenerating and moisturizing cream for the face \u2022 MOISTURIZING \u2022 NOURISHING \u2022 REGENERATING Emulsion Originelle R\u00e9g\u00e9n\u00e9rante is a rich and soothing cream for the face. Made with macadamia oil and plant-derived squalane, this face cream regenerates skin\u2019s natural lipidic barrier while protecting it from environmental damage. When applied, it instantly makes the skin look more&hellip;","_links":{"self":[{"href":"https:\/\/ambassadebeaute.al\/sq\/wp-json\/wp\/v2\/product\/2846","targetHints":{"allow":["GET"]}}],"collection":[{"href":"https:\/\/ambassadebeaute.al\/sq\/wp-json\/wp\/v2\/product"}],"about":[{"href":"https:\/\/ambassadebeaute.al\/sq\/wp-json\/wp\/v2\/types\/product"}],"wp:featuredmedia":[{"embeddable":true,"href":"https:\/\/ambassadebeaute.al\/sq\/wp-json\/wp\/v2\/media\/2847"}],"wp:attachment":[{"href":"https:\/\/ambassadebeaute.al\/sq\/wp-json\/wp\/v2\/media?parent=2846"}],"wp:term":[{"taxonomy":"product_brand","embeddable":true,"href":"https:\/\/ambassadebeaute.al\/sq\/wp-json\/wp\/v2\/product_brand?post=2846"},{"taxonomy":"product_cat","embeddable":true,"href":"https:\/\/ambassadebeaute.al\/sq\/wp-json\/wp\/v2\/product_cat?post=2846"},{"taxonomy":"product_tag","embeddable":true,"href":"https:\/\/ambassadebeaute.al\/sq\/wp-json\/wp\/v2\/product_tag?post=2846"}],"curies":[{"name":"wp","href":"https:\/\/api.w.org\/{rel}","templated":true}]}}