{"id":2856,"date":"2022-04-10T16:45:55","date_gmt":"2022-04-10T16:45:55","guid":{"rendered":"https:\/\/ambassadebeaute.al\/?post_type=product&#038;p=2856"},"modified":"2026-04-08T20:23:48","modified_gmt":"2026-04-08T20:23:48","slug":"huile-fondamentale-100-ml","status":"publish","type":"product","link":"https:\/\/ambassadebeaute.al\/sq\/shop\/br\/body-products\/body-oils-treatments\/huile-fondamentale-100-ml\/","title":{"rendered":"HUILE FONDAMENTALE 100 ML"},"content":{"rendered":"<div>P\u00cbRFITIMET<\/div>\n<ul>\n<li>\n<div>Hidraton dhe ushqen thell\u00ebsisht<\/div>\n<\/li>\n<li>\n<div>Rivendosni barrier\u00ebn e l\u00ebkur\u00ebs dhe flok\u00ebve<\/div>\n<\/li>\n<li>\n<div>Redukton tharjen e l\u00ebkur\u00ebs dhe flok\u00ebve<\/div>\n<\/li>\n<li>\n<div>Rikthen cil\u00ebsin\u00eb e l\u00ebkur\u00ebs dhe flok\u00ebve<\/div>\n<\/li>\n<li>\n<div>Riparon dhe forcon flok\u00ebt e that\u00eb dhe t\u00eb d\u00ebmtuar<\/div>\n<\/li>\n<\/ul>","protected":false},"excerpt":{"rendered":"<div class=\"translation-block\">\n<DIV>\u2022 HIDRATUES \u2022 MBROJT\u00cbS \u2022 RIGJENERIM<\/DIV>\nRigjenerues efektiv, Huile Fondamentale kombinon 6 vajra t\u00eb past\u00ebr botanik t\u00eb njohur p\u00ebr vetit\u00eb e tyre antioksiduese, hidratuese dhe rigjeneruese. Me p\u00ebrdorime t\u00eb shum\u00ebfishta, p\u00ebrqendrimi i tij i lart\u00eb n\u00eb acide yndyrore thelb\u00ebsore (omega 3, 6, 7 dhe 9) e b\u00ebn at\u00eb produktin e duhur t\u00eb kujdesit p\u00ebr t\u00eb ruajtur ekuilibrin e lipideve l\u00ebkurore, p\u00ebr t\u00eb rivendosur cil\u00ebsin\u00eb e l\u00ebkur\u00ebs dhe p\u00ebr t\u00eb forcuar flok\u00ebt e that\u00eb dhe t\u00eb brisht\u00eb.\nMe nj\u00eb p\u00ebrfundim jo ngjit\u00ebs, l\u00ebkura ushqehen intensivisht dhe flok\u00ebt rimarrin shk\u00eblqimin dhe but\u00ebsin\u00eb e saj.\nRekomandohet p\u00ebr Skin Instants\u00a9 dhe flok\u00eb t\u00eb that\u00eb dhe t\u00eb d\u00ebmtuar.\n<\/div>","protected":false},"featured_media":2858,"template":"","meta":{"_uag_custom_page_level_css":"","site-sidebar-layout":"default","site-content-layout":"","ast-site-content-layout":"default","site-content-style":"default","site-sidebar-style":"default","ast-global-header-display":"","ast-banner-title-visibility":"","ast-main-header-display":"","ast-hfb-above-header-display":"","ast-hfb-below-header-display":"","ast-hfb-mobile-header-display":"","site-post-title":"","ast-breadcrumbs-content":"","ast-featured-img":"","footer-sml-layout":"","ast-disable-related-posts":"","theme-transparent-header-meta":"","adv-header-id-meta":"","stick-header-meta":"","header-above-stick-meta":"","header-main-stick-meta":"","header-below-stick-meta":"","astra-migrate-meta-layouts":"default","ast-page-background-enabled":"default","ast-page-background-meta":{"desktop":{"background-color":"var(--ast-global-color-4)","background-image":"","background-repeat":"repeat","background-position":"center center","background-size":"auto","background-attachment":"scroll","background-type":"","background-media":"","overlay-type":"","overlay-color":"","overlay-opacity":"","overlay-gradient":""},"tablet":{"background-color":"","background-image":"","background-repeat":"repeat","background-position":"center center","background-size":"auto","background-attachment":"scroll","background-type":"","background-media":"","overlay-type":"","overlay-color":"","overlay-opacity":"","overlay-gradient":""},"mobile":{"background-color":"","background-image":"","background-repeat":"repeat","background-position":"center center","background-size":"auto","background-attachment":"scroll","background-type":"","background-media":"","overlay-type":"","overlay-color":"","overlay-opacity":"","overlay-gradient":""}},"ast-content-background-meta":{"desktop":{"background-color":"var(--ast-global-color-5)","background-image":"","background-repeat":"repeat","background-position":"center center","background-size":"auto","background-attachment":"scroll","background-type":"","background-media":"","overlay-type":"","overlay-color":"","overlay-opacity":"","overlay-gradient":""},"tablet":{"background-color":"var(--ast-global-color-5)","background-image":"","background-repeat":"repeat","background-position":"center center","background-size":"auto","background-attachment":"scroll","background-type":"","background-media":"","overlay-type":"","overlay-color":"","overlay-opacity":"","overlay-gradient":""},"mobile":{"background-color":"var(--ast-global-color-5)","background-image":"","background-repeat":"repeat","background-position":"center center","background-size":"auto","background-attachment":"scroll","background-type":"","background-media":"","overlay-type":"","overlay-color":"","overlay-opacity":"","overlay-gradient":""}}},"product_brand":[199],"product_cat":[27,70,131],"product_tag":[56,164,166,165,53],"class_list":{"0":"post-2856","1":"product","2":"type-product","3":"status-publish","4":"has-post-thumbnail","6":"product_brand-biologique-recherche","7":"product_cat-br","8":"product_cat-body-oils-treatments","9":"product_cat-body-products","10":"product_tag-biologique-recherche","11":"product_tag-body-products","12":"product_tag-damaged-skin","13":"product_tag-dry-skin","14":"product_tag-oils","15":"desktop-align-center","16":"tablet-align-center","17":"mobile-align-center","18":"ast-product-gallery-layout-vertical-slider","19":"ast-product-gallery-with-no-image","20":"ast-product-tabs-layout-horizontal","21":"ast-qv-on-image","23":"first","24":"instock","25":"taxable","26":"shipping-taxable","27":"purchasable","28":"product-type-simple"},"uagb_featured_image_src":{"full":["https:\/\/ambassadebeaute.al\/wp-content\/uploads\/2022\/04\/HuileFondamentale.jpg",1024,1024,false],"thumbnail":["https:\/\/ambassadebeaute.al\/wp-content\/uploads\/2022\/04\/HuileFondamentale-150x150.jpg",150,150,true],"medium":["https:\/\/ambassadebeaute.al\/wp-content\/uploads\/2022\/04\/HuileFondamentale-300x300.jpg",300,300,true],"medium_large":["https:\/\/ambassadebeaute.al\/wp-content\/uploads\/2022\/04\/HuileFondamentale-768x768.jpg",768,768,true],"large":["https:\/\/ambassadebeaute.al\/wp-content\/uploads\/2022\/04\/HuileFondamentale-1024x1024.jpg",1024,1024,true],"1536x1536":["https:\/\/ambassadebeaute.al\/wp-content\/uploads\/2022\/04\/HuileFondamentale.jpg",1024,1024,false],"2048x2048":["https:\/\/ambassadebeaute.al\/wp-content\/uploads\/2022\/04\/HuileFondamentale.jpg",1024,1024,false],"trp-custom-language-flag":["https:\/\/ambassadebeaute.al\/wp-content\/uploads\/2022\/04\/HuileFondamentale-12x12.jpg",12,12,true],"woocommerce_thumbnail":["https:\/\/ambassadebeaute.al\/wp-content\/uploads\/2022\/04\/HuileFondamentale-300x300.jpg",300,300,true],"woocommerce_single":["https:\/\/ambassadebeaute.al\/wp-content\/uploads\/2022\/04\/HuileFondamentale-600x600.jpg",600,600,true],"woocommerce_gallery_thumbnail":["https:\/\/ambassadebeaute.al\/wp-content\/uploads\/2022\/04\/HuileFondamentale-100x100.jpg",100,100,true]},"uagb_author_info":{"display_name":"admin","author_link":"https:\/\/ambassadebeaute.al\/sq\/author\/"},"uagb_comment_info":0,"uagb_excerpt":"\u2022 MOISTURIZING \u2022 PROTECTIVE \u2022 REGENERATING Highly regenerating, Huile Fondamentale combines 6 pure botanical oils known for their antioxidant, moisturizing and regenerative properties. With multiple uses, its high concentration in essential fatty acids (omega 3, 6, 7 and 9) makes it the ultimate care product to preserve the balance of cutaneous lipids, restore skin quality&hellip;","_links":{"self":[{"href":"https:\/\/ambassadebeaute.al\/sq\/wp-json\/wp\/v2\/product\/2856","targetHints":{"allow":["GET"]}}],"collection":[{"href":"https:\/\/ambassadebeaute.al\/sq\/wp-json\/wp\/v2\/product"}],"about":[{"href":"https:\/\/ambassadebeaute.al\/sq\/wp-json\/wp\/v2\/types\/product"}],"wp:featuredmedia":[{"embeddable":true,"href":"https:\/\/ambassadebeaute.al\/sq\/wp-json\/wp\/v2\/media\/2858"}],"wp:attachment":[{"href":"https:\/\/ambassadebeaute.al\/sq\/wp-json\/wp\/v2\/media?parent=2856"}],"wp:term":[{"taxonomy":"product_brand","embeddable":true,"href":"https:\/\/ambassadebeaute.al\/sq\/wp-json\/wp\/v2\/product_brand?post=2856"},{"taxonomy":"product_cat","embeddable":true,"href":"https:\/\/ambassadebeaute.al\/sq\/wp-json\/wp\/v2\/product_cat?post=2856"},{"taxonomy":"product_tag","embeddable":true,"href":"https:\/\/ambassadebeaute.al\/sq\/wp-json\/wp\/v2\/product_tag?post=2856"}],"curies":[{"name":"wp","href":"https:\/\/api.w.org\/{rel}","templated":true}]}}