{"id":3033,"date":"2022-11-10T16:53:51","date_gmt":"2022-11-10T16:53:51","guid":{"rendered":"https:\/\/ambassadebeaute.al\/?post_type=product&#038;p=3033"},"modified":"2026-04-08T20:23:48","modified_gmt":"2026-04-08T20:23:48","slug":"origjina-e-kolagjenit","status":"publish","type":"product","link":"https:\/\/ambassadebeaute.al\/sq\/shop\/br\/face\/quintessential-serums\/collagene-originel\/","title":{"rendered":"COLLAGENE ORIGINEL"},"content":{"rendered":"<p>Nj\u00eb formul\u00eb e p\u00ebrqendruar rreth kolagjenit t\u00eb tipit 0 (p\u00ebrb\u00ebr\u00ebs aktiv i patentuar), Collag\u00e8ne Originel rrit kat\u00ebr llojet kryesore t\u00eb kolagjenit (I, III, IV, VII) p\u00ebr t\u00eb ridensifikuar l\u00ebkur\u00ebn n\u00eb tre dimensione. Stimulon kolagjenin natyral t\u00eb pranish\u00ebm n\u00eb l\u00ebkur\u00eb n\u00eb nivelet e gjeneve dhe proteinave p\u00ebr t\u00eb reduktuar gjat\u00ebsin\u00eb e rrudhave dhe p\u00ebr t\u00eb rigjall\u00ebruar bashkimin dermal-epidermal.<\/p>\n<ul>\n<li>Stimulon kolagjenin n\u00eb nivelet e gjeneve dhe proteinave<\/li>\n<li>Rrit kolagjenin I, III, IV dhe VII<\/li>\n<li>Ridensifikon l\u00ebkur\u00ebn n\u00eb tre dimensione<\/li>\n<li>Rigjall\u00ebron dhe rinovon DEJ<\/li>\n<li>Redukton gjat\u00ebsin\u00eb e rrudhave<\/li>\n<li>Kufizon shfaqjen e rrudhave t\u00eb reja<\/li>\n<\/ul>","protected":false},"excerpt":{"rendered":"<p class=\" translation-block\">Risia m\u00eb e fundit e Biologique Recherche, serumi Collagene Originel vepron n\u00eb 4 llojet kryesore t\u00eb kolagjenit p\u00ebr t\u00eb ridensifikuar l\u00ebkur\u00ebn n\u00eb 3 dimensione. I pari n\u00eb kozmetik\u00eb, ai p\u00ebrmban n\u00eb thelb kolagjenin Type-0, nj\u00eb p\u00ebrb\u00ebr\u00ebs aktiv i patentuar Biologique Recherche.<\/p>","protected":false},"featured_media":3035,"template":"","meta":{"_uag_custom_page_level_css":"","site-sidebar-layout":"default","site-content-layout":"","ast-site-content-layout":"default","site-content-style":"default","site-sidebar-style":"default","ast-global-header-display":"","ast-banner-title-visibility":"","ast-main-header-display":"","ast-hfb-above-header-display":"","ast-hfb-below-header-display":"","ast-hfb-mobile-header-display":"","site-post-title":"","ast-breadcrumbs-content":"","ast-featured-img":"","footer-sml-layout":"","ast-disable-related-posts":"","theme-transparent-header-meta":"","adv-header-id-meta":"","stick-header-meta":"","header-above-stick-meta":"","header-main-stick-meta":"","header-below-stick-meta":"","astra-migrate-meta-layouts":"default","ast-page-background-enabled":"default","ast-page-background-meta":{"desktop":{"background-color":"var(--ast-global-color-4)","background-image":"","background-repeat":"repeat","background-position":"center center","background-size":"auto","background-attachment":"scroll","background-type":"","background-media":"","overlay-type":"","overlay-color":"","overlay-opacity":"","overlay-gradient":""},"tablet":{"background-color":"","background-image":"","background-repeat":"repeat","background-position":"center center","background-size":"auto","background-attachment":"scroll","background-type":"","background-media":"","overlay-type":"","overlay-color":"","overlay-opacity":"","overlay-gradient":""},"mobile":{"background-color":"","background-image":"","background-repeat":"repeat","background-position":"center center","background-size":"auto","background-attachment":"scroll","background-type":"","background-media":"","overlay-type":"","overlay-color":"","overlay-opacity":"","overlay-gradient":""}},"ast-content-background-meta":{"desktop":{"background-color":"var(--ast-global-color-5)","background-image":"","background-repeat":"repeat","background-position":"center center","background-size":"auto","background-attachment":"scroll","background-type":"","background-media":"","overlay-type":"","overlay-color":"","overlay-opacity":"","overlay-gradient":""},"tablet":{"background-color":"var(--ast-global-color-5)","background-image":"","background-repeat":"repeat","background-position":"center center","background-size":"auto","background-attachment":"scroll","background-type":"","background-media":"","overlay-type":"","overlay-color":"","overlay-opacity":"","overlay-gradient":""},"mobile":{"background-color":"var(--ast-global-color-5)","background-image":"","background-repeat":"repeat","background-position":"center center","background-size":"auto","background-attachment":"scroll","background-type":"","background-media":"","overlay-type":"","overlay-color":"","overlay-opacity":"","overlay-gradient":""}}},"product_brand":[199],"product_cat":[27,92],"product_tag":[56,133,150],"class_list":{"0":"post-3033","1":"product","2":"type-product","3":"status-publish","4":"has-post-thumbnail","6":"product_brand-biologique-recherche","7":"product_cat-br","8":"product_cat-quintessential-serums","9":"product_tag-biologique-recherche","10":"product_tag-face-products","11":"product_tag-quintessential-serum","12":"desktop-align-center","13":"tablet-align-center","14":"mobile-align-center","15":"ast-product-gallery-layout-vertical-slider","16":"ast-product-gallery-with-no-image","17":"ast-product-single-variable","18":"ast-product-tabs-layout-horizontal","19":"ast-qv-on-image","21":"first","22":"instock","23":"taxable","24":"shipping-taxable","25":"purchasable","26":"product-type-variable","27":"has-default-attributes"},"uagb_featured_image_src":{"full":["https:\/\/ambassadebeaute.al\/wp-content\/uploads\/2022\/11\/Collagene_Originel_30ml_RVB_MD.webp",1024,1024,false],"thumbnail":["https:\/\/ambassadebeaute.al\/wp-content\/uploads\/2022\/11\/Collagene_Originel_30ml_RVB_MD-150x150.webp",150,150,true],"medium":["https:\/\/ambassadebeaute.al\/wp-content\/uploads\/2022\/11\/Collagene_Originel_30ml_RVB_MD-300x300.webp",300,300,true],"medium_large":["https:\/\/ambassadebeaute.al\/wp-content\/uploads\/2022\/11\/Collagene_Originel_30ml_RVB_MD-768x768.webp",768,768,true],"large":["https:\/\/ambassadebeaute.al\/wp-content\/uploads\/2022\/11\/Collagene_Originel_30ml_RVB_MD.webp",1024,1024,false],"1536x1536":["https:\/\/ambassadebeaute.al\/wp-content\/uploads\/2022\/11\/Collagene_Originel_30ml_RVB_MD.webp",1024,1024,false],"2048x2048":["https:\/\/ambassadebeaute.al\/wp-content\/uploads\/2022\/11\/Collagene_Originel_30ml_RVB_MD.webp",1024,1024,false],"trp-custom-language-flag":["https:\/\/ambassadebeaute.al\/wp-content\/uploads\/2022\/11\/Collagene_Originel_30ml_RVB_MD-12x12.webp",12,12,true],"woocommerce_thumbnail":["https:\/\/ambassadebeaute.al\/wp-content\/uploads\/2022\/11\/Collagene_Originel_30ml_RVB_MD-300x300.webp",300,300,true],"woocommerce_single":["https:\/\/ambassadebeaute.al\/wp-content\/uploads\/2022\/11\/Collagene_Originel_30ml_RVB_MD-600x600.webp",600,600,true],"woocommerce_gallery_thumbnail":["https:\/\/ambassadebeaute.al\/wp-content\/uploads\/2022\/11\/Collagene_Originel_30ml_RVB_MD-100x100.webp",100,100,true]},"uagb_author_info":{"display_name":"admin","author_link":"https:\/\/ambassadebeaute.al\/sq\/author\/"},"uagb_comment_info":0,"uagb_excerpt":"Biologique Recherche latest innovation, Collag\u00e8ne Originel\u00a0serum\u00a0acts on the 4 main types of collagen to redensify the skin in 3 dimensions. \u200b\u200b\u200b\u200b\u200b\u200b\u200bA first in cosmetics, it contains at its core\u00a0Type-0 Collagen, a patented Biologique Recherche active ingredient.","_links":{"self":[{"href":"https:\/\/ambassadebeaute.al\/sq\/wp-json\/wp\/v2\/product\/3033","targetHints":{"allow":["GET"]}}],"collection":[{"href":"https:\/\/ambassadebeaute.al\/sq\/wp-json\/wp\/v2\/product"}],"about":[{"href":"https:\/\/ambassadebeaute.al\/sq\/wp-json\/wp\/v2\/types\/product"}],"wp:featuredmedia":[{"embeddable":true,"href":"https:\/\/ambassadebeaute.al\/sq\/wp-json\/wp\/v2\/media\/3035"}],"wp:attachment":[{"href":"https:\/\/ambassadebeaute.al\/sq\/wp-json\/wp\/v2\/media?parent=3033"}],"wp:term":[{"taxonomy":"product_brand","embeddable":true,"href":"https:\/\/ambassadebeaute.al\/sq\/wp-json\/wp\/v2\/product_brand?post=3033"},{"taxonomy":"product_cat","embeddable":true,"href":"https:\/\/ambassadebeaute.al\/sq\/wp-json\/wp\/v2\/product_cat?post=3033"},{"taxonomy":"product_tag","embeddable":true,"href":"https:\/\/ambassadebeaute.al\/sq\/wp-json\/wp\/v2\/product_tag?post=3033"}],"curies":[{"name":"wp","href":"https:\/\/api.w.org\/{rel}","templated":true}]}}