{"id":3207,"date":"2023-07-14T13:39:27","date_gmt":"2023-07-14T13:39:27","guid":{"rendered":"https:\/\/ambassadebeaute.al\/?post_type=product&#038;p=3207"},"modified":"2026-04-08T20:23:48","modified_gmt":"2026-04-08T20:23:48","slug":"lait-sr","status":"publish","type":"product","link":"https:\/\/ambassadebeaute.al\/sq\/shop\/br\/face\/cleansers\/lait-s-r\/","title":{"rendered":"LAIT S.R."},"content":{"rendered":"<div class=\" translation-block\">Meqen\u00ebse secili prej produkteve tona \u00ebsht\u00eb i dizajnuar p\u00ebr nj\u00eb Skin Instant\u00a9 t\u00eb ve\u00e7ant\u00eb ,\nato jan\u00eb t\u00eb disponueshme vet\u00ebm pasi t'i n\u00ebnshtroheni nj\u00eb analize t\u00eb l\u00ebkur\u00ebs n\u00eb nj\u00eb nga qendrat tona Biologique Recherche.<\/div>","protected":false},"excerpt":{"rendered":"<p>Pastrues dhe ribalancues p\u00ebr heqjen e grimit<\/p>\n<div>\u2022 HEQJE E GRIMIT \u2022 PASTRIM \u2022 RIBALANCIM<\/div>\n<div>Nj\u00eb produkt i v\u00ebrtet\u00eb p\u00ebr pastrimin e l\u00ebkur\u00ebs, Lait S.R. eliminon papast\u00ebrtit\u00eb dhe sebumin e tep\u00ebrt nga sip\u00ebrfaqja e l\u00ebkur\u00ebs. Largon grimin dhe pastron l\u00ebkur\u00ebn, pa e d\u00ebmtuar at\u00eb, p\u00ebr t\u00eb ruajtur filmin hidrolipidik dhe ekuilibrin e l\u00ebkur\u00ebs t\u00eb nevojsh\u00ebm p\u00ebr funksionimin e duhur t\u00eb l\u00ebkurave me tendenc\u00eb seborreike. Tekstura e saj e fresk\u00ebt dhe e leht\u00eb nuk l\u00eb nj\u00eb shtres\u00eb t\u00eb yndyrshme n\u00eb l\u00ebkur\u00eb p\u00ebr ta l\u00ebn\u00eb at\u00eb t\u00eb marr\u00eb frym\u00eb. E \u00e7liruar nga papast\u00ebrtit\u00eb, l\u00ebkura \u00ebsht\u00eb e sh\u00ebndetshme, e ribalancuar dhe me pamje m\u00eb pa shk\u00eblqim; poret e tij jan\u00eb t\u00eb pambyllura dhe t\u00eb shtr\u00ebnguara.<\/div>\n<div>Rekomandohet p\u00ebr Skin Instants\u00a9 te kombinuara dhe\/ose me tendenca seborreike .<\/div>","protected":false},"featured_media":3211,"template":"","meta":{"_uag_custom_page_level_css":"","site-sidebar-layout":"default","site-content-layout":"","ast-site-content-layout":"default","site-content-style":"default","site-sidebar-style":"default","ast-global-header-display":"","ast-banner-title-visibility":"","ast-main-header-display":"","ast-hfb-above-header-display":"","ast-hfb-below-header-display":"","ast-hfb-mobile-header-display":"","site-post-title":"","ast-breadcrumbs-content":"","ast-featured-img":"","footer-sml-layout":"","ast-disable-related-posts":"","theme-transparent-header-meta":"","adv-header-id-meta":"","stick-header-meta":"","header-above-stick-meta":"","header-main-stick-meta":"","header-below-stick-meta":"","astra-migrate-meta-layouts":"default","ast-page-background-enabled":"default","ast-page-background-meta":{"desktop":{"background-color":"var(--ast-global-color-4)","background-image":"","background-repeat":"repeat","background-position":"center center","background-size":"auto","background-attachment":"scroll","background-type":"","background-media":"","overlay-type":"","overlay-color":"","overlay-opacity":"","overlay-gradient":""},"tablet":{"background-color":"","background-image":"","background-repeat":"repeat","background-position":"center center","background-size":"auto","background-attachment":"scroll","background-type":"","background-media":"","overlay-type":"","overlay-color":"","overlay-opacity":"","overlay-gradient":""},"mobile":{"background-color":"","background-image":"","background-repeat":"repeat","background-position":"center center","background-size":"auto","background-attachment":"scroll","background-type":"","background-media":"","overlay-type":"","overlay-color":"","overlay-opacity":"","overlay-gradient":""}},"ast-content-background-meta":{"desktop":{"background-color":"var(--ast-global-color-5)","background-image":"","background-repeat":"repeat","background-position":"center center","background-size":"auto","background-attachment":"scroll","background-type":"","background-media":"","overlay-type":"","overlay-color":"","overlay-opacity":"","overlay-gradient":""},"tablet":{"background-color":"var(--ast-global-color-5)","background-image":"","background-repeat":"repeat","background-position":"center center","background-size":"auto","background-attachment":"scroll","background-type":"","background-media":"","overlay-type":"","overlay-color":"","overlay-opacity":"","overlay-gradient":""},"mobile":{"background-color":"var(--ast-global-color-5)","background-image":"","background-repeat":"repeat","background-position":"center center","background-size":"auto","background-attachment":"scroll","background-type":"","background-media":"","overlay-type":"","overlay-color":"","overlay-opacity":"","overlay-gradient":""}}},"product_brand":[199],"product_cat":[27,88,114],"product_tag":[],"class_list":{"0":"post-3207","1":"product","2":"type-product","3":"status-publish","4":"has-post-thumbnail","6":"product_brand-biologique-recherche","7":"product_cat-br","8":"product_cat-cleansers","9":"product_cat-face","10":"desktop-align-center","11":"tablet-align-center","12":"mobile-align-center","13":"ast-product-gallery-layout-vertical-slider","14":"ast-product-gallery-with-no-image","15":"ast-product-single-variable","16":"ast-product-tabs-layout-horizontal","17":"ast-qv-on-image","19":"first","20":"instock","21":"taxable","22":"shipping-taxable","23":"purchasable","24":"product-type-variable"},"uagb_featured_image_src":{"full":["https:\/\/ambassadebeaute.al\/wp-content\/uploads\/2023\/07\/LaitSR250ml.webp",1024,1024,false],"thumbnail":["https:\/\/ambassadebeaute.al\/wp-content\/uploads\/2023\/07\/LaitSR250ml-150x150.webp",150,150,true],"medium":["https:\/\/ambassadebeaute.al\/wp-content\/uploads\/2023\/07\/LaitSR250ml-300x300.webp",300,300,true],"medium_large":["https:\/\/ambassadebeaute.al\/wp-content\/uploads\/2023\/07\/LaitSR250ml-768x768.webp",768,768,true],"large":["https:\/\/ambassadebeaute.al\/wp-content\/uploads\/2023\/07\/LaitSR250ml.webp",1024,1024,false],"1536x1536":["https:\/\/ambassadebeaute.al\/wp-content\/uploads\/2023\/07\/LaitSR250ml.webp",1024,1024,false],"2048x2048":["https:\/\/ambassadebeaute.al\/wp-content\/uploads\/2023\/07\/LaitSR250ml.webp",1024,1024,false],"trp-custom-language-flag":["https:\/\/ambassadebeaute.al\/wp-content\/uploads\/2023\/07\/LaitSR250ml-12x12.webp",12,12,true],"woocommerce_thumbnail":["https:\/\/ambassadebeaute.al\/wp-content\/uploads\/2023\/07\/LaitSR250ml-300x300.webp",300,300,true],"woocommerce_single":["https:\/\/ambassadebeaute.al\/wp-content\/uploads\/2023\/07\/LaitSR250ml-600x600.webp",600,600,true],"woocommerce_gallery_thumbnail":["https:\/\/ambassadebeaute.al\/wp-content\/uploads\/2023\/07\/LaitSR250ml-100x100.webp",100,100,true]},"uagb_author_info":{"display_name":"admin","author_link":"https:\/\/ambassadebeaute.al\/sq\/author\/"},"uagb_comment_info":0,"uagb_excerpt":"Purifying and rebalancing makeup remover \u2022 MAKEUP REMOVING \u2022 PURIFYING \u2022 REBALANCING A genuine purifying skin care product, Lait S.R. eliminates impurities and excess sebum from the skin surface. It removes makeup and cleanses the skin, without damaging it, in order to preserve the hydrolipidic film and the skin balance necessary to the correct functioning&hellip;","_links":{"self":[{"href":"https:\/\/ambassadebeaute.al\/sq\/wp-json\/wp\/v2\/product\/3207","targetHints":{"allow":["GET"]}}],"collection":[{"href":"https:\/\/ambassadebeaute.al\/sq\/wp-json\/wp\/v2\/product"}],"about":[{"href":"https:\/\/ambassadebeaute.al\/sq\/wp-json\/wp\/v2\/types\/product"}],"wp:featuredmedia":[{"embeddable":true,"href":"https:\/\/ambassadebeaute.al\/sq\/wp-json\/wp\/v2\/media\/3211"}],"wp:attachment":[{"href":"https:\/\/ambassadebeaute.al\/sq\/wp-json\/wp\/v2\/media?parent=3207"}],"wp:term":[{"taxonomy":"product_brand","embeddable":true,"href":"https:\/\/ambassadebeaute.al\/sq\/wp-json\/wp\/v2\/product_brand?post=3207"},{"taxonomy":"product_cat","embeddable":true,"href":"https:\/\/ambassadebeaute.al\/sq\/wp-json\/wp\/v2\/product_cat?post=3207"},{"taxonomy":"product_tag","embeddable":true,"href":"https:\/\/ambassadebeaute.al\/sq\/wp-json\/wp\/v2\/product_tag?post=3207"}],"curies":[{"name":"wp","href":"https:\/\/api.w.org\/{rel}","templated":true}]}}