{"id":3312,"date":"2023-09-10T00:51:07","date_gmt":"2023-09-10T00:51:07","guid":{"rendered":"https:\/\/ambassadebeaute.al\/?post_type=product&#038;p=3312"},"modified":"2026-04-08T20:23:48","modified_gmt":"2026-04-08T20:23:48","slug":"korrektor-per-kujdesin-e-syve","status":"publish","type":"product","link":"https:\/\/ambassadebeaute.al\/sq\/shop\/br\/face\/creams\/eye-care-concealer\/","title":{"rendered":"EYE CARE CONCEALER"},"content":{"rendered":"<div id=\"pl-3312\" class=\"panel-layout\">\n<div id=\"pg-3312-0\" class=\"panel-grid panel-no-style\" data-style=\"{&quot;background_image_attachment&quot;:false,&quot;background_display&quot;:&quot;tile&quot;,&quot;background_image_size&quot;:&quot;full&quot;,&quot;border_thickness&quot;:&quot;1px&quot;,&quot;full_height&quot;:&quot;&quot;,&quot;cell_alignment&quot;:&quot;flex-start&quot;}\" data-ratio=\"1\" data-ratio-direction=\"right\">\n<div id=\"pgc-3312-0-0\" class=\"panel-grid-cell\" data-weight=\"1\">\n<div id=\"panel-3312-0-0-0\" class=\"so-panel widget widget_sow-editor panel-first-child panel-last-child\" data-index=\"0\" data-style=\"{&quot;background_image_attachment&quot;:false,&quot;background_display&quot;:&quot;tile&quot;,&quot;background_image_size&quot;:&quot;full&quot;,&quot;border_thickness&quot;:&quot;1px&quot;}\">\n<div class=\"so-widget-sow-editor so-widget-sow-editor-base\">\n<div class=\"siteorigin-widget-tinymce textwidget\">\n<ul>\n<li>Promovon mikroqarkullimin e gjakut n\u00eb zon\u00ebn e konturit t\u00eb syve<\/li>\n<li>Ndihmon n\u00eb eliminimin e pigmenteve p\u00ebrgjegj\u00ebse p\u00ebr ngjyr\u00ebn e rrath\u00ebve t\u00eb err\u00ebt<\/li>\n<li>Redukton shfaqjen e rrath\u00ebve t\u00eb err\u00ebt t\u00eb pigmentuar dhe vaskular (kafe dhe blu)<\/li>\n<li>Redukton volumin e fryrjes<\/li>\n<li>Zbut l\u00ebkur\u00ebn e konturit t\u00eb syve<\/li>\n<li>Hidraton konturin e syve<\/li>\n<li>Fsheh menj\u00ebher\u00eb rrath\u00ebt dhe hijet e err\u00ebta<\/li>\n<li>Barazon dhe ndri\u00e7on konturet e syve t\u00eb lodhur<\/li>\n<li>Mbulim i lart\u00eb dhe p\u00ebrfundim natyral<\/li>\n<li>Mbajtje e q\u00ebndrueshme<\/li>\n<\/ul>\n<\/div>\n<\/div>\n<\/div>\n<\/div>\n<\/div>\n<\/div>","protected":false},"excerpt":{"rendered":"<p>\u2022 KUND\u00cbR RRETHET E ERR\u00cbSIT\u00cb \u2022 KUND\u00cbR \u00cbND\u00cbRT \u2022 ZBATIM \u2022 SHUM\u00cb<br \/>\nEye Care Concealer \u00ebsht\u00eb nj\u00eb zgjidhje 2-n\u00eb-1 p\u00ebr syt\u00eb e lodhur. Formula e tij ndihmon n\u00eb zvog\u00eblimin e shfaqjes s\u00eb rrath\u00ebve t\u00eb zinj dhe \u00ebnjtjes duke ofruar rehati afatgjat\u00eb. Plot\u00ebsimi dhe zbutja e p\u00ebrb\u00ebr\u00ebsve aktiv\u00eb mund\u00ebsojn\u00eb nj\u00eb p\u00ebrfundim natyral q\u00eb nuk grumbullohet n\u00eb vija t\u00eb holla. Me p\u00ebrdorim t\u00eb rregullt, l\u00ebkura rreth syve duket m\u00eb rrezatuese dhe m\u00eb e qet\u00eb.<\/p>","protected":false},"featured_media":3313,"template":"","meta":{"_uag_custom_page_level_css":"","site-sidebar-layout":"default","site-content-layout":"","ast-site-content-layout":"default","site-content-style":"default","site-sidebar-style":"default","ast-global-header-display":"","ast-banner-title-visibility":"","ast-main-header-display":"","ast-hfb-above-header-display":"","ast-hfb-below-header-display":"","ast-hfb-mobile-header-display":"","site-post-title":"","ast-breadcrumbs-content":"","ast-featured-img":"","footer-sml-layout":"","ast-disable-related-posts":"","theme-transparent-header-meta":"","adv-header-id-meta":"","stick-header-meta":"","header-above-stick-meta":"","header-main-stick-meta":"","header-below-stick-meta":"","astra-migrate-meta-layouts":"default","ast-page-background-enabled":"default","ast-page-background-meta":{"desktop":{"background-color":"var(--ast-global-color-4)","background-image":"","background-repeat":"repeat","background-position":"center center","background-size":"auto","background-attachment":"scroll","background-type":"","background-media":"","overlay-type":"","overlay-color":"","overlay-opacity":"","overlay-gradient":""},"tablet":{"background-color":"","background-image":"","background-repeat":"repeat","background-position":"center center","background-size":"auto","background-attachment":"scroll","background-type":"","background-media":"","overlay-type":"","overlay-color":"","overlay-opacity":"","overlay-gradient":""},"mobile":{"background-color":"","background-image":"","background-repeat":"repeat","background-position":"center center","background-size":"auto","background-attachment":"scroll","background-type":"","background-media":"","overlay-type":"","overlay-color":"","overlay-opacity":"","overlay-gradient":""}},"ast-content-background-meta":{"desktop":{"background-color":"var(--ast-global-color-5)","background-image":"","background-repeat":"repeat","background-position":"center center","background-size":"auto","background-attachment":"scroll","background-type":"","background-media":"","overlay-type":"","overlay-color":"","overlay-opacity":"","overlay-gradient":""},"tablet":{"background-color":"var(--ast-global-color-5)","background-image":"","background-repeat":"repeat","background-position":"center center","background-size":"auto","background-attachment":"scroll","background-type":"","background-media":"","overlay-type":"","overlay-color":"","overlay-opacity":"","overlay-gradient":""},"mobile":{"background-color":"var(--ast-global-color-5)","background-image":"","background-repeat":"repeat","background-position":"center center","background-size":"auto","background-attachment":"scroll","background-type":"","background-media":"","overlay-type":"","overlay-color":"","overlay-opacity":"","overlay-gradient":""}}},"product_brand":[199],"product_cat":[27,61,82],"product_tag":[],"class_list":{"0":"post-3312","1":"product","2":"type-product","3":"status-publish","4":"has-post-thumbnail","6":"product_brand-biologique-recherche","7":"product_cat-br","8":"product_cat-creams","9":"product_cat-eye-contour","10":"desktop-align-center","11":"tablet-align-center","12":"mobile-align-center","13":"ast-product-gallery-layout-vertical-slider","14":"ast-product-gallery-with-no-image","15":"ast-product-single-variable","16":"ast-product-tabs-layout-horizontal","17":"ast-qv-on-image","19":"first","20":"instock","21":"taxable","22":"shipping-taxable","23":"purchasable","24":"product-type-variable"},"uagb_featured_image_src":{"full":["https:\/\/ambassadebeaute.al\/wp-content\/uploads\/2023\/09\/Concealer-Gamme.webp",1024,1024,false],"thumbnail":["https:\/\/ambassadebeaute.al\/wp-content\/uploads\/2023\/09\/Concealer-Gamme-150x150.webp",150,150,true],"medium":["https:\/\/ambassadebeaute.al\/wp-content\/uploads\/2023\/09\/Concealer-Gamme-300x300.webp",300,300,true],"medium_large":["https:\/\/ambassadebeaute.al\/wp-content\/uploads\/2023\/09\/Concealer-Gamme-768x768.webp",768,768,true],"large":["https:\/\/ambassadebeaute.al\/wp-content\/uploads\/2023\/09\/Concealer-Gamme.webp",1024,1024,false],"1536x1536":["https:\/\/ambassadebeaute.al\/wp-content\/uploads\/2023\/09\/Concealer-Gamme.webp",1024,1024,false],"2048x2048":["https:\/\/ambassadebeaute.al\/wp-content\/uploads\/2023\/09\/Concealer-Gamme.webp",1024,1024,false],"trp-custom-language-flag":["https:\/\/ambassadebeaute.al\/wp-content\/uploads\/2023\/09\/Concealer-Gamme-12x12.webp",12,12,true],"woocommerce_thumbnail":["https:\/\/ambassadebeaute.al\/wp-content\/uploads\/2023\/09\/Concealer-Gamme-300x300.webp",300,300,true],"woocommerce_single":["https:\/\/ambassadebeaute.al\/wp-content\/uploads\/2023\/09\/Concealer-Gamme-600x600.webp",600,600,true],"woocommerce_gallery_thumbnail":["https:\/\/ambassadebeaute.al\/wp-content\/uploads\/2023\/09\/Concealer-Gamme-100x100.webp",100,100,true]},"uagb_author_info":{"display_name":"admin","author_link":"https:\/\/ambassadebeaute.al\/sq\/author\/"},"uagb_comment_info":0,"uagb_excerpt":"\u2022 ANTI DARK CIRCLES \u2022 ANTI PUFFINESS \u2022 SMOOTHING \u2022 PLUMPING Eye Care Concealer is a 2-in-1 solution for tired eyes. Its formula helps reduce the appearance of dark circles and puffiness while providing long lasting comfort. Plumping and smoothing active ingredients allow for a natural finish that won\u2019t accumulate in fine lines. With regular&hellip;","_links":{"self":[{"href":"https:\/\/ambassadebeaute.al\/sq\/wp-json\/wp\/v2\/product\/3312","targetHints":{"allow":["GET"]}}],"collection":[{"href":"https:\/\/ambassadebeaute.al\/sq\/wp-json\/wp\/v2\/product"}],"about":[{"href":"https:\/\/ambassadebeaute.al\/sq\/wp-json\/wp\/v2\/types\/product"}],"wp:featuredmedia":[{"embeddable":true,"href":"https:\/\/ambassadebeaute.al\/sq\/wp-json\/wp\/v2\/media\/3313"}],"wp:attachment":[{"href":"https:\/\/ambassadebeaute.al\/sq\/wp-json\/wp\/v2\/media?parent=3312"}],"wp:term":[{"taxonomy":"product_brand","embeddable":true,"href":"https:\/\/ambassadebeaute.al\/sq\/wp-json\/wp\/v2\/product_brand?post=3312"},{"taxonomy":"product_cat","embeddable":true,"href":"https:\/\/ambassadebeaute.al\/sq\/wp-json\/wp\/v2\/product_cat?post=3312"},{"taxonomy":"product_tag","embeddable":true,"href":"https:\/\/ambassadebeaute.al\/sq\/wp-json\/wp\/v2\/product_tag?post=3312"}],"curies":[{"name":"wp","href":"https:\/\/api.w.org\/{rel}","templated":true}]}}