{"id":3320,"date":"2023-09-10T01:15:34","date_gmt":"2023-09-10T01:15:34","guid":{"rendered":"https:\/\/ambassadebeaute.al\/?post_type=product&#038;p=3320"},"modified":"2026-04-08T20:23:48","modified_gmt":"2026-04-08T20:23:48","slug":"lait-dermo-s","status":"publish","type":"product","link":"https:\/\/ambassadebeaute.al\/sq\/shop\/br\/face\/cleansers\/lait-dermo-s\/","title":{"rendered":"LAIT DERMO-S"},"content":{"rendered":"<div id=\"pl-3320\" class=\"panel-layout\">\n<div id=\"pg-3320-0\" class=\"panel-grid panel-no-style\">\n<div id=\"pgc-3320-0-0\" class=\"panel-grid-cell\" data-weight=\"1\">\n<div id=\"panel-3320-0-0-0\" class=\"so-panel widget widget_sow-editor panel-first-child panel-last-child\" data-index=\"0\" data-style=\"{&quot;background_image_attachment&quot;:false,&quot;background_display&quot;:&quot;tile&quot;,&quot;background_image_size&quot;:&quot;full&quot;,&quot;border_thickness&quot;:&quot;1px&quot;}\">\n<div class=\"so-widget-sow-editor so-widget-sow-editor-base\">\n<div class=\"siteorigin-widget-tinymce textwidget\">\n<p>\u25aa Heq grimin pa shkaktuar<br \/>\nacarim<br \/>\n\u25aa Ruan funksionet epidermale<br \/>\n\u25aa Riparon barrier\u00ebn e l\u00ebkur\u00ebs<br \/>\n\u25aa Leht\u00ebson ndjesit\u00eb e parehatis\u00eb<br \/>\n\u25aa Redukton ndjesin\u00eb e shtr\u00ebngimit<\/p>\n<\/div>\n<\/div>\n<\/div>\n<\/div>\n<\/div>\n<\/div>","protected":false},"excerpt":{"rendered":"<p>Lait Dermo-S \u00ebsht\u00eb nj\u00eb pastrues i but\u00eb q\u00eb heq grimin dhe papast\u00ebrtit\u00eb pa kompromentuar mbrojtjen natyrale t\u00eb l\u00ebkur\u00ebs. Qet\u00ebson dhe qet\u00ebson l\u00ebkur\u00ebn, duke reduktuar efektet e stresor\u00ebve t\u00eb jasht\u00ebm dhe shqet\u00ebsimet nga pastrimi. Ndihmon gjithashtu n\u00eb balancimin e ndjeshm\u00ebris\u00eb dhe reaktivitetit t\u00eb l\u00ebkur\u00ebs, duke parandaluar irritimet, skuqjen dhe shtr\u00ebngimin. L\u00ebkura lihet e past\u00ebr, e hidratuar dhe e rehatshme. I p\u00ebrshtatsh\u00ebm p\u00ebr \u00e7astet e l\u00ebkur\u00ebs s\u00eb brisht\u00eb\u00a9.<\/p>","protected":false},"featured_media":3322,"template":"","meta":{"_uag_custom_page_level_css":"","site-sidebar-layout":"default","site-content-layout":"","ast-site-content-layout":"default","site-content-style":"default","site-sidebar-style":"default","ast-global-header-display":"","ast-banner-title-visibility":"","ast-main-header-display":"","ast-hfb-above-header-display":"","ast-hfb-below-header-display":"","ast-hfb-mobile-header-display":"","site-post-title":"","ast-breadcrumbs-content":"","ast-featured-img":"","footer-sml-layout":"","ast-disable-related-posts":"","theme-transparent-header-meta":"","adv-header-id-meta":"","stick-header-meta":"","header-above-stick-meta":"","header-main-stick-meta":"","header-below-stick-meta":"","astra-migrate-meta-layouts":"default","ast-page-background-enabled":"default","ast-page-background-meta":{"desktop":{"background-color":"var(--ast-global-color-4)","background-image":"","background-repeat":"repeat","background-position":"center center","background-size":"auto","background-attachment":"scroll","background-type":"","background-media":"","overlay-type":"","overlay-color":"","overlay-opacity":"","overlay-gradient":""},"tablet":{"background-color":"","background-image":"","background-repeat":"repeat","background-position":"center center","background-size":"auto","background-attachment":"scroll","background-type":"","background-media":"","overlay-type":"","overlay-color":"","overlay-opacity":"","overlay-gradient":""},"mobile":{"background-color":"","background-image":"","background-repeat":"repeat","background-position":"center center","background-size":"auto","background-attachment":"scroll","background-type":"","background-media":"","overlay-type":"","overlay-color":"","overlay-opacity":"","overlay-gradient":""}},"ast-content-background-meta":{"desktop":{"background-color":"var(--ast-global-color-5)","background-image":"","background-repeat":"repeat","background-position":"center center","background-size":"auto","background-attachment":"scroll","background-type":"","background-media":"","overlay-type":"","overlay-color":"","overlay-opacity":"","overlay-gradient":""},"tablet":{"background-color":"var(--ast-global-color-5)","background-image":"","background-repeat":"repeat","background-position":"center center","background-size":"auto","background-attachment":"scroll","background-type":"","background-media":"","overlay-type":"","overlay-color":"","overlay-opacity":"","overlay-gradient":""},"mobile":{"background-color":"var(--ast-global-color-5)","background-image":"","background-repeat":"repeat","background-position":"center center","background-size":"auto","background-attachment":"scroll","background-type":"","background-media":"","overlay-type":"","overlay-color":"","overlay-opacity":"","overlay-gradient":""}}},"product_brand":[199],"product_cat":[27,88,114],"product_tag":[],"class_list":{"0":"post-3320","1":"product","2":"type-product","3":"status-publish","4":"has-post-thumbnail","6":"product_brand-biologique-recherche","7":"product_cat-br","8":"product_cat-cleansers","9":"product_cat-face","10":"desktop-align-center","11":"tablet-align-center","12":"mobile-align-center","13":"ast-product-gallery-layout-vertical-slider","14":"ast-product-single-variable","15":"ast-product-tabs-layout-horizontal","16":"ast-qv-on-image","18":"first","19":"instock","20":"taxable","21":"shipping-taxable","22":"purchasable","23":"product-type-variable","24":"has-default-attributes"},"uagb_featured_image_src":{"full":["https:\/\/ambassadebeaute.al\/wp-content\/uploads\/2023\/09\/Lait_Dermo-S_150ml.webp",1024,1024,false],"thumbnail":["https:\/\/ambassadebeaute.al\/wp-content\/uploads\/2023\/09\/Lait_Dermo-S_150ml-150x150.webp",150,150,true],"medium":["https:\/\/ambassadebeaute.al\/wp-content\/uploads\/2023\/09\/Lait_Dermo-S_150ml-300x300.webp",300,300,true],"medium_large":["https:\/\/ambassadebeaute.al\/wp-content\/uploads\/2023\/09\/Lait_Dermo-S_150ml-768x768.webp",768,768,true],"large":["https:\/\/ambassadebeaute.al\/wp-content\/uploads\/2023\/09\/Lait_Dermo-S_150ml.webp",1024,1024,false],"1536x1536":["https:\/\/ambassadebeaute.al\/wp-content\/uploads\/2023\/09\/Lait_Dermo-S_150ml.webp",1024,1024,false],"2048x2048":["https:\/\/ambassadebeaute.al\/wp-content\/uploads\/2023\/09\/Lait_Dermo-S_150ml.webp",1024,1024,false],"trp-custom-language-flag":["https:\/\/ambassadebeaute.al\/wp-content\/uploads\/2023\/09\/Lait_Dermo-S_150ml-12x12.webp",12,12,true],"woocommerce_thumbnail":["https:\/\/ambassadebeaute.al\/wp-content\/uploads\/2023\/09\/Lait_Dermo-S_150ml-300x300.webp",300,300,true],"woocommerce_single":["https:\/\/ambassadebeaute.al\/wp-content\/uploads\/2023\/09\/Lait_Dermo-S_150ml-600x600.webp",600,600,true],"woocommerce_gallery_thumbnail":["https:\/\/ambassadebeaute.al\/wp-content\/uploads\/2023\/09\/Lait_Dermo-S_150ml-100x100.webp",100,100,true]},"uagb_author_info":{"display_name":"admin","author_link":"https:\/\/ambassadebeaute.al\/sq\/author\/"},"uagb_comment_info":0,"uagb_excerpt":"Lait Dermo-S is a gentle cleanser that removes makeup and impurities without compromising the skin's natural defenses. It calms and soothes the skin, reducing the effects of external stressors and discomfort from cleansing. It also helps to balance the skin's sensitivity and reactivity, preventing irritations, redness and tightness. The skin is left clean, moisturized and&hellip;","_links":{"self":[{"href":"https:\/\/ambassadebeaute.al\/sq\/wp-json\/wp\/v2\/product\/3320","targetHints":{"allow":["GET"]}}],"collection":[{"href":"https:\/\/ambassadebeaute.al\/sq\/wp-json\/wp\/v2\/product"}],"about":[{"href":"https:\/\/ambassadebeaute.al\/sq\/wp-json\/wp\/v2\/types\/product"}],"wp:featuredmedia":[{"embeddable":true,"href":"https:\/\/ambassadebeaute.al\/sq\/wp-json\/wp\/v2\/media\/3322"}],"wp:attachment":[{"href":"https:\/\/ambassadebeaute.al\/sq\/wp-json\/wp\/v2\/media?parent=3320"}],"wp:term":[{"taxonomy":"product_brand","embeddable":true,"href":"https:\/\/ambassadebeaute.al\/sq\/wp-json\/wp\/v2\/product_brand?post=3320"},{"taxonomy":"product_cat","embeddable":true,"href":"https:\/\/ambassadebeaute.al\/sq\/wp-json\/wp\/v2\/product_cat?post=3320"},{"taxonomy":"product_tag","embeddable":true,"href":"https:\/\/ambassadebeaute.al\/sq\/wp-json\/wp\/v2\/product_tag?post=3320"}],"curies":[{"name":"wp","href":"https:\/\/api.w.org\/{rel}","templated":true}]}}