{"id":3339,"date":"2023-09-10T17:39:45","date_gmt":"2023-09-10T17:39:45","guid":{"rendered":"https:\/\/ambassadebeaute.al\/?post_type=product&#038;p=3339"},"modified":"2026-04-08T20:23:48","modified_gmt":"2026-04-08T20:23:48","slug":"maske-haviar-vert","status":"publish","type":"product","link":"https:\/\/ambassadebeaute.al\/sq\/shop\/br\/face\/face-masks\/masque-caviar-vert\/","title":{"rendered":"Masque Caviar Vert"},"content":{"rendered":"<div id=\"pl-3339\" class=\"panel-layout\">\n<div id=\"pg-3339-0\" class=\"panel-grid panel-no-style\">\n<div id=\"pgc-3339-0-0\" class=\"panel-grid-cell\" data-weight=\"1\">\n<div id=\"panel-3339-0-0-0\" class=\"so-panel widget widget_sow-editor panel-first-child panel-last-child\" data-index=\"0\" data-style=\"{&quot;background_image_attachment&quot;:false,&quot;background_display&quot;:&quot;tile&quot;,&quot;background_image_size&quot;:&quot;full&quot;,&quot;border_thickness&quot;:&quot;1px&quot;}\">\n<div class=\"so-widget-sow-editor so-widget-sow-editor-base\">\n<div class=\"siteorigin-widget-tinymce textwidget\">\n<div>P\u00ebrfitimet:<\/div>\n<ul>\n<li>\n<div>Parandalon plakjen e l\u00ebkur\u00ebs<\/div>\n<\/li>\n<li>\n<div>Mbush dhe mbush rrudhat dhe linjat e holla<\/div>\n<\/li>\n<li>\n<div>Stimulon sintez\u00ebn e kolagjenit<\/div>\n<\/li>\n<li>\n<div>Rikthen vitalitetin e l\u00ebkur\u00ebs<\/div>\n<\/li>\n<li>\n<div>Shtr\u00ebngon l\u00ebkur\u00ebn<\/div>\n<\/li>\n<li>\n<div>Zbut tiparet e fytyr\u00ebs<\/div>\n<\/li>\n<\/ul>\n<\/div>\n<\/div>\n<\/div>\n<\/div>\n<\/div>\n<\/div>","protected":false},"excerpt":{"rendered":"<p>MASK\u00cb P\u00cbR FYTYR\u00cb KUND\u00cbR RRUDHA, ZBATUESE BIOCELULOZE.<br \/>\n\u2022 KUND\u00cbR RRUDH\u00cb \u2022 ZBUSH\u00cbS \u2022 SHTASHTIM<br \/>\nNj\u00eb p\u00ebrgjigje e menj\u00ebhershme ndaj shenjave luftarake t\u00eb plakjes s\u00eb l\u00ebkur\u00ebs, Masque Caviar Vert ka nj\u00eb efekt shtr\u00ebngues n\u00eb m\u00ebnyr\u00eb q\u00eb t\u00eb plot\u00ebsoj\u00eb rrudhat dhe linjat e holla t\u00eb fytyr\u00ebs. T\u00eb formuluara n\u00eb baz\u00eb t\u00eb segmentit Havjar jeshil dhe kolagjenit, ato s\u00eb bashku ndihmojn\u00eb n\u00eb tonifikimin e epiderm\u00ebs, duke p\u00ebrmir\u00ebsuar k\u00ebshtu pamjen e struktur\u00ebs s\u00eb l\u00ebkur\u00ebs. Rrudhat zbuten duksh\u00ebm, tiparet e fytyr\u00ebs shtr\u00ebngohen. N\u00eb afinitet t\u00eb p\u00ebrsosur me epiderm\u00ebn, duke siguruar nj\u00eb efekt &quot;l\u00ebkura e dyt\u00eb&quot;, p\u00eblhura bioceluloze \u00ebsht\u00eb e mbushur plot me p\u00ebrb\u00ebr\u00ebs aktiv\u00eb anti-rrudh\u00eb, zbut\u00ebs dhe shtr\u00ebngues p\u00ebr nj\u00eb rezultat t\u00eb papar\u00eb dhe t\u00eb menj\u00ebhersh\u00ebm.<\/p>","protected":false},"featured_media":3340,"template":"","meta":{"_uag_custom_page_level_css":"","site-sidebar-layout":"default","site-content-layout":"","ast-site-content-layout":"default","site-content-style":"default","site-sidebar-style":"default","ast-global-header-display":"","ast-banner-title-visibility":"","ast-main-header-display":"","ast-hfb-above-header-display":"","ast-hfb-below-header-display":"","ast-hfb-mobile-header-display":"","site-post-title":"","ast-breadcrumbs-content":"","ast-featured-img":"","footer-sml-layout":"","ast-disable-related-posts":"","theme-transparent-header-meta":"","adv-header-id-meta":"","stick-header-meta":"","header-above-stick-meta":"","header-main-stick-meta":"","header-below-stick-meta":"","astra-migrate-meta-layouts":"default","ast-page-background-enabled":"default","ast-page-background-meta":{"desktop":{"background-color":"var(--ast-global-color-4)","background-image":"","background-repeat":"repeat","background-position":"center center","background-size":"auto","background-attachment":"scroll","background-type":"","background-media":"","overlay-type":"","overlay-color":"","overlay-opacity":"","overlay-gradient":""},"tablet":{"background-color":"","background-image":"","background-repeat":"repeat","background-position":"center center","background-size":"auto","background-attachment":"scroll","background-type":"","background-media":"","overlay-type":"","overlay-color":"","overlay-opacity":"","overlay-gradient":""},"mobile":{"background-color":"","background-image":"","background-repeat":"repeat","background-position":"center center","background-size":"auto","background-attachment":"scroll","background-type":"","background-media":"","overlay-type":"","overlay-color":"","overlay-opacity":"","overlay-gradient":""}},"ast-content-background-meta":{"desktop":{"background-color":"var(--ast-global-color-5)","background-image":"","background-repeat":"repeat","background-position":"center center","background-size":"auto","background-attachment":"scroll","background-type":"","background-media":"","overlay-type":"","overlay-color":"","overlay-opacity":"","overlay-gradient":""},"tablet":{"background-color":"var(--ast-global-color-5)","background-image":"","background-repeat":"repeat","background-position":"center center","background-size":"auto","background-attachment":"scroll","background-type":"","background-media":"","overlay-type":"","overlay-color":"","overlay-opacity":"","overlay-gradient":""},"mobile":{"background-color":"var(--ast-global-color-5)","background-image":"","background-repeat":"repeat","background-position":"center center","background-size":"auto","background-attachment":"scroll","background-type":"","background-media":"","overlay-type":"","overlay-color":"","overlay-opacity":"","overlay-gradient":""}}},"product_brand":[199],"product_cat":[27,58],"product_tag":[],"class_list":{"0":"post-3339","1":"product","2":"type-product","3":"status-publish","4":"has-post-thumbnail","6":"product_brand-biologique-recherche","7":"product_cat-br","8":"product_cat-face-masks","9":"desktop-align-center","10":"tablet-align-center","11":"mobile-align-center","12":"ast-product-gallery-layout-vertical-slider","13":"ast-product-gallery-with-no-image","14":"ast-product-tabs-layout-horizontal","15":"ast-qv-on-image","17":"first","18":"instock","19":"taxable","20":"shipping-taxable","21":"purchasable","22":"product-type-simple"},"uagb_featured_image_src":{"full":["https:\/\/ambassadebeaute.al\/wp-content\/uploads\/2023\/09\/MasqueCaviarVert.webp",1024,1024,false],"thumbnail":["https:\/\/ambassadebeaute.al\/wp-content\/uploads\/2023\/09\/MasqueCaviarVert-150x150.webp",150,150,true],"medium":["https:\/\/ambassadebeaute.al\/wp-content\/uploads\/2023\/09\/MasqueCaviarVert-300x300.webp",300,300,true],"medium_large":["https:\/\/ambassadebeaute.al\/wp-content\/uploads\/2023\/09\/MasqueCaviarVert-768x768.webp",768,768,true],"large":["https:\/\/ambassadebeaute.al\/wp-content\/uploads\/2023\/09\/MasqueCaviarVert.webp",1024,1024,false],"1536x1536":["https:\/\/ambassadebeaute.al\/wp-content\/uploads\/2023\/09\/MasqueCaviarVert.webp",1024,1024,false],"2048x2048":["https:\/\/ambassadebeaute.al\/wp-content\/uploads\/2023\/09\/MasqueCaviarVert.webp",1024,1024,false],"trp-custom-language-flag":["https:\/\/ambassadebeaute.al\/wp-content\/uploads\/2023\/09\/MasqueCaviarVert-12x12.webp",12,12,true],"woocommerce_thumbnail":["https:\/\/ambassadebeaute.al\/wp-content\/uploads\/2023\/09\/MasqueCaviarVert-300x300.webp",300,300,true],"woocommerce_single":["https:\/\/ambassadebeaute.al\/wp-content\/uploads\/2023\/09\/MasqueCaviarVert-600x600.webp",600,600,true],"woocommerce_gallery_thumbnail":["https:\/\/ambassadebeaute.al\/wp-content\/uploads\/2023\/09\/MasqueCaviarVert-100x100.webp",100,100,true]},"uagb_author_info":{"display_name":"admin","author_link":"https:\/\/ambassadebeaute.al\/sq\/author\/"},"uagb_comment_info":0,"uagb_excerpt":"ANTI-WRINKLE, SMOOTHING BIOCELLULOSE MASK FOR FACE. \u2022 ANTI WRINKLE \u2022 SMOOTHING \u2022 TAUTENING An immediate response to combat signs of cutaneous aging, Masque Caviar Vert has a tightening effect in order to plump up the wrinkles and fine lines of the face. Formulated based on Green Caviar and Collagen segment, they jointly help tone the&hellip;","_links":{"self":[{"href":"https:\/\/ambassadebeaute.al\/sq\/wp-json\/wp\/v2\/product\/3339","targetHints":{"allow":["GET"]}}],"collection":[{"href":"https:\/\/ambassadebeaute.al\/sq\/wp-json\/wp\/v2\/product"}],"about":[{"href":"https:\/\/ambassadebeaute.al\/sq\/wp-json\/wp\/v2\/types\/product"}],"wp:featuredmedia":[{"embeddable":true,"href":"https:\/\/ambassadebeaute.al\/sq\/wp-json\/wp\/v2\/media\/3340"}],"wp:attachment":[{"href":"https:\/\/ambassadebeaute.al\/sq\/wp-json\/wp\/v2\/media?parent=3339"}],"wp:term":[{"taxonomy":"product_brand","embeddable":true,"href":"https:\/\/ambassadebeaute.al\/sq\/wp-json\/wp\/v2\/product_brand?post=3339"},{"taxonomy":"product_cat","embeddable":true,"href":"https:\/\/ambassadebeaute.al\/sq\/wp-json\/wp\/v2\/product_cat?post=3339"},{"taxonomy":"product_tag","embeddable":true,"href":"https:\/\/ambassadebeaute.al\/sq\/wp-json\/wp\/v2\/product_tag?post=3339"}],"curies":[{"name":"wp","href":"https:\/\/api.w.org\/{rel}","templated":true}]}}