{"id":3490,"date":"2024-06-08T15:12:53","date_gmt":"2024-06-08T15:12:53","guid":{"rendered":"https:\/\/ambassadebeaute.al\/?post_type=product&#038;p=3490"},"modified":"2026-04-08T20:23:48","modified_gmt":"2026-04-08T20:23:48","slug":"serum-progeskin-authentique","status":"publish","type":"product","link":"https:\/\/ambassadebeaute.al\/sq\/shop\/br\/face\/quintessential-serums\/progeskin-serum-authentique\/","title":{"rendered":"Serum Progeskin Authentique"},"content":{"rendered":"<p>P\u00ebrjetoni fuqin\u00eb transformuese t\u00eb Serumit Progeskin, nj\u00eb formul\u00eb luksoze e krijuar p\u00ebr t\u00eb zbuluar nj\u00eb dukje duksh\u00ebm m\u00eb t\u00eb re dhe m\u00eb t\u00eb sh\u00ebndetsh\u00ebme. Ky serum inovativ kombinon p\u00ebrb\u00ebr\u00ebs t\u00eb avancuar p\u00ebr t\u00eb dh\u00ebn\u00eb rezultate t\u00eb dukshme:<\/p>\n<ul>\n<li>Rrezatimi rinor: Serumi Progeskin ju ndihmon t\u00eb arrini nj\u00eb \u00e7ehre rrezatuese dhe t\u00eb rigjall\u00ebruar, duke zvog\u00ebluar pamjen e lodhjes dhe duke promovuar nj\u00eb shk\u00eblqim t\u00eb sh\u00ebndetsh\u00ebm dhe rinor.<\/li>\n<li>Fort\u00ebsi dhe elasticitet i shtuar: Kjo formul\u00eb ndihmon p\u00ebr t\u00eb forcuar dhe shtr\u00ebnguar l\u00ebkur\u00ebn tuaj, duke reduktuar shfaqjen e rrudhave dhe linjave t\u00eb imta. Konturet tuaja t\u00eb fytyr\u00ebs do t\u00eb duken m\u00eb t\u00eb l\u00ebmuara dhe m\u00eb t\u00eb skalitura.<\/li>\n<li>Mb\u00ebshtet jet\u00ebgjat\u00ebsin\u00eb qelizore: Serumi Progeskin mund t\u00eb ndihmoj\u00eb n\u00eb vonimin e shenjave t\u00eb dukshme t\u00eb plakjes duke promovuar funksionin e sh\u00ebndetsh\u00ebm t\u00eb qelizave.<\/li>\n<li>Hidratim dhe rigjenerim i thell\u00eb: Ky serum siguron lag\u00ebshti thelb\u00ebsore dhe mb\u00ebshtet procesin e rigjenerimit natyral t\u00eb l\u00ebkur\u00ebs, duke e l\u00ebn\u00eb at\u00eb t\u00eb ndjehet e sh\u00ebndosh\u00eb, elastike dhe rinore.<\/li>\n<\/ul>","protected":false},"excerpt":{"rendered":"<h2>SERUM PROGESKIN: ZBULONI SEKRETIN P\u00cbR NJ\u00cb RIP\u00cbRTRIRJE<\/h2>\n<p>P\u00ebrjetoni fuqin\u00eb transformuese t\u00eb Serumit Progeskin, nj\u00eb formul\u00eb luksoze e krijuar p\u00ebr t\u00eb zbuluar nj\u00eb dukje duksh\u00ebm m\u00eb t\u00eb re dhe m\u00eb t\u00eb sh\u00ebndetsh\u00ebme. Ky serum inovativ kombinon p\u00ebrb\u00ebr\u00ebs t\u00eb avancuar p\u00ebr t\u00eb dh\u00ebn\u00eb rezultate t\u00eb dukshme:<\/p>\n<ul>\n<li>Rrezatimi rinor: Serumi Progeskin ju ndihmon t\u00eb arrini nj\u00eb \u00e7ehre rrezatuese dhe t\u00eb rigjall\u00ebruar, duke zvog\u00ebluar pamjen e lodhjes dhe duke promovuar nj\u00eb shk\u00eblqim t\u00eb sh\u00ebndetsh\u00ebm dhe rinor.<\/li>\n<li>Fort\u00ebsi dhe elasticitet i shtuar: Kjo formul\u00eb ndihmon p\u00ebr t\u00eb forcuar dhe shtr\u00ebnguar l\u00ebkur\u00ebn tuaj, duke reduktuar shfaqjen e rrudhave dhe linjave t\u00eb imta. Konturet tuaja t\u00eb fytyr\u00ebs do t\u00eb duken m\u00eb t\u00eb l\u00ebmuara dhe m\u00eb t\u00eb skalitura.<\/li>\n<li>Hidratim i thell\u00eb: Serumi Progeskin siguron lag\u00ebshti thelb\u00ebsore p\u00ebr l\u00ebkur\u00ebn tuaj, duke e l\u00ebn\u00eb at\u00eb t\u00eb ndjehet e sh\u00ebndosh\u00eb, elastike dhe e fresk\u00ebt.<\/li>\n<\/ul>\n<h3>ZBLOKONI BUKURIN\u00cb TUAJ T\u00cb BRENDSHME:<\/h3>\n<p>K\u00ebnaquni me tekstur\u00ebn luksoze t\u00eb Serumit Progeskin dhe rizbuloni vet\u00ebbesimin q\u00eb vjen me l\u00ebkur\u00eb rrezatuese dhe me pamje rinore.<\/p>\n<h3>SI PUNON:<\/h3>\n<p>Serumi Progeskin \u00ebsht\u00eb formuluar me nj\u00eb p\u00ebrzierje unike p\u00ebrb\u00ebr\u00ebsish q\u00eb funksionojn\u00eb n\u00eb m\u00ebnyr\u00eb sinergjike p\u00ebr t\u00eb mb\u00ebshtetur procesin e rinovimit natyral t\u00eb l\u00ebkur\u00ebs tuaj.<\/p>","protected":false},"featured_media":3491,"template":"","meta":{"_uag_custom_page_level_css":"","site-sidebar-layout":"default","site-content-layout":"","ast-site-content-layout":"default","site-content-style":"default","site-sidebar-style":"default","ast-global-header-display":"","ast-banner-title-visibility":"","ast-main-header-display":"","ast-hfb-above-header-display":"","ast-hfb-below-header-display":"","ast-hfb-mobile-header-display":"","site-post-title":"","ast-breadcrumbs-content":"","ast-featured-img":"","footer-sml-layout":"","ast-disable-related-posts":"","theme-transparent-header-meta":"","adv-header-id-meta":"","stick-header-meta":"","header-above-stick-meta":"","header-main-stick-meta":"","header-below-stick-meta":"","astra-migrate-meta-layouts":"default","ast-page-background-enabled":"default","ast-page-background-meta":{"desktop":{"background-color":"var(--ast-global-color-4)","background-image":"","background-repeat":"repeat","background-position":"center center","background-size":"auto","background-attachment":"scroll","background-type":"","background-media":"","overlay-type":"","overlay-color":"","overlay-opacity":"","overlay-gradient":""},"tablet":{"background-color":"","background-image":"","background-repeat":"repeat","background-position":"center center","background-size":"auto","background-attachment":"scroll","background-type":"","background-media":"","overlay-type":"","overlay-color":"","overlay-opacity":"","overlay-gradient":""},"mobile":{"background-color":"","background-image":"","background-repeat":"repeat","background-position":"center center","background-size":"auto","background-attachment":"scroll","background-type":"","background-media":"","overlay-type":"","overlay-color":"","overlay-opacity":"","overlay-gradient":""}},"ast-content-background-meta":{"desktop":{"background-color":"var(--ast-global-color-5)","background-image":"","background-repeat":"repeat","background-position":"center center","background-size":"auto","background-attachment":"scroll","background-type":"","background-media":"","overlay-type":"","overlay-color":"","overlay-opacity":"","overlay-gradient":""},"tablet":{"background-color":"var(--ast-global-color-5)","background-image":"","background-repeat":"repeat","background-position":"center center","background-size":"auto","background-attachment":"scroll","background-type":"","background-media":"","overlay-type":"","overlay-color":"","overlay-opacity":"","overlay-gradient":""},"mobile":{"background-color":"var(--ast-global-color-5)","background-image":"","background-repeat":"repeat","background-position":"center center","background-size":"auto","background-attachment":"scroll","background-type":"","background-media":"","overlay-type":"","overlay-color":"","overlay-opacity":"","overlay-gradient":""}}},"product_brand":[199],"product_cat":[27,92],"product_tag":[],"class_list":{"0":"post-3490","1":"product","2":"type-product","3":"status-publish","4":"has-post-thumbnail","6":"product_brand-biologique-recherche","7":"product_cat-br","8":"product_cat-quintessential-serums","9":"desktop-align-center","10":"tablet-align-center","11":"mobile-align-center","12":"ast-product-gallery-layout-vertical-slider","13":"ast-product-gallery-with-no-image","14":"ast-product-single-variable","15":"ast-product-tabs-layout-horizontal","16":"ast-qv-on-image","18":"first","19":"instock","20":"taxable","21":"shipping-taxable","22":"purchasable","23":"product-type-variable","24":"has-default-attributes"},"uagb_featured_image_src":{"full":["https:\/\/ambassadebeaute.al\/wp-content\/uploads\/2024\/06\/PROGESKIN.webp",1080,1080,false],"thumbnail":["https:\/\/ambassadebeaute.al\/wp-content\/uploads\/2024\/06\/PROGESKIN-150x150.webp",150,150,true],"medium":["https:\/\/ambassadebeaute.al\/wp-content\/uploads\/2024\/06\/PROGESKIN-300x300.webp",300,300,true],"medium_large":["https:\/\/ambassadebeaute.al\/wp-content\/uploads\/2024\/06\/PROGESKIN-768x768.webp",768,768,true],"large":["https:\/\/ambassadebeaute.al\/wp-content\/uploads\/2024\/06\/PROGESKIN-1024x1024.webp",1024,1024,true],"1536x1536":["https:\/\/ambassadebeaute.al\/wp-content\/uploads\/2024\/06\/PROGESKIN.webp",1080,1080,false],"2048x2048":["https:\/\/ambassadebeaute.al\/wp-content\/uploads\/2024\/06\/PROGESKIN.webp",1080,1080,false],"trp-custom-language-flag":["https:\/\/ambassadebeaute.al\/wp-content\/uploads\/2024\/06\/PROGESKIN-12x12.webp",12,12,true],"woocommerce_thumbnail":["https:\/\/ambassadebeaute.al\/wp-content\/uploads\/2024\/06\/PROGESKIN-300x300.webp",300,300,true],"woocommerce_single":["https:\/\/ambassadebeaute.al\/wp-content\/uploads\/2024\/06\/PROGESKIN-600x600.webp",600,600,true],"woocommerce_gallery_thumbnail":["https:\/\/ambassadebeaute.al\/wp-content\/uploads\/2024\/06\/PROGESKIN-100x100.webp",100,100,true]},"uagb_author_info":{"display_name":"admin","author_link":"https:\/\/ambassadebeaute.al\/sq\/author\/"},"uagb_comment_info":0,"uagb_excerpt":"PROGESKIN SERUM: DISCOVER THE SECRET TO A RENEWED YOU Experience the transformative power of Progeskin Serum, a luxurious formula designed to unveil a visibly younger and healthier you. This innovative serum combines advanced ingredients to deliver noticeable results: Youthful Radiance: Progeskin Serum helps you achieve a radiant and revitalized complexion, diminishing the appearance of fatigue&hellip;","_links":{"self":[{"href":"https:\/\/ambassadebeaute.al\/sq\/wp-json\/wp\/v2\/product\/3490","targetHints":{"allow":["GET"]}}],"collection":[{"href":"https:\/\/ambassadebeaute.al\/sq\/wp-json\/wp\/v2\/product"}],"about":[{"href":"https:\/\/ambassadebeaute.al\/sq\/wp-json\/wp\/v2\/types\/product"}],"wp:featuredmedia":[{"embeddable":true,"href":"https:\/\/ambassadebeaute.al\/sq\/wp-json\/wp\/v2\/media\/3491"}],"wp:attachment":[{"href":"https:\/\/ambassadebeaute.al\/sq\/wp-json\/wp\/v2\/media?parent=3490"}],"wp:term":[{"taxonomy":"product_brand","embeddable":true,"href":"https:\/\/ambassadebeaute.al\/sq\/wp-json\/wp\/v2\/product_brand?post=3490"},{"taxonomy":"product_cat","embeddable":true,"href":"https:\/\/ambassadebeaute.al\/sq\/wp-json\/wp\/v2\/product_cat?post=3490"},{"taxonomy":"product_tag","embeddable":true,"href":"https:\/\/ambassadebeaute.al\/sq\/wp-json\/wp\/v2\/product_tag?post=3490"}],"curies":[{"name":"wp","href":"https:\/\/api.w.org\/{rel}","templated":true}]}}