{"id":3497,"date":"2025-02-23T18:54:53","date_gmt":"2025-02-23T18:54:53","guid":{"rendered":"https:\/\/ambassadebeaute.al\/?post_type=product&#038;p=3497"},"modified":"2026-04-08T20:23:48","modified_gmt":"2026-04-08T20:23:48","slug":"ngritje-bustesh-3d","status":"publish","type":"product","link":"https:\/\/ambassadebeaute.al\/sq\/shop\/br\/body-products\/body-oils-treatments\/lift-buste-3d\/","title":{"rendered":"NGREHJE BUST\u00cb 3D"},"content":{"rendered":"<h2>LIFT BUSTE 3D: VEPRIMET E SYNUARA P\u00cbR NJ\u00cb PAMJE T\u00cb SKULPUTUAR<\/h2>\n<p>Ky serum inovativ kombinon nj\u00eb p\u00ebrzierje p\u00ebrb\u00ebr\u00ebsish t\u00eb krijuar posa\u00e7\u00ebrisht p\u00ebr t\u00eb p\u00ebrmir\u00ebsuar pamjen e gjoksit dhe vitheve tuaja:<\/p>\n<ul>\n<li>Forcim dhe tonifikim i l\u00ebkur\u00ebs: LIFT BUSTE 3D mund t\u00eb p\u00ebrmbaj\u00eb p\u00ebrb\u00ebr\u00ebs q\u00eb ndihmojn\u00eb n\u00eb shtr\u00ebngimin dhe forcimin e indeve mb\u00ebshtet\u00ebse t\u00eb l\u00ebkur\u00ebs, duke nxitur nj\u00eb pamje t\u00eb ngritur dhe m\u00eb t\u00eb skalitur.<\/li>\n<li>Rritje e v\u00ebllimit: Disa p\u00ebrb\u00ebr\u00ebs mund t\u00eb nxisin prodhimin e kolagjenit dhe elastin\u00ebs, t\u00eb cilat kontribuojn\u00eb n\u00eb nj\u00eb pamje m\u00eb t\u00eb plot\u00eb dhe m\u00eb t\u00eb plot\u00eb.<\/li>\n<li>Hidratim i p\u00ebrmir\u00ebsuar: Formula mund t&#039;i ofroj\u00eb l\u00ebkur\u00ebs lag\u00ebshti thelb\u00ebsore, duke e l\u00ebn\u00eb at\u00eb t\u00eb ndihet m\u00eb e l\u00ebmuar dhe m\u00eb elastike.<\/li>\n<\/ul>\n<h3>SI PUNON:<\/h3>\n<p>Veprimet specifike t\u00eb LIFT BUSTE 3D varen nga p\u00ebrb\u00ebr\u00ebsit e p\u00ebrdorur n\u00eb formul\u00eb. Megjithat\u00eb, ka t\u00eb ngjar\u00eb t\u00eb synoj\u00eb zonat e m\u00ebposhtme:<\/p>\n<ul>\n<li>Mb\u00ebshtetja e Struktur\u00ebs s\u00eb L\u00ebkur\u00ebs: P\u00ebrb\u00ebr\u00ebsit mund t\u00eb funksionojn\u00eb p\u00ebr t\u00eb mb\u00ebshtetur rrjetin natyror t\u00eb kolagjenit dhe elastin\u00ebs s\u00eb l\u00ebkur\u00ebs, duke ofruar nj\u00eb efekt lifting.<\/li>\n<li>Rritje e hidratimit: P\u00ebrb\u00ebr\u00ebsit hidratues mund t\u00eb ndihmojn\u00eb n\u00eb fryrjen e l\u00ebkur\u00ebs dhe p\u00ebrmir\u00ebsimin e pamjes s\u00eb saj t\u00eb p\u00ebrgjithshme.<\/li>\n<li>Elasticitet i shtuar: Formula mund t\u00eb p\u00ebrmir\u00ebsoj\u00eb elasticitetin e l\u00ebkur\u00ebs, duke nxitur nj\u00eb pamje m\u00eb t\u00eb l\u00ebmuar dhe m\u00eb rinore.<\/li>\n<\/ul>\n<p class=\"disclaimer\">Mohim p\u00ebrgjegj\u00ebsie:** \u00cbsht\u00eb e r\u00ebnd\u00ebsishme t\u00eb theksohet se serumet topike kan\u00eb kufizime. Nd\u00ebrsa ato mund t\u00eb p\u00ebrmir\u00ebsojn\u00eb pamjen e l\u00ebkur\u00ebs, ato mund t\u00eb mos arrijn\u00eb ndryshime dramatike ose t\u00eb p\u00ebrhershme n\u00eb madh\u00ebsin\u00eb e gjoksit ose t\u00eb vitheve.<\/p>\n<h3>KONSIDERATA SHTES\u00cb:<\/h3>\n<p>P\u00ebr nj\u00eb pamje m\u00eb t\u00eb skalitur, merrni n\u00eb konsiderat\u00eb kombinimin e LIFT BUSTE 3D me nj\u00eb diet\u00eb t\u00eb sh\u00ebndetshme dhe ushtrime t\u00eb rregullta q\u00eb synojn\u00eb muskujt e gjoksit dhe gluteus.<\/p>","protected":false},"excerpt":{"rendered":"<p>Rip\u00ebrt\u00ebrini dhe P\u00ebrmir\u00ebsoni P\u00ebrjetoni fuqin\u00eb transformuese t\u00eb LIFT BUSTE 3D, nj\u00eb serum i synuar i projektuar p\u00ebr t\u00eb p\u00ebrmir\u00ebsuar duksh\u00ebm pamjen e gjoksit dhe vitheve tuaja. Kjo formul\u00eb inovative kombinon nj\u00eb p\u00ebrzierje t\u00eb fuqishme p\u00ebrb\u00ebr\u00ebsish aktiv\u00eb p\u00ebr t\u00eb dh\u00ebn\u00eb rezultate t\u00eb dukshme: Ristrukturimi: LIFT BUSTE 3D punon p\u00ebr t\u00eb forcuar dhe tonifikuar l\u00ebkur\u00ebn, duke promovuar nj\u00eb pamje m\u00eb t\u00eb l\u00ebmuar dhe m\u00eb t\u00eb skalitur. Shtimi: Ky serum ndihmon n\u00eb rritjen e v\u00ebllimit dhe p\u00ebrkufizimit, duke krijuar nj\u00eb siluet\u00eb m\u00eb t\u00eb ngritur dhe rinore. Ushqyes dhe Hidratues: LIFT BUSTE 3D ofron l\u00ebnd\u00eb ushqyese dhe hidratim thelb\u00ebsor, duke e l\u00ebn\u00eb l\u00ebkur\u00ebn t\u00eb ndihet e but\u00eb, elastike dhe e rigjall\u00ebruar. I p\u00ebrshtatsh\u00ebm p\u00ebr t\u00eb gjitha llojet e l\u00ebkur\u00ebs: Kjo formul\u00eb e but\u00eb por efektive \u00ebsht\u00eb e p\u00ebrshtatshme p\u00ebr t\u00eb gjitha llojet e l\u00ebkur\u00ebs. P\u00ebrjetoni Diferenc\u00ebn: K\u00ebnaquni me tekstur\u00ebn luksoze t\u00eb LIFT BUSTE 3D dhe rizbuloni nj\u00eb ndjenj\u00eb besimi n\u00eb format tuaja t\u00eb bukura.<\/p>","protected":false},"featured_media":3498,"template":"","meta":{"_uag_custom_page_level_css":"","site-sidebar-layout":"default","site-content-layout":"","ast-site-content-layout":"default","site-content-style":"default","site-sidebar-style":"default","ast-global-header-display":"","ast-banner-title-visibility":"","ast-main-header-display":"","ast-hfb-above-header-display":"","ast-hfb-below-header-display":"","ast-hfb-mobile-header-display":"","site-post-title":"","ast-breadcrumbs-content":"","ast-featured-img":"","footer-sml-layout":"","ast-disable-related-posts":"","theme-transparent-header-meta":"","adv-header-id-meta":"","stick-header-meta":"","header-above-stick-meta":"","header-main-stick-meta":"","header-below-stick-meta":"","astra-migrate-meta-layouts":"default","ast-page-background-enabled":"default","ast-page-background-meta":{"desktop":{"background-color":"var(--ast-global-color-4)","background-image":"","background-repeat":"repeat","background-position":"center center","background-size":"auto","background-attachment":"scroll","background-type":"","background-media":"","overlay-type":"","overlay-color":"","overlay-opacity":"","overlay-gradient":""},"tablet":{"background-color":"","background-image":"","background-repeat":"repeat","background-position":"center center","background-size":"auto","background-attachment":"scroll","background-type":"","background-media":"","overlay-type":"","overlay-color":"","overlay-opacity":"","overlay-gradient":""},"mobile":{"background-color":"","background-image":"","background-repeat":"repeat","background-position":"center center","background-size":"auto","background-attachment":"scroll","background-type":"","background-media":"","overlay-type":"","overlay-color":"","overlay-opacity":"","overlay-gradient":""}},"ast-content-background-meta":{"desktop":{"background-color":"var(--ast-global-color-5)","background-image":"","background-repeat":"repeat","background-position":"center center","background-size":"auto","background-attachment":"scroll","background-type":"","background-media":"","overlay-type":"","overlay-color":"","overlay-opacity":"","overlay-gradient":""},"tablet":{"background-color":"var(--ast-global-color-5)","background-image":"","background-repeat":"repeat","background-position":"center center","background-size":"auto","background-attachment":"scroll","background-type":"","background-media":"","overlay-type":"","overlay-color":"","overlay-opacity":"","overlay-gradient":""},"mobile":{"background-color":"var(--ast-global-color-5)","background-image":"","background-repeat":"repeat","background-position":"center center","background-size":"auto","background-attachment":"scroll","background-type":"","background-media":"","overlay-type":"","overlay-color":"","overlay-opacity":"","overlay-gradient":""}}},"product_brand":[199],"product_cat":[27,70,131],"product_tag":[],"class_list":{"0":"post-3497","1":"product","2":"type-product","3":"status-publish","4":"has-post-thumbnail","6":"product_brand-biologique-recherche","7":"product_cat-br","8":"product_cat-body-oils-treatments","9":"product_cat-body-products","10":"desktop-align-center","11":"tablet-align-center","12":"mobile-align-center","13":"ast-product-gallery-layout-vertical-slider","14":"ast-product-gallery-with-no-image","15":"ast-product-tabs-layout-horizontal","16":"ast-qv-on-image","18":"first","19":"instock","20":"taxable","21":"shipping-taxable","22":"purchasable","23":"product-type-simple"},"uagb_featured_image_src":{"full":["https:\/\/ambassadebeaute.al\/wp-content\/uploads\/2024\/06\/LiftBuste3DTexture.webp",1024,1024,false],"thumbnail":["https:\/\/ambassadebeaute.al\/wp-content\/uploads\/2024\/06\/LiftBuste3DTexture-150x150.webp",150,150,true],"medium":["https:\/\/ambassadebeaute.al\/wp-content\/uploads\/2024\/06\/LiftBuste3DTexture-300x300.webp",300,300,true],"medium_large":["https:\/\/ambassadebeaute.al\/wp-content\/uploads\/2024\/06\/LiftBuste3DTexture-768x768.webp",768,768,true],"large":["https:\/\/ambassadebeaute.al\/wp-content\/uploads\/2024\/06\/LiftBuste3DTexture.webp",1024,1024,false],"1536x1536":["https:\/\/ambassadebeaute.al\/wp-content\/uploads\/2024\/06\/LiftBuste3DTexture.webp",1024,1024,false],"2048x2048":["https:\/\/ambassadebeaute.al\/wp-content\/uploads\/2024\/06\/LiftBuste3DTexture.webp",1024,1024,false],"trp-custom-language-flag":["https:\/\/ambassadebeaute.al\/wp-content\/uploads\/2024\/06\/LiftBuste3DTexture-12x12.webp",12,12,true],"woocommerce_thumbnail":["https:\/\/ambassadebeaute.al\/wp-content\/uploads\/2024\/06\/LiftBuste3DTexture-300x300.webp",300,300,true],"woocommerce_single":["https:\/\/ambassadebeaute.al\/wp-content\/uploads\/2024\/06\/LiftBuste3DTexture-600x600.webp",600,600,true],"woocommerce_gallery_thumbnail":["https:\/\/ambassadebeaute.al\/wp-content\/uploads\/2024\/06\/LiftBuste3DTexture-100x100.webp",100,100,true]},"uagb_author_info":{"display_name":"admin","author_link":"https:\/\/ambassadebeaute.al\/sq\/author\/"},"uagb_comment_info":0,"uagb_excerpt":"Rejuvenate and Refine Experience the transformative power of LIFT BUSTE 3D, a targeted serum designed to visibly enhance the appearance of your bust and buttocks. This innovative formula combines a powerful blend of active ingredients to deliver noticeable results: Resculpting: LIFT BUSTE 3D works to firm and tone the skin, promoting a smoother, more sculpted&hellip;","_links":{"self":[{"href":"https:\/\/ambassadebeaute.al\/sq\/wp-json\/wp\/v2\/product\/3497","targetHints":{"allow":["GET"]}}],"collection":[{"href":"https:\/\/ambassadebeaute.al\/sq\/wp-json\/wp\/v2\/product"}],"about":[{"href":"https:\/\/ambassadebeaute.al\/sq\/wp-json\/wp\/v2\/types\/product"}],"wp:featuredmedia":[{"embeddable":true,"href":"https:\/\/ambassadebeaute.al\/sq\/wp-json\/wp\/v2\/media\/3498"}],"wp:attachment":[{"href":"https:\/\/ambassadebeaute.al\/sq\/wp-json\/wp\/v2\/media?parent=3497"}],"wp:term":[{"taxonomy":"product_brand","embeddable":true,"href":"https:\/\/ambassadebeaute.al\/sq\/wp-json\/wp\/v2\/product_brand?post=3497"},{"taxonomy":"product_cat","embeddable":true,"href":"https:\/\/ambassadebeaute.al\/sq\/wp-json\/wp\/v2\/product_cat?post=3497"},{"taxonomy":"product_tag","embeddable":true,"href":"https:\/\/ambassadebeaute.al\/sq\/wp-json\/wp\/v2\/product_tag?post=3497"}],"curies":[{"name":"wp","href":"https:\/\/api.w.org\/{rel}","templated":true}]}}