{"id":3686,"date":"2025-02-23T19:12:27","date_gmt":"2025-02-23T19:12:27","guid":{"rendered":"https:\/\/ambassadebeaute.al\/?post_type=product&#038;p=3686"},"modified":"2026-04-08T20:23:48","modified_gmt":"2026-04-08T20:23:48","slug":"serum-i-dyfishte-per-qerpike-nga-ekspertet-e-syve-vetulla","status":"publish","type":"product","link":"https:\/\/ambassadebeaute.al\/sq\/shop\/br\/face\/eye-contour\/expert-eyes-double-serum-eyelashes-eyebrows\/","title":{"rendered":"Serum i dyfisht\u00eb Expert Eyes \u2013 Qerpik\u00eb dhe vetulla"},"content":{"rendered":"<div id=\"pl-3686\"  class=\"panel-layout\" >\n<div id=\"pg-3686-0\"  class=\"panel-grid panel-no-style\"  style=\"margin-bottom: 30px\" >\n<div id=\"pgc-3686-0-0\"  class=\"panel-grid-cell\"  data-weight=\"1\" >\n<div id=\"panel-3686-0-0-0\" class=\"so-panel widget widget_sow-editor panel-first-child panel-last-child\" data-index=\"0\" data-style=\"{&quot;background_image_attachment&quot;:false,&quot;background_display&quot;:&quot;tile&quot;,&quot;background_image_size&quot;:&quot;full&quot;,&quot;background_image_opacity&quot;:&quot;100&quot;,&quot;border_thickness&quot;:&quot;1px&quot;}\" >\n<div\n\t\t\t\n\t\t\tclass=\"so-widget-sow-editor so-widget-sow-editor-base\"\n\t\t\t\n\t\t><\/p>\n<h3 class=\"widget-title\">Syt\u00eb e Ekspert\u00ebve: Serum i Dyfisht\u00eb Forcues dhe Dend\u00ebsues<\/h3>\n<div class=\"siteorigin-widget-tinymce textwidget\">\n<ul class=\"tabs-content\">\n<li id=\"tab1\" class=\"active\">\n<h3>Transformoni qerpik\u00ebt dhe vetullat tuaja<\/h3>\n<p>Expert Eyes ofron nj\u00eb zgjidhje gjith\u00ebp\u00ebrfshir\u00ebse p\u00ebr t\u00eb adresuar munges\u00ebn e dend\u00ebsis\u00eb dhe gjat\u00ebsis\u00eb s\u00eb qerpik\u00ebve dhe vetullave. Formula e saj me veprim t\u00eb dyfisht\u00eb punon n\u00eb sinergji p\u00ebr t\u00eb forcuar dhe stimuluar rritjen, duke rezultuar n\u00eb p\u00ebrmir\u00ebsime t\u00eb dukshme.<\/p>\n<h4>P\u00ebrfitimet kryesore:<\/h4>\n<ul>\n<li><strong>Forcimi:<\/strong> P\u00ebrforcon struktur\u00ebn e flok\u00ebve, duke zvog\u00ebluar k\u00ebputjen dhe duke nxitur q\u00ebndrueshm\u00ebrin\u00eb.<\/li>\n<li><strong>Dend\u00ebsimi:<\/strong> Rrit dend\u00ebsin\u00eb e qerpik\u00ebve dhe vetullave, duke u dh\u00ebn\u00eb atyre nj\u00eb pamje m\u00eb t\u00eb plot\u00eb.<\/li>\n<li><strong>Stimulimi i rritjes:<\/strong> Nxit rritjen natyrale t\u00eb flok\u00ebve, duke \u00e7uar n\u00eb qerpik\u00eb dhe vetulla m\u00eb t\u00eb gjata dhe m\u00eb t\u00eb trasha.<\/li>\n<li><strong>Rezultate t\u00eb dukshme:<\/strong> P\u00ebrmir\u00ebsime t\u00eb dukshme n\u00eb gjat\u00ebsin\u00eb e qerpik\u00ebve pas 14 dit\u00ebsh dhe n\u00eb dend\u00ebsin\u00eb e vetullave pas 28 dit\u00ebsh p\u00ebrdorim dy her\u00eb n\u00eb dit\u00eb.<\/li>\n<li><strong>Baza e grimit:<\/strong> Sh\u00ebrben si nj\u00eb baz\u00eb e shk\u00eblqyer p\u00ebr grim, duke rritur aplikimin dhe jet\u00ebgjat\u00ebsin\u00eb e rimelit dhe produkteve p\u00ebr vetulla.<\/li>\n<\/ul>\n<h4>Pse t\u00eb zgjidhni syt\u00eb ekspert\u00eb?<\/h4>\n<p>Ky serum i dyfisht\u00eb dallohet p\u00ebr qasjen e tij t\u00eb synuar, duke trajtuar si rr\u00ebnj\u00ebt ashtu edhe gjat\u00ebsin\u00eb e qerpik\u00ebve dhe vetullave. Formula e tij unike siguron kujdes gjith\u00ebp\u00ebrfshir\u00ebs, duke e b\u00ebr\u00eb at\u00eb nj\u00eb shtes\u00eb thelb\u00ebsore n\u00eb regjimin tuaj t\u00eb bukuris\u00eb.<\/p>\n<\/li>\n<\/ul>\n<\/div>\n<\/div>\n<\/div>\n<\/div>\n<\/div>\n<\/div>\n<style type=\"text\/css\" class=\"panels-style\" data-panels-style-for-post=\"3686\">@import url(https:\/\/ambassadebeaute.al\/wp-content\/plugins\/siteorigin-panels\/css\/front-flex.min.css); #pgc-3686-0-0 { width:100%;width:calc(100% - ( 0 * 30px ) ) } @media (max-width:780px){ #pg-3686-0.panel-no-style, #pg-3686-0.panel-has-style > .panel-row-style, #pg-3686-0 { -webkit-flex-direction:column;-ms-flex-direction:column;flex-direction:column } #pg-3686-0 > .panel-grid-cell , #pg-3686-0 > .panel-row-style > .panel-grid-cell { width:100%;margin-right:0 } #pl-3686 .panel-grid-cell { padding:0 } #pl-3686 .panel-grid .panel-grid-cell-empty { display:none } #pl-3686 .panel-grid .panel-grid-cell-mobile-last { margin-bottom:0px }  } <\/style>","protected":false},"excerpt":{"rendered":"<h2>Expert Eyes: Serum i dyfisht\u00eb forcues dhe dend\u00ebsues p\u00ebr qerpik\u00ebt dhe vetullat<\/h2>\n<p>Prezantojm\u00eb Expert Eyes nga Biologique Recherche\u2014nj\u00eb serum i dyfisht\u00eb revolucionar i krijuar me kujdes p\u00ebr t\u00eb rritur dend\u00ebsin\u00eb dhe gjat\u00ebsin\u00eb e qerpik\u00ebve dhe vetullave tuaja. Ky trajtim forcues dhe dend\u00ebsues sjell p\u00ebrmir\u00ebsime t\u00eb dukshme, duke nxitur qerpik\u00eb dhe vetulla m\u00eb t\u00eb forta, m\u00eb t\u00eb plota dhe m\u00eb t\u00eb gjata.<\/p>","protected":false},"featured_media":3687,"template":"","meta":{"_uag_custom_page_level_css":"","site-sidebar-layout":"default","site-content-layout":"","ast-site-content-layout":"default","site-content-style":"default","site-sidebar-style":"default","ast-global-header-display":"","ast-banner-title-visibility":"","ast-main-header-display":"","ast-hfb-above-header-display":"","ast-hfb-below-header-display":"","ast-hfb-mobile-header-display":"","site-post-title":"","ast-breadcrumbs-content":"","ast-featured-img":"","footer-sml-layout":"","ast-disable-related-posts":"","theme-transparent-header-meta":"","adv-header-id-meta":"","stick-header-meta":"","header-above-stick-meta":"","header-main-stick-meta":"","header-below-stick-meta":"","astra-migrate-meta-layouts":"default","ast-page-background-enabled":"default","ast-page-background-meta":{"desktop":{"background-color":"var(--ast-global-color-4)","background-image":"","background-repeat":"repeat","background-position":"center center","background-size":"auto","background-attachment":"scroll","background-type":"","background-media":"","overlay-type":"","overlay-color":"","overlay-opacity":"","overlay-gradient":""},"tablet":{"background-color":"","background-image":"","background-repeat":"repeat","background-position":"center center","background-size":"auto","background-attachment":"scroll","background-type":"","background-media":"","overlay-type":"","overlay-color":"","overlay-opacity":"","overlay-gradient":""},"mobile":{"background-color":"","background-image":"","background-repeat":"repeat","background-position":"center center","background-size":"auto","background-attachment":"scroll","background-type":"","background-media":"","overlay-type":"","overlay-color":"","overlay-opacity":"","overlay-gradient":""}},"ast-content-background-meta":{"desktop":{"background-color":"var(--ast-global-color-5)","background-image":"","background-repeat":"repeat","background-position":"center center","background-size":"auto","background-attachment":"scroll","background-type":"","background-media":"","overlay-type":"","overlay-color":"","overlay-opacity":"","overlay-gradient":""},"tablet":{"background-color":"var(--ast-global-color-5)","background-image":"","background-repeat":"repeat","background-position":"center center","background-size":"auto","background-attachment":"scroll","background-type":"","background-media":"","overlay-type":"","overlay-color":"","overlay-opacity":"","overlay-gradient":""},"mobile":{"background-color":"var(--ast-global-color-5)","background-image":"","background-repeat":"repeat","background-position":"center center","background-size":"auto","background-attachment":"scroll","background-type":"","background-media":"","overlay-type":"","overlay-color":"","overlay-opacity":"","overlay-gradient":""}}},"product_brand":[199],"product_cat":[27,82,114],"product_tag":[],"class_list":{"0":"post-3686","1":"product","2":"type-product","3":"status-publish","4":"has-post-thumbnail","6":"product_brand-biologique-recherche","7":"product_cat-br","8":"product_cat-eye-contour","9":"product_cat-face","10":"desktop-align-center","11":"tablet-align-center","12":"mobile-align-center","13":"ast-product-gallery-layout-vertical-slider","14":"ast-product-tabs-layout-horizontal","15":"ast-qv-on-image","17":"first","18":"instock","19":"taxable","20":"shipping-taxable","21":"purchasable","22":"product-type-simple"},"uagb_featured_image_src":{"full":["https:\/\/ambassadebeaute.al\/wp-content\/uploads\/2025\/02\/Expert_Eyes_01-scaled.jpg",2560,2560,false],"thumbnail":["https:\/\/ambassadebeaute.al\/wp-content\/uploads\/2025\/02\/Expert_Eyes_01-150x150.jpg",150,150,true],"medium":["https:\/\/ambassadebeaute.al\/wp-content\/uploads\/2025\/02\/Expert_Eyes_01-300x300.jpg",300,300,true],"medium_large":["https:\/\/ambassadebeaute.al\/wp-content\/uploads\/2025\/02\/Expert_Eyes_01-768x768.jpg",768,768,true],"large":["https:\/\/ambassadebeaute.al\/wp-content\/uploads\/2025\/02\/Expert_Eyes_01-1024x1024.jpg",1024,1024,true],"1536x1536":["https:\/\/ambassadebeaute.al\/wp-content\/uploads\/2025\/02\/Expert_Eyes_01-1536x1536.jpg",1536,1536,true],"2048x2048":["https:\/\/ambassadebeaute.al\/wp-content\/uploads\/2025\/02\/Expert_Eyes_01-2048x2048.jpg",2048,2048,true],"trp-custom-language-flag":["https:\/\/ambassadebeaute.al\/wp-content\/uploads\/2025\/02\/Expert_Eyes_01-12x12.jpg",12,12,true],"woocommerce_thumbnail":["https:\/\/ambassadebeaute.al\/wp-content\/uploads\/2025\/02\/Expert_Eyes_01-scaled-300x300.jpg",300,300,true],"woocommerce_single":["https:\/\/ambassadebeaute.al\/wp-content\/uploads\/2025\/02\/Expert_Eyes_01-scaled-600x600.jpg",600,600,true],"woocommerce_gallery_thumbnail":["https:\/\/ambassadebeaute.al\/wp-content\/uploads\/2025\/02\/Expert_Eyes_01-scaled-100x100.jpg",100,100,true]},"uagb_author_info":{"display_name":"admin","author_link":"https:\/\/ambassadebeaute.al\/sq\/author\/"},"uagb_comment_info":0,"uagb_excerpt":"Expert Eyes: Fortifying &amp; Densifying Double Serum for Eyelashes &amp; Eyebrows Introducing Expert Eyes by Biologique Recherche\u2014a revolutionary double serum meticulously crafted to enhance the density and length of your eyelashes and eyebrows. This fortifying and densifying treatment delivers visible improvements, promoting stronger, fuller, and longer lashes and brows.","_links":{"self":[{"href":"https:\/\/ambassadebeaute.al\/sq\/wp-json\/wp\/v2\/product\/3686","targetHints":{"allow":["GET"]}}],"collection":[{"href":"https:\/\/ambassadebeaute.al\/sq\/wp-json\/wp\/v2\/product"}],"about":[{"href":"https:\/\/ambassadebeaute.al\/sq\/wp-json\/wp\/v2\/types\/product"}],"wp:featuredmedia":[{"embeddable":true,"href":"https:\/\/ambassadebeaute.al\/sq\/wp-json\/wp\/v2\/media\/3687"}],"wp:attachment":[{"href":"https:\/\/ambassadebeaute.al\/sq\/wp-json\/wp\/v2\/media?parent=3686"}],"wp:term":[{"taxonomy":"product_brand","embeddable":true,"href":"https:\/\/ambassadebeaute.al\/sq\/wp-json\/wp\/v2\/product_brand?post=3686"},{"taxonomy":"product_cat","embeddable":true,"href":"https:\/\/ambassadebeaute.al\/sq\/wp-json\/wp\/v2\/product_cat?post=3686"},{"taxonomy":"product_tag","embeddable":true,"href":"https:\/\/ambassadebeaute.al\/sq\/wp-json\/wp\/v2\/product_tag?post=3686"}],"curies":[{"name":"wp","href":"https:\/\/api.w.org\/{rel}","templated":true}]}}