{"id":3691,"date":"2025-02-23T19:20:23","date_gmt":"2025-02-23T19:20:23","guid":{"rendered":"https:\/\/ambassadebeaute.al\/?post_type=product&#038;p=3691"},"modified":"2026-04-08T20:23:47","modified_gmt":"2026-04-08T20:23:47","slug":"shampo-nutri-k","status":"publish","type":"product","link":"https:\/\/ambassadebeaute.al\/sq\/shop\/br\/hair-products\/shampoos-br\/shampooing-nutri-k\/","title":{"rendered":"Shampo NUTRI-K"},"content":{"rendered":"<div id=\"pl-3691\"  class=\"panel-layout\" >\n<div id=\"pg-3691-0\"  class=\"panel-grid panel-no-style\"  style=\"margin-bottom: 30px\" >\n<div id=\"pgc-3691-0-0\"  class=\"panel-grid-cell\"  data-weight=\"1\" >\n<div id=\"panel-3691-0-0-0\" class=\"so-panel widget widget_sow-editor panel-first-child panel-last-child\" data-index=\"0\" data-style=\"{&quot;background_image_attachment&quot;:false,&quot;background_display&quot;:&quot;tile&quot;,&quot;background_image_size&quot;:&quot;full&quot;,&quot;background_image_opacity&quot;:&quot;100&quot;,&quot;border_thickness&quot;:&quot;1px&quot;}\" >\n<div\n\t\t\t\n\t\t\tclass=\"so-widget-sow-editor so-widget-sow-editor-base\"\n\t\t\t\n\t\t><\/p>\n<div class=\"siteorigin-widget-tinymce textwidget\">\n<ul class=\"tabs-content\">\n<li id=\"tab1\" class=\"active\">\n<h3>P\u00ebr flok\u00eb t\u00eb m\u00ebndafsht\u00eb, elastik\u00eb dhe t\u00eb rigjall\u00ebruar<\/h3>\n<p>Shampo Nutri-K ofron ushqim dhe hidratim t\u00eb thell\u00eb, duke i transformuar fijet e thata dhe t\u00eb brishta n\u00eb flok\u00eb t\u00eb sh\u00ebndetsh\u00ebm dhe me shk\u00eblqim. I formuluar p\u00ebr t\u00eb forcuar dhe rivendosur ekuilibrin, ky shampo mb\u00ebshtet q\u00ebndrueshm\u00ebrin\u00eb dhe shk\u00eblqimin natyror t\u00eb flok\u00ebve tuaj.<\/p>\n<h4>P\u00ebrfitimet kryesore:<\/h4>\n<ul>\n<li><strong>Ushqyerje e Thell\u00eb:<\/strong> Plot\u00ebson lag\u00ebshtin\u00eb thelb\u00ebsore, duke i l\u00ebn\u00eb flok\u00ebt m\u00eb t\u00eb but\u00eb dhe m\u00eb t\u00eb menaxhuesh\u00ebm.<\/li>\n<li><strong>Forcon flok\u00ebt:<\/strong> Forcon fibrat e flok\u00ebve, duke zvog\u00ebluar k\u00ebputjen dhe majat e ndara.<\/li>\n<li><strong>P\u00ebrmir\u00ebson shk\u00eblqimin:<\/strong> Ringjall flok\u00ebt e zbeht\u00eb, duke nxitur nj\u00eb shk\u00eblqim natyral dhe rrezatues.<\/li>\n<li><strong>P\u00ebrmir\u00ebson elasticitetin:<\/strong> Rivendos fleksibilitetin, duke e b\u00ebr\u00eb flokun m\u00eb rezistent ndaj d\u00ebmtimeve.<\/li>\n<li><strong>Pastrim i but\u00eb:<\/strong> Largon papast\u00ebrtit\u00eb pa hequr vajrat esencial\u00eb, ideale p\u00ebr flok\u00eb t\u00eb that\u00eb ose t\u00eb d\u00ebmtuar.<\/li>\n<\/ul>\n<h4>Pse t\u00eb zgjidhni shampon Nutri-K?<\/h4>\n<p>I pasuruar me ekstrakte t\u00eb dendura me l\u00ebnd\u00eb ushqyese, Shampooing Nutri-K \u00ebsht\u00eb perfekt p\u00ebr k\u00ebdo q\u00eb k\u00ebrkon nj\u00eb zgjidhje me cil\u00ebsi t\u00eb lart\u00eb p\u00ebr flok\u00ebt e that\u00eb ose t\u00eb d\u00ebmtuar. Pastron dhe rigjall\u00ebron but\u00ebsisht, duke rikthyer ekuilibrin dhe shk\u00eblqimin p\u00ebr flok\u00eb q\u00eb ndihen t\u00eb rip\u00ebrt\u00ebrir\u00eb.<\/p>\n<\/li>\n<\/ul>\n<\/div>\n<\/div>\n<\/div>\n<\/div>\n<\/div>\n<\/div>\n<style type=\"text\/css\" class=\"panels-style\" data-panels-style-for-post=\"3691\">@import url(https:\/\/ambassadebeaute.al\/wp-content\/plugins\/siteorigin-panels\/css\/front-flex.min.css); #pgc-3691-0-0 { width:100%;width:calc(100% - ( 0 * 30px ) ) } @media (max-width:780px){ #pg-3691-0.panel-no-style, #pg-3691-0.panel-has-style > .panel-row-style, #pg-3691-0 { -webkit-flex-direction:column;-ms-flex-direction:column;flex-direction:column } #pg-3691-0 > .panel-grid-cell , #pg-3691-0 > .panel-row-style > .panel-grid-cell { width:100%;margin-right:0 } #pl-3691 .panel-grid-cell { padding:0 } #pl-3691 .panel-grid .panel-grid-cell-empty { display:none } #pl-3691 .panel-grid .panel-grid-cell-mobile-last { margin-bottom:0px }  } <\/style>","protected":false},"excerpt":{"rendered":"<p>Transformoni flok\u00ebt e that\u00eb dhe t\u00eb pajet\u00eb me Shampooing Nutri-K, nj\u00eb formul\u00eb e pasur dhe ushqyese e projektuar p\u00ebr t\u00eb rigjall\u00ebruar dhe forcuar flok\u00ebt. I pasuruar me ekstrakte t\u00eb fuqishme natyrore, kjo shampo rikthen lag\u00ebshtin\u00eb dhe rrit shk\u00eblqimin p\u00ebr flok\u00eb t\u00eb gjall\u00eb dhe me pamje t\u00eb sh\u00ebndetshme.<\/p>","protected":false},"featured_media":3692,"template":"","meta":{"_uag_custom_page_level_css":"","site-sidebar-layout":"default","site-content-layout":"","ast-site-content-layout":"default","site-content-style":"default","site-sidebar-style":"default","ast-global-header-display":"","ast-banner-title-visibility":"","ast-main-header-display":"","ast-hfb-above-header-display":"","ast-hfb-below-header-display":"","ast-hfb-mobile-header-display":"","site-post-title":"","ast-breadcrumbs-content":"","ast-featured-img":"","footer-sml-layout":"","ast-disable-related-posts":"","theme-transparent-header-meta":"","adv-header-id-meta":"","stick-header-meta":"","header-above-stick-meta":"","header-main-stick-meta":"","header-below-stick-meta":"","astra-migrate-meta-layouts":"default","ast-page-background-enabled":"default","ast-page-background-meta":{"desktop":{"background-color":"var(--ast-global-color-4)","background-image":"","background-repeat":"repeat","background-position":"center center","background-size":"auto","background-attachment":"scroll","background-type":"","background-media":"","overlay-type":"","overlay-color":"","overlay-opacity":"","overlay-gradient":""},"tablet":{"background-color":"","background-image":"","background-repeat":"repeat","background-position":"center center","background-size":"auto","background-attachment":"scroll","background-type":"","background-media":"","overlay-type":"","overlay-color":"","overlay-opacity":"","overlay-gradient":""},"mobile":{"background-color":"","background-image":"","background-repeat":"repeat","background-position":"center center","background-size":"auto","background-attachment":"scroll","background-type":"","background-media":"","overlay-type":"","overlay-color":"","overlay-opacity":"","overlay-gradient":""}},"ast-content-background-meta":{"desktop":{"background-color":"var(--ast-global-color-5)","background-image":"","background-repeat":"repeat","background-position":"center center","background-size":"auto","background-attachment":"scroll","background-type":"","background-media":"","overlay-type":"","overlay-color":"","overlay-opacity":"","overlay-gradient":""},"tablet":{"background-color":"var(--ast-global-color-5)","background-image":"","background-repeat":"repeat","background-position":"center center","background-size":"auto","background-attachment":"scroll","background-type":"","background-media":"","overlay-type":"","overlay-color":"","overlay-opacity":"","overlay-gradient":""},"mobile":{"background-color":"var(--ast-global-color-5)","background-image":"","background-repeat":"repeat","background-position":"center center","background-size":"auto","background-attachment":"scroll","background-type":"","background-media":"","overlay-type":"","overlay-color":"","overlay-opacity":"","overlay-gradient":""}}},"product_brand":[199],"product_cat":[27,132,60],"product_tag":[],"class_list":{"0":"post-3691","1":"product","2":"type-product","3":"status-publish","4":"has-post-thumbnail","6":"product_brand-biologique-recherche","7":"product_cat-br","8":"product_cat-hair-products","9":"product_cat-shampoos-br","10":"desktop-align-center","11":"tablet-align-center","12":"mobile-align-center","13":"ast-product-gallery-layout-vertical-slider","14":"ast-product-gallery-with-no-image","15":"ast-product-tabs-layout-horizontal","16":"ast-qv-on-image","18":"first","19":"instock","20":"taxable","21":"shipping-taxable","22":"purchasable","23":"product-type-simple"},"uagb_featured_image_src":{"full":["https:\/\/ambassadebeaute.al\/wp-content\/uploads\/2025\/02\/Shampooing_Nutri-K.jpg",1440,1440,false],"thumbnail":["https:\/\/ambassadebeaute.al\/wp-content\/uploads\/2025\/02\/Shampooing_Nutri-K-150x150.jpg",150,150,true],"medium":["https:\/\/ambassadebeaute.al\/wp-content\/uploads\/2025\/02\/Shampooing_Nutri-K-300x300.jpg",300,300,true],"medium_large":["https:\/\/ambassadebeaute.al\/wp-content\/uploads\/2025\/02\/Shampooing_Nutri-K-768x768.jpg",768,768,true],"large":["https:\/\/ambassadebeaute.al\/wp-content\/uploads\/2025\/02\/Shampooing_Nutri-K-1024x1024.jpg",1024,1024,true],"1536x1536":["https:\/\/ambassadebeaute.al\/wp-content\/uploads\/2025\/02\/Shampooing_Nutri-K.jpg",1440,1440,false],"2048x2048":["https:\/\/ambassadebeaute.al\/wp-content\/uploads\/2025\/02\/Shampooing_Nutri-K.jpg",1440,1440,false],"trp-custom-language-flag":["https:\/\/ambassadebeaute.al\/wp-content\/uploads\/2025\/02\/Shampooing_Nutri-K-12x12.jpg",12,12,true],"woocommerce_thumbnail":["https:\/\/ambassadebeaute.al\/wp-content\/uploads\/2025\/02\/Shampooing_Nutri-K-300x300.jpg",300,300,true],"woocommerce_single":["https:\/\/ambassadebeaute.al\/wp-content\/uploads\/2025\/02\/Shampooing_Nutri-K-600x600.jpg",600,600,true],"woocommerce_gallery_thumbnail":["https:\/\/ambassadebeaute.al\/wp-content\/uploads\/2025\/02\/Shampooing_Nutri-K-100x100.jpg",100,100,true]},"uagb_author_info":{"display_name":"admin","author_link":"https:\/\/ambassadebeaute.al\/sq\/author\/"},"uagb_comment_info":0,"uagb_excerpt":"Transform dry, lifeless hair with Shampooing Nutri-K, a rich, nourishing formula designed to revitalize and strengthen. Infused with potent natural extracts, this shampoo restores moisture and enhances shine for vibrant, healthy-looking hair.","_links":{"self":[{"href":"https:\/\/ambassadebeaute.al\/sq\/wp-json\/wp\/v2\/product\/3691","targetHints":{"allow":["GET"]}}],"collection":[{"href":"https:\/\/ambassadebeaute.al\/sq\/wp-json\/wp\/v2\/product"}],"about":[{"href":"https:\/\/ambassadebeaute.al\/sq\/wp-json\/wp\/v2\/types\/product"}],"wp:featuredmedia":[{"embeddable":true,"href":"https:\/\/ambassadebeaute.al\/sq\/wp-json\/wp\/v2\/media\/3692"}],"wp:attachment":[{"href":"https:\/\/ambassadebeaute.al\/sq\/wp-json\/wp\/v2\/media?parent=3691"}],"wp:term":[{"taxonomy":"product_brand","embeddable":true,"href":"https:\/\/ambassadebeaute.al\/sq\/wp-json\/wp\/v2\/product_brand?post=3691"},{"taxonomy":"product_cat","embeddable":true,"href":"https:\/\/ambassadebeaute.al\/sq\/wp-json\/wp\/v2\/product_cat?post=3691"},{"taxonomy":"product_tag","embeddable":true,"href":"https:\/\/ambassadebeaute.al\/sq\/wp-json\/wp\/v2\/product_tag?post=3691"}],"curies":[{"name":"wp","href":"https:\/\/api.w.org\/{rel}","templated":true}]}}