{"id":3825,"date":"2025-09-26T22:36:54","date_gmt":"2025-09-26T22:36:54","guid":{"rendered":"https:\/\/ambassadebeaute.al\/?post_type=product&#038;p=3825"},"modified":"2026-04-08T20:23:47","modified_gmt":"2026-04-08T20:23:47","slug":"krem-pto-metamorfik","status":"publish","type":"product","link":"https:\/\/ambassadebeaute.al\/sq\/shop\/br\/face\/creams\/creme-pto-metamorphique\/","title":{"rendered":"Krem PTO Metamorphique"},"content":{"rendered":"<div class=\"product-intro\">\n<h2>Cr\u00e8me PTO M\u00e9tamorphique: Rind\u00ebrto. Riformulo. Forco.<\/h2>\n<p>Cr\u00e8me PTO M\u00e9tamorphique vepron n\u00eb thell\u00ebsi t\u00eb struktur\u00ebs s\u00eb l\u00ebkur\u00ebs p\u00ebr t\u00eb luftuar efektet e plakjes t\u00eb shkaktuara nga graviteti. Me p\u00ebrdorim t\u00eb vazhduesh\u00ebm, ajo ndihmon n\u00eb ngritjen, densifikimin dhe forcimin e l\u00ebkur\u00ebs, duke p\u00ebrmir\u00ebsuar aft\u00ebsin\u00eb e saj p\u00ebr t\u00eb mb\u00ebshtetur vetveten\u2014zgjidhja ideale p\u00ebr ata q\u00eb duan t\u00eb kund\u00ebrshtojn\u00eb varjen dhe humbjen e v\u00ebllimit.<\/p>\n<\/div>\n<div class=\"product-section\">\n<h3>P\u00ebrfitimet kryesore<\/h3>\n<ul>\n<li class=\" translation-block\"><strong>Veprim Forcues:<\/strong> Rikthen tensionin dhe mb\u00ebshtetjen n\u00eb matric\u00ebn dermale p\u00ebr nj\u00eb l\u00ebkur\u00eb duksh\u00ebm m\u00eb t\u00eb fort\u00eb dhe m\u00eb t\u00eb tonifikuar.<\/li>\n<li class=\" translation-block\"><strong>Efekti Riformues:<\/strong> P\u00ebrmir\u00ebson konturet dhe definicionin e fytyr\u00ebs, ve\u00e7an\u00ebrisht n\u00eb zon\u00ebn e nofull\u00ebs dhe faqeve.<\/li>\n<li class=\" translation-block\"><strong>Mb\u00ebshtetje p\u00ebr V\u00ebllimin:<\/strong> Trajton hollimin e l\u00ebkur\u00ebs duke forcuar densitetin dhe struktur\u00ebn e saj.<\/li>\n<li class=\" translation-block\"><strong>Rritje e Elasticitetit:<\/strong> P\u00ebrmir\u00ebson fleksibilitetin dhe q\u00ebndrueshm\u00ebrin\u00eb e l\u00ebkur\u00ebs s\u00eb maturuar.<\/li>\n<li class=\" translation-block\"><strong>Ushqim i Thell\u00eb:<\/strong> Hidraton dhe qet\u00ebson l\u00ebkur\u00ebn pa ndjesi r\u00ebndese.<\/li>\n<\/ul>\n<\/div>","protected":false},"excerpt":{"rendered":"<p>Krem p\u00ebr forcim dhe riform\u00ebsim t\u00eb kontureve t\u00eb fytyr\u00ebs\n\nCr\u00e8me PTO M\u00e9tamorphique nga Biologique Recherche \u00ebsht\u00eb nj\u00eb formul\u00eb e avancuar q\u00eb ndihmon n\u00eb rikthimin e v\u00ebllimit natyral t\u00eb fytyr\u00ebs, p\u00ebrmir\u00ebsimin e tonit t\u00eb l\u00ebkur\u00ebs dhe definimin e kontureve. E krijuar posa\u00e7\u00ebrisht p\u00ebr l\u00ebkur\u00ebn q\u00eb shfaq shenja t\u00eb varjes dhe humbjes s\u00eb elasticitetit, ky krem transformues promovon nj\u00eb pamje m\u00eb t\u00eb ngritur, m\u00eb t\u00eb riformuar dhe m\u00eb t\u00eb fresk\u00ebt.<\/p>","protected":false},"featured_media":3836,"template":"","meta":{"_uag_custom_page_level_css":"","site-sidebar-layout":"default","site-content-layout":"","ast-site-content-layout":"default","site-content-style":"default","site-sidebar-style":"default","ast-global-header-display":"","ast-banner-title-visibility":"","ast-main-header-display":"","ast-hfb-above-header-display":"","ast-hfb-below-header-display":"","ast-hfb-mobile-header-display":"","site-post-title":"","ast-breadcrumbs-content":"","ast-featured-img":"","footer-sml-layout":"","ast-disable-related-posts":"","theme-transparent-header-meta":"","adv-header-id-meta":"","stick-header-meta":"","header-above-stick-meta":"","header-main-stick-meta":"","header-below-stick-meta":"","astra-migrate-meta-layouts":"default","ast-page-background-enabled":"default","ast-page-background-meta":{"desktop":{"background-color":"var(--ast-global-color-4)","background-image":"","background-repeat":"repeat","background-position":"center center","background-size":"auto","background-attachment":"scroll","background-type":"","background-media":"","overlay-type":"","overlay-color":"","overlay-opacity":"","overlay-gradient":""},"tablet":{"background-color":"","background-image":"","background-repeat":"repeat","background-position":"center center","background-size":"auto","background-attachment":"scroll","background-type":"","background-media":"","overlay-type":"","overlay-color":"","overlay-opacity":"","overlay-gradient":""},"mobile":{"background-color":"","background-image":"","background-repeat":"repeat","background-position":"center center","background-size":"auto","background-attachment":"scroll","background-type":"","background-media":"","overlay-type":"","overlay-color":"","overlay-opacity":"","overlay-gradient":""}},"ast-content-background-meta":{"desktop":{"background-color":"var(--ast-global-color-5)","background-image":"","background-repeat":"repeat","background-position":"center center","background-size":"auto","background-attachment":"scroll","background-type":"","background-media":"","overlay-type":"","overlay-color":"","overlay-opacity":"","overlay-gradient":""},"tablet":{"background-color":"var(--ast-global-color-5)","background-image":"","background-repeat":"repeat","background-position":"center center","background-size":"auto","background-attachment":"scroll","background-type":"","background-media":"","overlay-type":"","overlay-color":"","overlay-opacity":"","overlay-gradient":""},"mobile":{"background-color":"var(--ast-global-color-5)","background-image":"","background-repeat":"repeat","background-position":"center center","background-size":"auto","background-attachment":"scroll","background-type":"","background-media":"","overlay-type":"","overlay-color":"","overlay-opacity":"","overlay-gradient":""}}},"product_brand":[199],"product_cat":[27,61,114],"product_tag":[],"class_list":{"0":"post-3825","1":"product","2":"type-product","3":"status-publish","4":"has-post-thumbnail","6":"product_brand-biologique-recherche","7":"product_cat-br","8":"product_cat-creams","9":"product_cat-face","10":"desktop-align-center","11":"tablet-align-center","12":"mobile-align-center","13":"ast-product-gallery-layout-vertical-slider","14":"ast-product-tabs-layout-horizontal","15":"ast-qv-on-image","17":"first","18":"instock","19":"taxable","20":"shipping-taxable","21":"purchasable","22":"product-type-simple"},"uagb_featured_image_src":{"full":["https:\/\/ambassadebeaute.al\/wp-content\/uploads\/2025\/09\/biologique-recherche-adn-pto-metamorphique.jpg",620,620,false],"thumbnail":["https:\/\/ambassadebeaute.al\/wp-content\/uploads\/2025\/09\/biologique-recherche-adn-pto-metamorphique-150x150.jpg",150,150,true],"medium":["https:\/\/ambassadebeaute.al\/wp-content\/uploads\/2025\/09\/biologique-recherche-adn-pto-metamorphique-300x300.jpg",300,300,true],"medium_large":["https:\/\/ambassadebeaute.al\/wp-content\/uploads\/2025\/09\/biologique-recherche-adn-pto-metamorphique.jpg",620,620,false],"large":["https:\/\/ambassadebeaute.al\/wp-content\/uploads\/2025\/09\/biologique-recherche-adn-pto-metamorphique.jpg",620,620,false],"1536x1536":["https:\/\/ambassadebeaute.al\/wp-content\/uploads\/2025\/09\/biologique-recherche-adn-pto-metamorphique.jpg",620,620,false],"2048x2048":["https:\/\/ambassadebeaute.al\/wp-content\/uploads\/2025\/09\/biologique-recherche-adn-pto-metamorphique.jpg",620,620,false],"trp-custom-language-flag":["https:\/\/ambassadebeaute.al\/wp-content\/uploads\/2025\/09\/biologique-recherche-adn-pto-metamorphique-12x12.jpg",12,12,true],"woocommerce_thumbnail":["https:\/\/ambassadebeaute.al\/wp-content\/uploads\/2025\/09\/biologique-recherche-adn-pto-metamorphique-300x300.jpg",300,300,true],"woocommerce_single":["https:\/\/ambassadebeaute.al\/wp-content\/uploads\/2025\/09\/biologique-recherche-adn-pto-metamorphique-600x600.jpg",600,600,true],"woocommerce_gallery_thumbnail":["https:\/\/ambassadebeaute.al\/wp-content\/uploads\/2025\/09\/biologique-recherche-adn-pto-metamorphique-100x100.jpg",100,100,true]},"uagb_author_info":{"display_name":"admin","author_link":"https:\/\/ambassadebeaute.al\/sq\/author\/"},"uagb_comment_info":0,"uagb_excerpt":"Cr\u00e8me PTO M\u00e9tamorphique by Biologique Recherche is a transformative firming cream that helps restructure facial volume, improve skin tone, and restore definition to the contours of the face. Designed for skin showing signs of sagging and loss of elasticity, this advanced formula promotes a lifted, redefined appearance.","_links":{"self":[{"href":"https:\/\/ambassadebeaute.al\/sq\/wp-json\/wp\/v2\/product\/3825","targetHints":{"allow":["GET"]}}],"collection":[{"href":"https:\/\/ambassadebeaute.al\/sq\/wp-json\/wp\/v2\/product"}],"about":[{"href":"https:\/\/ambassadebeaute.al\/sq\/wp-json\/wp\/v2\/types\/product"}],"wp:featuredmedia":[{"embeddable":true,"href":"https:\/\/ambassadebeaute.al\/sq\/wp-json\/wp\/v2\/media\/3836"}],"wp:attachment":[{"href":"https:\/\/ambassadebeaute.al\/sq\/wp-json\/wp\/v2\/media?parent=3825"}],"wp:term":[{"taxonomy":"product_brand","embeddable":true,"href":"https:\/\/ambassadebeaute.al\/sq\/wp-json\/wp\/v2\/product_brand?post=3825"},{"taxonomy":"product_cat","embeddable":true,"href":"https:\/\/ambassadebeaute.al\/sq\/wp-json\/wp\/v2\/product_cat?post=3825"},{"taxonomy":"product_tag","embeddable":true,"href":"https:\/\/ambassadebeaute.al\/sq\/wp-json\/wp\/v2\/product_tag?post=3825"}],"curies":[{"name":"wp","href":"https:\/\/api.w.org\/{rel}","templated":true}]}}