{"id":4688,"date":"2026-03-10T22:24:39","date_gmt":"2026-03-10T22:24:39","guid":{"rendered":"https:\/\/ambassadebeaute.al\/?post_type=product&#038;p=4688"},"modified":"2026-04-08T20:23:47","modified_gmt":"2026-04-08T20:23:47","slug":"shampo-dermo-apaisant","status":"publish","type":"product","link":"https:\/\/ambassadebeaute.al\/sq\/shop\/br\/hair-products\/shampoos-br\/shampooing-dermo-apaisant\/","title":{"rendered":"Shampo Dermo-Apaisant"},"content":{"rendered":"<div id=\"pl-4688\"  class=\"panel-layout\" >\n<div id=\"pg-4688-0\"  class=\"panel-grid panel-no-style\"  style=\"margin-bottom: 30px\" >\n<div id=\"pgc-4688-0-0\"  class=\"panel-grid-cell\"  data-weight=\"1\" >\n<div id=\"panel-4688-0-0-0\" class=\"so-panel widget widget_sow-editor panel-first-child panel-last-child\" data-index=\"0\" data-style=\"{&quot;background_image_attachment&quot;:false,&quot;background_display&quot;:&quot;tile&quot;,&quot;background_image_size&quot;:&quot;full&quot;,&quot;background_image_opacity&quot;:&quot;100&quot;,&quot;border_thickness&quot;:&quot;1px&quot;,&quot;animation_event&quot;:&quot;enter&quot;,&quot;animation_screen_offset&quot;:0,&quot;animation_duration&quot;:1,&quot;animation_repeat&quot;:&quot;&quot;,&quot;animation_hide&quot;:true,&quot;animation_disable_mobile&quot;:&quot;&quot;,&quot;animation_state_end&quot;:&quot;visible&quot;,&quot;animation_delay&quot;:&quot;0&quot;,&quot;animation_debounce&quot;:&quot;0.1&quot;,&quot;retina_background_image&quot;:false,&quot;retina_background_image_size&quot;:&quot;full&quot;,&quot;video_background&quot;:&quot;0&quot;,&quot;video_background_fallback&quot;:&quot;&quot;,&quot;video_background_opacity&quot;:&quot;100&quot;,&quot;video_background_play_once&quot;:true,&quot;video_background_display&quot;:&quot;full&quot;}\" >\n<div\n\t\t\t\n\t\t\tclass=\"so-widget-sow-editor so-widget-sow-editor-base\"\n\t\t\t\n\t\t><\/p>\n<div class=\"siteorigin-widget-tinymce textwidget\">\n<h2>Shampo Dermo-Apaisant: Ringjallni rehatin\u00eb e skalpit tuaj<\/h2>\n<h3>Nj\u00eb zgjidhje qet\u00ebsuese p\u00ebr skalpin delikat<\/h3>\n<p>Shampooing Dermo-Apaisant i Biologique Recherche \u00ebsht\u00eb i pasuruar me p\u00ebrb\u00ebr\u00ebs aktiv\u00eb qet\u00ebsues dhe rigjenerues, duke ofruar leht\u00ebsim nga irritimet nd\u00ebrkoh\u00eb q\u00eb ruan ekuilibrin natyror t\u00eb skalpit t\u00eb kok\u00ebs.<\/p>\n<h4>P\u00ebrfitimet kryesore:<\/h4>\n<ul>\n<li><strong>Qet\u00ebsues i menj\u00ebhersh\u00ebm:<\/strong>\u00a0Zvog\u00eblon kruajtjen, shqet\u00ebsimin dhe inflamacionin, duke ofruar leht\u00ebsim t\u00eb menj\u00ebhersh\u00ebm p\u00ebr skalpin e ndjesh\u00ebm.<\/li>\n<li><strong>Kujdesi Forcues:<\/strong>\u00a0P\u00ebrmban agjent\u00eb rigjenerues q\u00eb ushqejn\u00eb dhe forcojn\u00eb flok\u00ebt dhe skalpin e kok\u00ebs.<\/li>\n<li><strong>Pastrim i but\u00eb:<\/strong>\u00a0Surfaktant\u00ebt e but\u00eb pastrojn\u00eb n\u00eb m\u00ebnyr\u00eb efektive pa shkaktuar irritim, duke e b\u00ebr\u00eb t\u00eb p\u00ebrshtatsh\u00ebm p\u00ebr p\u00ebrdorim t\u00eb rregullt.<\/li>\n<li><strong>Pa parabene:<\/strong>\u00a0I formuluar pa kimikate t\u00eb ashpra, duke siguruar nj\u00eb p\u00ebrvoj\u00eb t\u00eb sigurt dhe t\u00eb but\u00eb.<\/li>\n<\/ul>\n<h4>Pse t\u00eb zgjidhni shampon Dermo-Apaisant?<\/h4>\n<p>Kjo shampo \u00ebsht\u00eb ideale p\u00ebr ata q\u00eb vuajn\u00eb nga ndjeshm\u00ebria, acarimi ose shqet\u00ebsimi i skalpit t\u00eb kok\u00ebs. Formula e saj qet\u00ebsuese ofron nj\u00eb p\u00ebrvoj\u00eb pastrimi efektive por t\u00eb but\u00eb q\u00eb ushqen si flok\u00ebt ashtu edhe skalpin e kok\u00ebs, duke nxitur sh\u00ebndetin e p\u00ebrgjithsh\u00ebm t\u00eb flok\u00ebve.<\/p>\n<\/div>\n<\/div>\n<\/div>\n<\/div>\n<\/div>\n<\/div>\n<style type=\"text\/css\" class=\"panels-style\" data-panels-style-for-post=\"4688\">@import url(https:\/\/ambassadebeaute.al\/wp-content\/plugins\/siteorigin-panels\/css\/front-flex.min.css); #pgc-4688-0-0 { width:100%;width:calc(100% - ( 0 * 30px ) ) } @media (max-width:780px){ #pg-4688-0.panel-no-style, #pg-4688-0.panel-has-style > .panel-row-style, #pg-4688-0 { -webkit-flex-direction:column;-ms-flex-direction:column;flex-direction:column } #pg-4688-0 > .panel-grid-cell , #pg-4688-0 > .panel-row-style > .panel-grid-cell { width:100%;margin-right:0 } #pl-4688 .panel-grid-cell { padding:0 } #pg-4688-0 .panel-grid-cell-empty { display:none } #pl-4688 .panel-grid .panel-grid-cell-mobile-last { margin-bottom:0px }  } <\/style>","protected":false},"excerpt":{"rendered":"<h2>Shampo Dermo-Apaisant: Leht\u00ebsim i but\u00eb p\u00ebr skalpin e ndjesh\u00ebm<\/h2>\n<p>P\u00ebrjetoni kujdes qet\u00ebsues me Shampooing Dermo-Apaisant, nj\u00eb shampo trajtimi t\u00eb but\u00eb t\u00eb krijuar posa\u00e7\u00ebrisht p\u00ebr t\u00eb leht\u00ebsuar shqet\u00ebsimin e skalpit t\u00eb kok\u00ebs. I formuluar p\u00ebr t\u00eb qet\u00ebsuar dhe mbrojtur skalpin e ndjesh\u00ebm, t\u00eb irrituar dhe t\u00eb dob\u00ebsuar, siguron nj\u00eb ndjesi t\u00eb ekuilibruar dhe t\u00eb fresk\u00ebt pas \u00e7do larjeje.<\/p>","protected":false},"featured_media":4699,"template":"","meta":{"_uag_custom_page_level_css":"","site-sidebar-layout":"default","site-content-layout":"","ast-site-content-layout":"default","site-content-style":"default","site-sidebar-style":"default","ast-global-header-display":"","ast-banner-title-visibility":"","ast-main-header-display":"","ast-hfb-above-header-display":"","ast-hfb-below-header-display":"","ast-hfb-mobile-header-display":"","site-post-title":"","ast-breadcrumbs-content":"","ast-featured-img":"","footer-sml-layout":"","ast-disable-related-posts":"","theme-transparent-header-meta":"default","adv-header-id-meta":"","stick-header-meta":"default","header-above-stick-meta":"","header-main-stick-meta":"","header-below-stick-meta":"","astra-migrate-meta-layouts":"set","ast-page-background-enabled":"default","ast-page-background-meta":{"desktop":{"background-color":"var(--ast-global-color-4)","background-image":"","background-repeat":"repeat","background-position":"center center","background-size":"auto","background-attachment":"scroll","background-type":"","background-media":"","overlay-type":"","overlay-color":"","overlay-opacity":"","overlay-gradient":""},"tablet":{"background-color":"","background-image":"","background-repeat":"repeat","background-position":"center center","background-size":"auto","background-attachment":"scroll","background-type":"","background-media":"","overlay-type":"","overlay-color":"","overlay-opacity":"","overlay-gradient":""},"mobile":{"background-color":"","background-image":"","background-repeat":"repeat","background-position":"center center","background-size":"auto","background-attachment":"scroll","background-type":"","background-media":"","overlay-type":"","overlay-color":"","overlay-opacity":"","overlay-gradient":""}},"ast-content-background-meta":{"desktop":{"background-color":"var(--ast-global-color-5)","background-image":"","background-repeat":"repeat","background-position":"center center","background-size":"auto","background-attachment":"scroll","background-type":"","background-media":"","overlay-type":"","overlay-color":"","overlay-opacity":"","overlay-gradient":""},"tablet":{"background-color":"var(--ast-global-color-5)","background-image":"","background-repeat":"repeat","background-position":"center center","background-size":"auto","background-attachment":"scroll","background-type":"","background-media":"","overlay-type":"","overlay-color":"","overlay-opacity":"","overlay-gradient":""},"mobile":{"background-color":"var(--ast-global-color-5)","background-image":"","background-repeat":"repeat","background-position":"center center","background-size":"auto","background-attachment":"scroll","background-type":"","background-media":"","overlay-type":"","overlay-color":"","overlay-opacity":"","overlay-gradient":""}}},"product_brand":[199],"product_cat":[27,132,167,60],"product_tag":[],"class_list":{"0":"post-4688","1":"product","2":"type-product","3":"status-publish","4":"has-post-thumbnail","6":"product_brand-biologique-recherche","7":"product_cat-br","8":"product_cat-hair-products","9":"product_cat-latest","10":"product_cat-shampoos-br","11":"desktop-align-center","12":"tablet-align-center","13":"mobile-align-center","14":"ast-product-gallery-layout-vertical-slider","15":"ast-product-gallery-with-no-image","16":"ast-product-tabs-layout-horizontal","17":"ast-qv-on-image","19":"first","20":"instock","21":"taxable","22":"shipping-taxable","23":"purchasable","24":"product-type-simple"},"uagb_featured_image_src":{"full":["https:\/\/ambassadebeaute.al\/wp-content\/uploads\/2026\/03\/Shampooing_Dermo_Apaisant.jpg",1440,1440,false],"thumbnail":["https:\/\/ambassadebeaute.al\/wp-content\/uploads\/2026\/03\/Shampooing_Dermo_Apaisant-150x150.jpg",150,150,true],"medium":["https:\/\/ambassadebeaute.al\/wp-content\/uploads\/2026\/03\/Shampooing_Dermo_Apaisant-300x300.jpg",300,300,true],"medium_large":["https:\/\/ambassadebeaute.al\/wp-content\/uploads\/2026\/03\/Shampooing_Dermo_Apaisant-768x768.jpg",768,768,true],"large":["https:\/\/ambassadebeaute.al\/wp-content\/uploads\/2026\/03\/Shampooing_Dermo_Apaisant-1024x1024.jpg",1024,1024,true],"1536x1536":["https:\/\/ambassadebeaute.al\/wp-content\/uploads\/2026\/03\/Shampooing_Dermo_Apaisant.jpg",1440,1440,false],"2048x2048":["https:\/\/ambassadebeaute.al\/wp-content\/uploads\/2026\/03\/Shampooing_Dermo_Apaisant.jpg",1440,1440,false],"trp-custom-language-flag":["https:\/\/ambassadebeaute.al\/wp-content\/uploads\/2026\/03\/Shampooing_Dermo_Apaisant-12x12.jpg",12,12,true],"woocommerce_thumbnail":["https:\/\/ambassadebeaute.al\/wp-content\/uploads\/2026\/03\/Shampooing_Dermo_Apaisant-300x300.jpg",300,300,true],"woocommerce_single":["https:\/\/ambassadebeaute.al\/wp-content\/uploads\/2026\/03\/Shampooing_Dermo_Apaisant-600x600.jpg",600,600,true],"woocommerce_gallery_thumbnail":["https:\/\/ambassadebeaute.al\/wp-content\/uploads\/2026\/03\/Shampooing_Dermo_Apaisant-100x100.jpg",100,100,true]},"uagb_author_info":{"display_name":"admin","author_link":"https:\/\/ambassadebeaute.al\/sq\/author\/"},"uagb_comment_info":0,"uagb_excerpt":"Shampooing Dermo-Apaisant: Gentle Relief for Sensitive Scalps Experience soothing care with Shampooing Dermo-Apaisant, a gentle treatment shampoo specifically designed to alleviate scalp discomfort. Formulated to calm and protect sensitive, irritated, and weakened scalps, it ensures a balanced, refreshed feel after each wash.","_links":{"self":[{"href":"https:\/\/ambassadebeaute.al\/sq\/wp-json\/wp\/v2\/product\/4688","targetHints":{"allow":["GET"]}}],"collection":[{"href":"https:\/\/ambassadebeaute.al\/sq\/wp-json\/wp\/v2\/product"}],"about":[{"href":"https:\/\/ambassadebeaute.al\/sq\/wp-json\/wp\/v2\/types\/product"}],"wp:featuredmedia":[{"embeddable":true,"href":"https:\/\/ambassadebeaute.al\/sq\/wp-json\/wp\/v2\/media\/4699"}],"wp:attachment":[{"href":"https:\/\/ambassadebeaute.al\/sq\/wp-json\/wp\/v2\/media?parent=4688"}],"wp:term":[{"taxonomy":"product_brand","embeddable":true,"href":"https:\/\/ambassadebeaute.al\/sq\/wp-json\/wp\/v2\/product_brand?post=4688"},{"taxonomy":"product_cat","embeddable":true,"href":"https:\/\/ambassadebeaute.al\/sq\/wp-json\/wp\/v2\/product_cat?post=4688"},{"taxonomy":"product_tag","embeddable":true,"href":"https:\/\/ambassadebeaute.al\/sq\/wp-json\/wp\/v2\/product_tag?post=4688"}],"curies":[{"name":"wp","href":"https:\/\/api.w.org\/{rel}","templated":true}]}}