{"id":4743,"date":"2026-03-25T16:50:28","date_gmt":"2026-03-25T16:50:28","guid":{"rendered":"https:\/\/ambassadebeaute.al\/?post_type=product&#038;p=4743"},"modified":"2026-04-07T16:46:56","modified_gmt":"2026-04-07T16:46:56","slug":"spektral-serumi","status":"publish","type":"product","link":"https:\/\/ambassadebeaute.al\/sq\/product\/serum-spectral\/","title":{"rendered":"Serum Spectral"},"content":{"rendered":"<div id=\"pl-4743\" class=\"panel-layout\">\n<div id=\"pg-4743-0\" class=\"panel-grid panel-no-style\" style=\"margin-bottom: 30px;\">\n<div id=\"pgc-4743-0-0\" class=\"panel-grid-cell\" data-weight=\"1\">\n<div id=\"panel-4743-0-0-0\" class=\"so-panel widget widget_sow-editor panel-first-child panel-last-child\" data-index=\"0\" data-style=\"{&quot;background_image_attachment&quot;:false,&quot;background_display&quot;:&quot;tile&quot;,&quot;background_image_size&quot;:&quot;full&quot;,&quot;background_image_opacity&quot;:&quot;100&quot;,&quot;border_thickness&quot;:&quot;1px&quot;,&quot;animation_event&quot;:&quot;enter&quot;,&quot;animation_screen_offset&quot;:0,&quot;animation_duration&quot;:1,&quot;animation_repeat&quot;:&quot;&quot;,&quot;animation_hide&quot;:true,&quot;animation_disable_mobile&quot;:&quot;&quot;,&quot;animation_state_end&quot;:&quot;visible&quot;,&quot;animation_delay&quot;:&quot;0&quot;,&quot;animation_debounce&quot;:&quot;0.1&quot;,&quot;retina_background_image&quot;:false,&quot;retina_background_image_size&quot;:&quot;full&quot;,&quot;video_background&quot;:&quot;0&quot;,&quot;video_background_fallback&quot;:&quot;&quot;,&quot;video_background_opacity&quot;:&quot;100&quot;,&quot;video_background_play_once&quot;:true,&quot;video_background_display&quot;:&quot;full&quot;}\">\n<div class=\"so-widget-sow-editor so-widget-sow-editor-base\">\n<div class=\"siteorigin-widget-tinymce textwidget\">\n<ul class=\"tabs-content\">\n<li id=\"tab1\" class=\"active\">\n<h2>Serum adaptues p\u00ebr t\u00eb forcuar l\u00ebkur\u00ebn kund\u00ebr ekspozimit t\u00eb p\u00ebrditsh\u00ebm ndaj drit\u00ebs<\/h2>\n<p>Nj\u00eb serum inovativ nga Biologique Recherche i projektuar p\u00ebr t\u00eb rritur q\u00ebndrueshm\u00ebrin\u00eb e l\u00ebkur\u00ebs, p\u00ebr t\u00eb p\u00ebrmir\u00ebsuar shk\u00eblqimin dhe p\u00ebr t\u00eb mb\u00ebshtetur mekanizmat mbrojt\u00ebs natyror\u00eb t\u00eb l\u00ebkur\u00ebs.<\/p>\n<ul>\n<li>\n<h2>P\u00ebrfitimet kryesore<\/h2>\n<p>Mb\u00ebshtet p\u00ebrshtatshm\u00ebrin\u00eb natyrale t\u00eb l\u00ebkur\u00ebs ndaj ekspozimit ndaj drit\u00ebs, duke rritur tonin, rehatin\u00eb dhe shk\u00eblqimin e duksh\u00ebm.<\/p>\n<h3>P\u00ebrfitimet kryesore:<\/h3>\n<ul>\n<li><strong>Rrit q\u00ebndrueshm\u00ebrin\u00eb e l\u00ebkur\u00ebs:<\/strong> Ndihmon n\u00eb forcimin e barrier\u00ebs mbrojt\u00ebse t\u00eb l\u00ebkur\u00ebs dhe p\u00ebrmir\u00ebsimin e p\u00ebrshtatshm\u00ebris\u00eb ndaj ekspozimit ndaj mjedisit.<\/li>\n<li><strong>Rrit shk\u00eblqimin dhe tonin:<\/strong> Promovon nj\u00eb l\u00ebkur\u00eb m\u00eb t\u00eb nj\u00ebtrajtshme dhe t\u00eb ndritshme me homogjenitet t\u00eb p\u00ebrmir\u00ebsuar.<\/li>\n<li><strong>Mb\u00ebshtet rigjenerimin natyror:<\/strong> Inkurajon aft\u00ebsin\u00eb e l\u00ebkur\u00ebs p\u00ebr t\u00eb ruajtur nj\u00eb pamje t\u00eb l\u00ebmuar dhe t\u00eb rafinuar.<\/li>\n<li><strong>Forcon mbrojtjen antioksiduese:<\/strong> Ndihmon n\u00eb kufizimin e efekteve t\u00eb dukshme t\u00eb stresit oksidativ t\u00eb shkaktuar nga ekspozimi i p\u00ebrditsh\u00ebm ndaj drit\u00ebs.<\/li>\n<\/ul>\n<\/li>\n<\/ul>\n<\/li>\n<\/ul>\n<\/div>\n<\/div>\n<\/div>\n<\/div>\n<\/div>\n<\/div>\n<style type=\"text\/css\" class=\"panels-style\" data-panels-style-for-post=\"4743\">@import url(https:\/\/ambassadebeaute.al\/wp-content\/plugins\/siteorigin-panels\/css\/front-flex.min.css); #pgc-4743-0-0 { width:100%;width:calc(100% - ( 0 * 30px ) ) } @media (max-width:780px){ #pg-4743-0.panel-no-style, #pg-4743-0.panel-has-style > .panel-row-style, #pg-4743-0 { -webkit-flex-direction:column;-ms-flex-direction:column;flex-direction:column } #pg-4743-0 > .panel-grid-cell , #pg-4743-0 > .panel-row-style > .panel-grid-cell { width:100%;margin-right:0 } #pl-4743 .panel-grid-cell { padding:0 } #pg-4743-0 .panel-grid-cell-empty { display:none } #pl-4743 .panel-grid .panel-grid-cell-mobile-last { margin-bottom:0px }  } <\/style>","protected":false},"excerpt":{"rendered":"<p>Biologique Recherche S\u00e9rum SPECTRAL \u00ebsht\u00eb nj\u00eb serum inovativ, i frym\u00ebzuar nga fotobiologjia, i projektuar p\u00ebr t\u00eb mb\u00ebshtetur q\u00ebndrueshm\u00ebrin\u00eb natyrale t\u00eb l\u00ebkur\u00ebs ndaj ekspozimit t\u00eb p\u00ebrditsh\u00ebm ndaj drit\u00ebs. Duke shkuar p\u00ebrtej mbrojtjes tradicionale t\u00eb nivelit sip\u00ebrfaq\u00ebsor, ai ndihmon l\u00ebkur\u00ebn t\u00eb p\u00ebrshtatet nga brenda - duke p\u00ebrforcuar barrier\u00ebn e saj, duke mb\u00ebshtetur rinovimin dhe duke rritur aktivitetin antioksidues. Me tekstur\u00ebn e saj t\u00eb leht\u00eb, q\u00eb p\u00ebrthithet shpejt dhe ngjyr\u00ebn delikate roz\u00eb natyrale, formula shkrihet pa probleme n\u00eb l\u00ebkur\u00eb, duke l\u00ebn\u00eb nj\u00eb p\u00ebrfundim t\u00eb but\u00eb dhe jo t\u00eb yndyrsh\u00ebm. Me kalimin e koh\u00ebs, pamja duket m\u00eb e nj\u00ebtrajtshme, e shk\u00eblqyeshme dhe e rehatshme, me uniformitet t\u00eb p\u00ebrmir\u00ebsuar t\u00eb tonit dhe nj\u00eb pamje t\u00eb forcuar duksh\u00ebm. Ideal p\u00ebr t\u00eb gjitha llojet e l\u00ebkur\u00ebs, ky serum integrohet pa mundim n\u00eb nj\u00eb rutin\u00eb gjat\u00eb gjith\u00eb vitit s\u00eb bashku me SPF p\u00ebr mb\u00ebshtetje gjith\u00ebp\u00ebrfshir\u00ebse ditore t\u00eb l\u00ebkur\u00ebs.<\/p>","protected":false},"featured_media":4747,"template":"","meta":{"_uag_custom_page_level_css":"","site-sidebar-layout":"no-sidebar","site-content-layout":"","ast-site-content-layout":"full-width-container","site-content-style":"unboxed","site-sidebar-style":"unboxed","ast-global-header-display":"","ast-banner-title-visibility":"","ast-main-header-display":"","ast-hfb-above-header-display":"","ast-hfb-below-header-display":"","ast-hfb-mobile-header-display":"","site-post-title":"","ast-breadcrumbs-content":"","ast-featured-img":"","footer-sml-layout":"","ast-disable-related-posts":"","theme-transparent-header-meta":"default","adv-header-id-meta":"","stick-header-meta":"default","header-above-stick-meta":"","header-main-stick-meta":"","header-below-stick-meta":"","astra-migrate-meta-layouts":"set","ast-page-background-enabled":"default","ast-page-background-meta":{"desktop":{"background-color":"var(--ast-global-color-4)","background-image":"","background-repeat":"repeat","background-position":"center center","background-size":"auto","background-attachment":"scroll","background-type":"","background-media":"","overlay-type":"","overlay-color":"","overlay-opacity":"","overlay-gradient":""},"tablet":{"background-color":"","background-image":"","background-repeat":"repeat","background-position":"center center","background-size":"auto","background-attachment":"scroll","background-type":"","background-media":"","overlay-type":"","overlay-color":"","overlay-opacity":"","overlay-gradient":""},"mobile":{"background-color":"","background-image":"","background-repeat":"repeat","background-position":"center center","background-size":"auto","background-attachment":"scroll","background-type":"","background-media":"","overlay-type":"","overlay-color":"","overlay-opacity":"","overlay-gradient":""}},"ast-content-background-meta":{"desktop":{"background-color":"var(--ast-global-color-5)","background-image":"","background-repeat":"repeat","background-position":"center center","background-size":"auto","background-attachment":"scroll","background-type":"","background-media":"","overlay-type":"","overlay-color":"","overlay-opacity":"","overlay-gradient":""},"tablet":{"background-color":"var(--ast-global-color-5)","background-image":"","background-repeat":"repeat","background-position":"center center","background-size":"auto","background-attachment":"scroll","background-type":"","background-media":"","overlay-type":"","overlay-color":"","overlay-opacity":"","overlay-gradient":""},"mobile":{"background-color":"var(--ast-global-color-5)","background-image":"","background-repeat":"repeat","background-position":"center center","background-size":"auto","background-attachment":"scroll","background-type":"","background-media":"","overlay-type":"","overlay-color":"","overlay-opacity":"","overlay-gradient":""}}},"product_brand":[199],"product_cat":[27,167,92],"product_tag":[],"class_list":{"0":"post-4743","1":"product","2":"type-product","3":"status-publish","4":"has-post-thumbnail","6":"product_brand-biologique-recherche","7":"product_cat-br","8":"product_cat-latest","9":"product_cat-quintessential-serums","10":"desktop-align-center","11":"tablet-align-center","12":"mobile-align-center","13":"ast-product-gallery-layout-vertical-slider","14":"ast-product-single-variable","15":"ast-product-tabs-layout-horizontal","16":"ast-qv-on-image","18":"first","19":"instock","20":"taxable","21":"shipping-taxable","22":"purchasable","23":"product-type-variable","24":"has-default-attributes"},"uagb_featured_image_src":{"full":["https:\/\/ambassadebeaute.al\/wp-content\/uploads\/2026\/03\/Spectral-30ml.webp",2048,2048,false],"thumbnail":["https:\/\/ambassadebeaute.al\/wp-content\/uploads\/2026\/03\/Spectral-30ml-150x150.webp",150,150,true],"medium":["https:\/\/ambassadebeaute.al\/wp-content\/uploads\/2026\/03\/Spectral-30ml-300x300.webp",300,300,true],"medium_large":["https:\/\/ambassadebeaute.al\/wp-content\/uploads\/2026\/03\/Spectral-30ml-768x768.webp",768,768,true],"large":["https:\/\/ambassadebeaute.al\/wp-content\/uploads\/2026\/03\/Spectral-30ml-1024x1024.webp",1024,1024,true],"1536x1536":["https:\/\/ambassadebeaute.al\/wp-content\/uploads\/2026\/03\/Spectral-30ml-1536x1536.webp",1536,1536,true],"2048x2048":["https:\/\/ambassadebeaute.al\/wp-content\/uploads\/2026\/03\/Spectral-30ml.webp",2048,2048,false],"trp-custom-language-flag":["https:\/\/ambassadebeaute.al\/wp-content\/uploads\/2026\/03\/Spectral-30ml-12x12.webp",12,12,true],"woocommerce_thumbnail":["https:\/\/ambassadebeaute.al\/wp-content\/uploads\/2026\/03\/Spectral-30ml-300x300.webp",300,300,true],"woocommerce_single":["https:\/\/ambassadebeaute.al\/wp-content\/uploads\/2026\/03\/Spectral-30ml-600x600.webp",600,600,true],"woocommerce_gallery_thumbnail":["https:\/\/ambassadebeaute.al\/wp-content\/uploads\/2026\/03\/Spectral-30ml-100x100.webp",100,100,true]},"uagb_author_info":{"display_name":"admin","author_link":"https:\/\/ambassadebeaute.al\/sq\/author\/"},"uagb_comment_info":0,"uagb_excerpt":"Biologique Recherche S\u00e9rum SPECTRAL is an innovative, photobiology-inspired serum designed to support the skin\u2019s natural resilience to daily light exposure. Going beyond traditional surface-level protection, it helps the skin adapt from within\u2014reinforcing its barrier, supporting renewal, and enhancing antioxidant activity. With its lightweight, fast-absorbing texture and subtle natural pink hue, the formula melts seamlessly into&hellip;","_links":{"self":[{"href":"https:\/\/ambassadebeaute.al\/sq\/wp-json\/wp\/v2\/product\/4743","targetHints":{"allow":["GET"]}}],"collection":[{"href":"https:\/\/ambassadebeaute.al\/sq\/wp-json\/wp\/v2\/product"}],"about":[{"href":"https:\/\/ambassadebeaute.al\/sq\/wp-json\/wp\/v2\/types\/product"}],"wp:featuredmedia":[{"embeddable":true,"href":"https:\/\/ambassadebeaute.al\/sq\/wp-json\/wp\/v2\/media\/4747"}],"wp:attachment":[{"href":"https:\/\/ambassadebeaute.al\/sq\/wp-json\/wp\/v2\/media?parent=4743"}],"wp:term":[{"taxonomy":"product_brand","embeddable":true,"href":"https:\/\/ambassadebeaute.al\/sq\/wp-json\/wp\/v2\/product_brand?post=4743"},{"taxonomy":"product_cat","embeddable":true,"href":"https:\/\/ambassadebeaute.al\/sq\/wp-json\/wp\/v2\/product_cat?post=4743"},{"taxonomy":"product_tag","embeddable":true,"href":"https:\/\/ambassadebeaute.al\/sq\/wp-json\/wp\/v2\/product_tag?post=4743"}],"curies":[{"name":"wp","href":"https:\/\/api.w.org\/{rel}","templated":true}]}}