{"id":4767,"date":"2026-03-27T20:19:44","date_gmt":"2026-03-27T20:19:44","guid":{"rendered":"https:\/\/ambassadebeaute.al\/?post_type=product&#038;p=4767"},"modified":"2026-04-07T16:46:56","modified_gmt":"2026-04-07T16:46:56","slug":"maske-per-persosjen-e-buzeve-gjate-nates","status":"publish","type":"product","link":"https:\/\/ambassadebeaute.al\/sq\/shop\/monika-heiligmann\/mask\/lip-perfecting-overnight-mask\/","title":{"rendered":"Maska p\u00ebr p\u00ebrsosjen e buz\u00ebve gjat\u00eb nat\u00ebs"},"content":{"rendered":"<p>Formula ultra e pasur e mask\u00ebs son\u00eb t\u00eb nat\u00ebs p\u00ebr perfeksionimin e buz\u00ebve bazohet n\u00eb nj\u00eb sinergji t\u00eb fuqishme p\u00ebrb\u00ebr\u00ebsish aktiv\u00eb me origjin\u00eb natyrale. Maska jon\u00eb e nat\u00ebs p\u00ebr perfeksionimin e buz\u00ebve \u00ebsht\u00eb testuar dermatologjikisht dhe \u00ebsht\u00eb e p\u00ebrshtatshme p\u00ebr buz\u00ebt natyrale dhe si nj\u00eb ritual nate pas mbushjes.<\/p>\n<p>SWT\u20137TM \u00ebsht\u00eb frym\u00ebzuar nga k\u00ebrkimet m\u00eb t\u00eb p\u00ebrparuara mjek\u00ebsore n\u00eb kirurgjin\u00eb rigjeneruese. Duke u mb\u00ebshtetur n\u00eb komunikimin qeliz\u00eb me qeliz\u00eb, SWT\u20137TM i mund\u00ebson l\u00ebkur\u00ebs t\u00eb rigjenerohet automatikisht dhe t\u00eb parandaloj\u00eb plakjen. Mbush dhe zbeh rrudhat dhe vijat e holla, duke p\u00ebrfshir\u00eb vijat e duhanpir\u00ebsve dhe vijat vertikale. Aplikimi i rregullt i saj zvog\u00eblon migrimin e buz\u00ebkuqit p\u00ebr nj\u00eb shprehje fytyre m\u00eb t\u00eb sigurt dhe m\u00eb paq\u00ebsore.<br \/>\nTECHNOHYAL HYAPEARL\u2122 (i vetmi acid hialuronik aktiv i bllokuar n\u00eb nj\u00eb matric\u00eb trigliceridesh natyrale sinergjike 100%) qet\u00ebson, mbron dhe ushqen thell\u00ebsisht l\u00ebkur\u00ebn.&nbsp;<br \/>\nLIPEX L SENSE\u2122 (nj\u00eb alternativ\u00eb me baz\u00eb bimore ndaj lanolin\u00ebs) p\u00ebrmir\u00ebson hidratimin e l\u00ebkur\u00ebs dhe zvog\u00eblon humbjen e ujit trans-epidermal p\u00ebr nj\u00eb ndjesi t\u00eb but\u00eb si m\u00ebndafshi.<br \/>\nPLUMP Ol\u00e9oactif\u00ae (dyll ristrukturues i jojob\u00ebs dhe ekstrakte aktive antioksiduese nga lulet e sheg\u00ebs) u jep buz\u00ebve nj\u00eb pamje natyrale m\u00eb t\u00eb forta dhe m\u00eb t\u00eb plota.<br \/>\nLIPerfection\u2122 (ekstrakt i pastruar i filizave organike t\u00eb sinapit) p\u00ebrmir\u00ebson pamjen, p\u00ebrkufizimin dhe ngjyr\u00ebn natyrale t\u00eb buz\u00ebve tuaja. LIPerfection\u2122 i mbush, hidraton dhe modelon buz\u00ebt duke zvog\u00ebluar shfaqjen e vijave t\u00eb holla.<br \/>\nNeossance\u00ae Squalane (hidrokarbur jopolar i pranish\u00ebm natyrsh\u00ebm n\u00eb barrier\u00ebn lipidike t\u00eb l\u00ebkur\u00ebs) rikthen elasticitetin dhe but\u00ebsin\u00eb e l\u00ebkur\u00ebs p\u00ebr nj\u00eb prekje t\u00eb but\u00eb, t\u00eb but\u00eb dhe luksoze. Neossance\u00ae Squalane zvog\u00eblon duksh\u00ebm rrudhat dhe vijat e holla.<br \/>\nVITASKIN\u00ae E (e marr\u00eb nga vaji i farave t\u00eb mjedr\u00ebs) aktivizon mekanizmat e riparimit t\u00eb l\u00ebkur\u00ebs dhe sintez\u00ebn e kolagjenit p\u00ebr nj\u00eb l\u00ebkur\u00eb m\u00eb t\u00eb fort\u00eb, t\u00eb hidratuar dhe delikate.<\/p>\n<p>Formula e mask\u00ebs son\u00eb Lip Perfecting Night \u00ebsht\u00eb zhvilluar n\u00eb bashk\u00ebpunim me mjek\u00eb dhe klinicist\u00eb p\u00ebr t&#039;u kujdesur p\u00ebr buz\u00ebt tuaja n\u00eb sht\u00ebpi dhe n\u00eb klinika. P\u00ebrb\u00ebr\u00ebsit aktiv\u00eb u ofrojn\u00eb buz\u00ebve zbutje dhe v\u00ebllim maksimal nd\u00ebrsa flini. P\u00ebrjetoni efektet e saj kund\u00ebr plakjes, p\u00ebrsosjes s\u00eb l\u00ebkur\u00ebs dhe v\u00ebllimit q\u00eb nga java e par\u00eb e aplikimit.<\/p>","protected":false},"excerpt":{"rendered":"<p>Maska p\u00ebr P\u00ebrsosjen e Buz\u00ebve gjat\u00eb Nat\u00ebs: Kompleksi p\u00ebr P\u00ebrsosjen e Buz\u00ebve me Faktorin e Rritjes<\/p>\n<p>Zbuloni sekretin e p\u00ebrsosm\u00ebris\u00eb jo-invazive t\u00eb buz\u00ebve me mask\u00ebn ton\u00eb revolucionare p\u00ebr p\u00ebrsosjen e buz\u00ebve gjat\u00eb nat\u00ebs. I pasuruar me nj\u00eb formul\u00eb t\u00eb fuqishme t\u00eb faktorit t\u00eb rritjes, ky trajtim inovativ p\u00ebr buz\u00ebt ofron hidratim t\u00eb pakrahasuesh\u00ebm kund\u00ebr plakjes dhe nj\u00eb efekt mbush\u00ebs si kurr\u00eb m\u00eb par\u00eb. D\u00ebshmoni reduktimin e vijave t\u00eb holla dhe rrudhave nd\u00ebrsa mbingarkoni procesin rigjenerues t\u00eb l\u00ebkur\u00ebs suaj, duke u zgjuar me buz\u00eb q\u00eb jo vet\u00ebm jan\u00eb t\u00eb l\u00ebmuara dhe t\u00eb rigjall\u00ebruara, por edhe me volum.<\/p>\n<p>Kjo mask\u00eb transformuese nuk \u00ebsht\u00eb vet\u00ebm nj\u00eb pjes\u00eb e ritualit tuaj t\u00eb l\u00ebkur\u00ebs gjat\u00eb nat\u00ebs; \u00ebsht\u00eb prekja thelb\u00ebsore p\u00ebrfundimtare q\u00eb i jep nj\u00eb pamje m\u00eb t\u00eb mir\u00eb p\u00ebrvoj\u00ebs suaj n\u00eb spa n\u00eb sht\u00ebpi. P\u00ebrqafoni t\u00eb jasht\u00ebzakonshmen - nj\u00eb domosdoshm\u00ebri p\u00ebr ata q\u00eb k\u00ebrkojn\u00eb buz\u00eb rinore, voluminoze dhe pa rrudha.<\/p>","protected":false},"featured_media":4776,"template":"","meta":{"_uag_custom_page_level_css":"","site-sidebar-layout":"default","site-content-layout":"","ast-site-content-layout":"default","site-content-style":"default","site-sidebar-style":"default","ast-global-header-display":"","ast-banner-title-visibility":"","ast-main-header-display":"","ast-hfb-above-header-display":"","ast-hfb-below-header-display":"","ast-hfb-mobile-header-display":"","site-post-title":"","ast-breadcrumbs-content":"","ast-featured-img":"","footer-sml-layout":"","ast-disable-related-posts":"","theme-transparent-header-meta":"default","adv-header-id-meta":"","stick-header-meta":"default","header-above-stick-meta":"","header-main-stick-meta":"","header-below-stick-meta":"","astra-migrate-meta-layouts":"set","ast-page-background-enabled":"default","ast-page-background-meta":{"desktop":{"background-color":"var(--ast-global-color-4)","background-image":"","background-repeat":"repeat","background-position":"center center","background-size":"auto","background-attachment":"scroll","background-type":"","background-media":"","overlay-type":"","overlay-color":"","overlay-opacity":"","overlay-gradient":""},"tablet":{"background-color":"","background-image":"","background-repeat":"repeat","background-position":"center center","background-size":"auto","background-attachment":"scroll","background-type":"","background-media":"","overlay-type":"","overlay-color":"","overlay-opacity":"","overlay-gradient":""},"mobile":{"background-color":"","background-image":"","background-repeat":"repeat","background-position":"center center","background-size":"auto","background-attachment":"scroll","background-type":"","background-media":"","overlay-type":"","overlay-color":"","overlay-opacity":"","overlay-gradient":""}},"ast-content-background-meta":{"desktop":{"background-color":"var(--ast-global-color-5)","background-image":"","background-repeat":"repeat","background-position":"center center","background-size":"auto","background-attachment":"scroll","background-type":"","background-media":"","overlay-type":"","overlay-color":"","overlay-opacity":"","overlay-gradient":""},"tablet":{"background-color":"var(--ast-global-color-5)","background-image":"","background-repeat":"repeat","background-position":"center center","background-size":"auto","background-attachment":"scroll","background-type":"","background-media":"","overlay-type":"","overlay-color":"","overlay-opacity":"","overlay-gradient":""},"mobile":{"background-color":"var(--ast-global-color-5)","background-image":"","background-repeat":"repeat","background-position":"center center","background-size":"auto","background-attachment":"scroll","background-type":"","background-media":"","overlay-type":"","overlay-color":"","overlay-opacity":"","overlay-gradient":""}}},"product_brand":[197],"product_cat":[208,198,167],"product_tag":[],"class_list":{"0":"post-4767","1":"product","2":"type-product","3":"status-publish","4":"has-post-thumbnail","6":"product_brand-monika-heiligmannn","7":"product_cat-mask","8":"product_cat-monika-heiligmann","9":"product_cat-latest","10":"desktop-align-center","11":"tablet-align-center","12":"mobile-align-center","13":"ast-product-gallery-layout-vertical-slider","14":"ast-product-tabs-layout-horizontal","15":"ast-qv-on-image","17":"first","18":"instock","19":"taxable","20":"shipping-taxable","21":"purchasable","22":"product-type-simple"},"uagb_featured_image_src":{"full":["https:\/\/ambassadebeaute.al\/wp-content\/uploads\/2026\/03\/Monika-Heiligmann-Lip-Perfecting-Overnight-Mask_1296x.webp",1296,1297,false],"thumbnail":["https:\/\/ambassadebeaute.al\/wp-content\/uploads\/2026\/03\/Monika-Heiligmann-Lip-Perfecting-Overnight-Mask_1296x-150x150.webp",150,150,true],"medium":["https:\/\/ambassadebeaute.al\/wp-content\/uploads\/2026\/03\/Monika-Heiligmann-Lip-Perfecting-Overnight-Mask_1296x-300x300.webp",300,300,true],"medium_large":["https:\/\/ambassadebeaute.al\/wp-content\/uploads\/2026\/03\/Monika-Heiligmann-Lip-Perfecting-Overnight-Mask_1296x-768x769.webp",768,769,true],"large":["https:\/\/ambassadebeaute.al\/wp-content\/uploads\/2026\/03\/Monika-Heiligmann-Lip-Perfecting-Overnight-Mask_1296x-1024x1024.webp",1024,1024,true],"1536x1536":["https:\/\/ambassadebeaute.al\/wp-content\/uploads\/2026\/03\/Monika-Heiligmann-Lip-Perfecting-Overnight-Mask_1296x.webp",1296,1297,false],"2048x2048":["https:\/\/ambassadebeaute.al\/wp-content\/uploads\/2026\/03\/Monika-Heiligmann-Lip-Perfecting-Overnight-Mask_1296x.webp",1296,1297,false],"trp-custom-language-flag":["https:\/\/ambassadebeaute.al\/wp-content\/uploads\/2026\/03\/Monika-Heiligmann-Lip-Perfecting-Overnight-Mask_1296x-12x12.webp",12,12,true],"woocommerce_thumbnail":["https:\/\/ambassadebeaute.al\/wp-content\/uploads\/2026\/03\/Monika-Heiligmann-Lip-Perfecting-Overnight-Mask_1296x-300x300.webp",300,300,true],"woocommerce_single":["https:\/\/ambassadebeaute.al\/wp-content\/uploads\/2026\/03\/Monika-Heiligmann-Lip-Perfecting-Overnight-Mask_1296x-600x600.webp",600,600,true],"woocommerce_gallery_thumbnail":["https:\/\/ambassadebeaute.al\/wp-content\/uploads\/2026\/03\/Monika-Heiligmann-Lip-Perfecting-Overnight-Mask_1296x-100x100.webp",100,100,true]},"uagb_author_info":{"display_name":"admin","author_link":"https:\/\/ambassadebeaute.al\/sq\/author\/"},"uagb_comment_info":0,"uagb_excerpt":"Lip Perfecting Overnight Mask: Growth Factor Lip Perfecting Complex Unveil the secret to non-invasive lip perfection with our revolutionary Lip Perfecting Overnight Mask. Enriched with a potent growth factor formula, this innovative lip treatment delivers unparalleled de-aging hydration and a plumping effect like never before. Witness the reduction of fine lines and wrinkles while supercharging&hellip;","_links":{"self":[{"href":"https:\/\/ambassadebeaute.al\/sq\/wp-json\/wp\/v2\/product\/4767","targetHints":{"allow":["GET"]}}],"collection":[{"href":"https:\/\/ambassadebeaute.al\/sq\/wp-json\/wp\/v2\/product"}],"about":[{"href":"https:\/\/ambassadebeaute.al\/sq\/wp-json\/wp\/v2\/types\/product"}],"wp:featuredmedia":[{"embeddable":true,"href":"https:\/\/ambassadebeaute.al\/sq\/wp-json\/wp\/v2\/media\/4776"}],"wp:attachment":[{"href":"https:\/\/ambassadebeaute.al\/sq\/wp-json\/wp\/v2\/media?parent=4767"}],"wp:term":[{"taxonomy":"product_brand","embeddable":true,"href":"https:\/\/ambassadebeaute.al\/sq\/wp-json\/wp\/v2\/product_brand?post=4767"},{"taxonomy":"product_cat","embeddable":true,"href":"https:\/\/ambassadebeaute.al\/sq\/wp-json\/wp\/v2\/product_cat?post=4767"},{"taxonomy":"product_tag","embeddable":true,"href":"https:\/\/ambassadebeaute.al\/sq\/wp-json\/wp\/v2\/product_tag?post=4767"}],"curies":[{"name":"wp","href":"https:\/\/api.w.org\/{rel}","templated":true}]}}