{"id":4799,"date":"2026-03-27T21:00:53","date_gmt":"2026-03-27T21:00:53","guid":{"rendered":"https:\/\/ambassadebeaute.al\/?post_type=product&#038;p=4799"},"modified":"2026-04-07T16:46:56","modified_gmt":"2026-04-07T16:46:56","slug":"serum-per-vellimin-e-buzeve-eliksir-de-volum","status":"publish","type":"product","link":"https:\/\/ambassadebeaute.al\/sq\/shop\/monika-heiligmann\/serum\/elixir-de-volume-lip-volumizing-serum\/","title":{"rendered":"Elixir de Volume \u2013 Serum p\u00ebr Volumim t\u00eb Buz\u00ebve"},"content":{"rendered":"<p>E zhvilluar me Kompleksin ton\u00eb ekskluziv t\u00eb Peptideve Volumizuese (Kompleksi VPC), kjo formul\u00eb e p\u00ebrparuar vepron n\u00eb shtresa t\u00eb shum\u00ebfishta t\u00eb l\u00ebkur\u00ebs \u2014 duke ofruar nj\u00eb efekt t\u00eb menj\u00ebhersh\u00ebm mbush\u00ebs nd\u00ebrsa aktivizon proceset natyrore t\u00eb rip\u00ebrt\u00ebritjes p\u00ebr t\u00eb rritur v\u00ebllimin e buz\u00ebve me kalimin e koh\u00ebs. Pas 21 dit\u00ebsh p\u00ebrdorimi t\u00eb vazhduesh\u00ebm, buz\u00ebt duken:<\/p>\n<p>duksh\u00ebm m\u00eb i plot\u00eb dhe i rrumbullakosur<br \/>\nm\u00eb t\u00eb skalitura,<br \/>\ndhe t\u00eb p\u00ebrcaktuara bukur.<br \/>\nI krijuar me precizion dhe ekspertiz\u00eb, kjo formul\u00eb pa mikroplastik\u00eb p\u00ebrzien gjalp\u00eb ushqyes, vajra botanik\u00eb dhe p\u00ebrb\u00ebr\u00ebs aktiv\u00eb t\u00eb p\u00ebrzgjedhur shkenc\u00ebrisht.<\/p>\n<p>Nj\u00eb p\u00ebrvoj\u00eb ngjyrash si asnj\u00eb tjet\u00ebr<br \/>\n\u00c7do nuanc\u00eb \u00ebsht\u00eb nj\u00eb pasqyrim i bukuris\u00eb s\u00eb p\u00ebrjetshme - nj\u00eb palet\u00eb e holl\u00eb e frym\u00ebzuar nga eleganca e but\u00eb e Rivier\u00ebs Franceze dhe moderniteti i estetik\u00ebs pariziene. <\/p>","protected":false},"excerpt":{"rendered":"<p>Elixir de Volume \u2013 Serum p\u00ebr Volumim t\u00eb Buz\u00ebve<\/p>\n<p>Elixir de Volume \u00ebsht\u00eb nj\u00eb serum v\u00ebllimi p\u00ebr buz\u00ebt i krijuar me mjesht\u00ebri q\u00eb p\u00ebrdoret nj\u00ebsoj si nj\u00eb shk\u00eblqyes, nd\u00ebrkoh\u00eb q\u00eb ofron rritje t\u00eb v\u00ebllimit t\u00eb buz\u00ebve t\u00eb provuar klinikisht. I projektuar p\u00ebr t\u00eb p\u00ebrsosur ekuilibrin midis mbushjes s\u00eb menj\u00ebhershme dhe rezultateve afatgjata, ai rip\u00ebrcakton at\u00eb q\u00eb mund t\u00eb arrij\u00eb kujdesi jo-invaziv p\u00ebr buz\u00ebt.<\/p>","protected":false},"featured_media":4815,"template":"","meta":{"_uag_custom_page_level_css":"","site-sidebar-layout":"default","site-content-layout":"","ast-site-content-layout":"default","site-content-style":"default","site-sidebar-style":"default","ast-global-header-display":"","ast-banner-title-visibility":"","ast-main-header-display":"","ast-hfb-above-header-display":"","ast-hfb-below-header-display":"","ast-hfb-mobile-header-display":"","site-post-title":"","ast-breadcrumbs-content":"","ast-featured-img":"","footer-sml-layout":"","ast-disable-related-posts":"","theme-transparent-header-meta":"default","adv-header-id-meta":"","stick-header-meta":"default","header-above-stick-meta":"","header-main-stick-meta":"","header-below-stick-meta":"","astra-migrate-meta-layouts":"set","ast-page-background-enabled":"default","ast-page-background-meta":{"desktop":{"background-color":"var(--ast-global-color-4)","background-image":"","background-repeat":"repeat","background-position":"center center","background-size":"auto","background-attachment":"scroll","background-type":"","background-media":"","overlay-type":"","overlay-color":"","overlay-opacity":"","overlay-gradient":""},"tablet":{"background-color":"","background-image":"","background-repeat":"repeat","background-position":"center center","background-size":"auto","background-attachment":"scroll","background-type":"","background-media":"","overlay-type":"","overlay-color":"","overlay-opacity":"","overlay-gradient":""},"mobile":{"background-color":"","background-image":"","background-repeat":"repeat","background-position":"center center","background-size":"auto","background-attachment":"scroll","background-type":"","background-media":"","overlay-type":"","overlay-color":"","overlay-opacity":"","overlay-gradient":""}},"ast-content-background-meta":{"desktop":{"background-color":"var(--ast-global-color-5)","background-image":"","background-repeat":"repeat","background-position":"center center","background-size":"auto","background-attachment":"scroll","background-type":"","background-media":"","overlay-type":"","overlay-color":"","overlay-opacity":"","overlay-gradient":""},"tablet":{"background-color":"var(--ast-global-color-5)","background-image":"","background-repeat":"repeat","background-position":"center center","background-size":"auto","background-attachment":"scroll","background-type":"","background-media":"","overlay-type":"","overlay-color":"","overlay-opacity":"","overlay-gradient":""},"mobile":{"background-color":"var(--ast-global-color-5)","background-image":"","background-repeat":"repeat","background-position":"center center","background-size":"auto","background-attachment":"scroll","background-type":"","background-media":"","overlay-type":"","overlay-color":"","overlay-opacity":"","overlay-gradient":""}}},"product_brand":[197],"product_cat":[198,167,209],"product_tag":[],"class_list":{"0":"post-4799","1":"product","2":"type-product","3":"status-publish","4":"has-post-thumbnail","6":"product_brand-monika-heiligmannn","7":"product_cat-monika-heiligmann","8":"product_cat-latest","9":"product_cat-serum","10":"desktop-align-center","11":"tablet-align-center","12":"mobile-align-center","13":"ast-product-gallery-layout-vertical-slider","14":"ast-product-single-variable","15":"ast-product-tabs-layout-horizontal","16":"ast-qv-on-image","18":"first","19":"instock","20":"taxable","21":"shipping-taxable","22":"purchasable","23":"product-type-variable"},"uagb_featured_image_src":{"full":["https:\/\/ambassadebeaute.al\/wp-content\/uploads\/2026\/03\/photocolors-1Monte-Carlo.webp",1296,1296,false],"thumbnail":["https:\/\/ambassadebeaute.al\/wp-content\/uploads\/2026\/03\/photocolors-1Monte-Carlo-150x150.webp",150,150,true],"medium":["https:\/\/ambassadebeaute.al\/wp-content\/uploads\/2026\/03\/photocolors-1Monte-Carlo-300x300.webp",300,300,true],"medium_large":["https:\/\/ambassadebeaute.al\/wp-content\/uploads\/2026\/03\/photocolors-1Monte-Carlo-768x768.webp",768,768,true],"large":["https:\/\/ambassadebeaute.al\/wp-content\/uploads\/2026\/03\/photocolors-1Monte-Carlo-1024x1024.webp",1024,1024,true],"1536x1536":["https:\/\/ambassadebeaute.al\/wp-content\/uploads\/2026\/03\/photocolors-1Monte-Carlo.webp",1296,1296,false],"2048x2048":["https:\/\/ambassadebeaute.al\/wp-content\/uploads\/2026\/03\/photocolors-1Monte-Carlo.webp",1296,1296,false],"trp-custom-language-flag":["https:\/\/ambassadebeaute.al\/wp-content\/uploads\/2026\/03\/photocolors-1Monte-Carlo-12x12.webp",12,12,true],"woocommerce_thumbnail":["https:\/\/ambassadebeaute.al\/wp-content\/uploads\/2026\/03\/photocolors-1Monte-Carlo-300x300.webp",300,300,true],"woocommerce_single":["https:\/\/ambassadebeaute.al\/wp-content\/uploads\/2026\/03\/photocolors-1Monte-Carlo-600x600.webp",600,600,true],"woocommerce_gallery_thumbnail":["https:\/\/ambassadebeaute.al\/wp-content\/uploads\/2026\/03\/photocolors-1Monte-Carlo-100x100.webp",100,100,true]},"uagb_author_info":{"display_name":"admin","author_link":"https:\/\/ambassadebeaute.al\/sq\/author\/"},"uagb_comment_info":0,"uagb_excerpt":"Elixir de Volume - Lip Volumizing Serum Elixir de Volume is an artfully crafted lip volumizing serum that wears just like a gloss, while delivering clinically proven lip volume enhancement. Designed to perfect the balance between instant fullness and lasting results, it redefines what non-invasive lip care can achieve.","_links":{"self":[{"href":"https:\/\/ambassadebeaute.al\/sq\/wp-json\/wp\/v2\/product\/4799","targetHints":{"allow":["GET"]}}],"collection":[{"href":"https:\/\/ambassadebeaute.al\/sq\/wp-json\/wp\/v2\/product"}],"about":[{"href":"https:\/\/ambassadebeaute.al\/sq\/wp-json\/wp\/v2\/types\/product"}],"wp:featuredmedia":[{"embeddable":true,"href":"https:\/\/ambassadebeaute.al\/sq\/wp-json\/wp\/v2\/media\/4815"}],"wp:attachment":[{"href":"https:\/\/ambassadebeaute.al\/sq\/wp-json\/wp\/v2\/media?parent=4799"}],"wp:term":[{"taxonomy":"product_brand","embeddable":true,"href":"https:\/\/ambassadebeaute.al\/sq\/wp-json\/wp\/v2\/product_brand?post=4799"},{"taxonomy":"product_cat","embeddable":true,"href":"https:\/\/ambassadebeaute.al\/sq\/wp-json\/wp\/v2\/product_cat?post=4799"},{"taxonomy":"product_tag","embeddable":true,"href":"https:\/\/ambassadebeaute.al\/sq\/wp-json\/wp\/v2\/product_tag?post=4799"}],"curies":[{"name":"wp","href":"https:\/\/api.w.org\/{rel}","templated":true}]}}