{"id":4838,"date":"2026-03-27T21:28:37","date_gmt":"2026-03-27T21:28:37","guid":{"rendered":"https:\/\/ambassadebeaute.al\/?post_type=product&#038;p=4838"},"modified":"2026-04-07T16:46:56","modified_gmt":"2026-04-07T16:46:56","slug":"balsam-buzesh-rigjenerues-i-thelle","status":"publish","type":"product","link":"https:\/\/ambassadebeaute.al\/sq\/shop\/monika-heiligmann\/balm\/deep-regenerating-lip-balm\/","title":{"rendered":"Balsam buz\u00ebsh rigjenerues i thell\u00eb"},"content":{"rendered":"<p>Kujdesi pas mbushjes s\u00eb buz\u00ebve:<\/p>\n<p>I validuar klinikisht si nj\u00eb zgjidhje 7-ditore p\u00ebr mbushjen e buz\u00ebve dhe kujdesin pas trajtimit, ai ofron kujdes thelb\u00ebsor p\u00ebr epitelin e buz\u00ebve pas trajtimeve me acid hialuronik, duke leht\u00ebsuar me shpejt\u00ebsi \u00e7do ndjesi tensioni dhe ngusht\u00ebsie.<\/p>\n<p>P\u00ebrjetoni kulmin e kujdesit p\u00ebr buz\u00ebt me Balsamin e Thell\u00eb Rigjenerues t\u00eb Buz\u00ebve t\u00eb Monika Heiligmann - \u00e7el\u00ebsi juaj p\u00ebr sh\u00ebndet dhe shk\u00eblqim t\u00eb q\u00ebndruesh\u00ebm t\u00eb buz\u00ebve.<\/p>","protected":false},"excerpt":{"rendered":"<p>Balsam buz\u00ebsh rigjenerues i thell\u00eb: P\u00ebr p\u00ebrdorim n\u00eb sht\u00ebpi dhe pas trajtimit.<\/p>\n<p>Zbuloni Balsamin e Thell\u00eb Rigjenerues t\u00eb Buz\u00ebve nga Monika Heiligmann, i projektuar p\u00ebr t\u00eb transformuar rutin\u00ebn tuaj t\u00eb kujdesit p\u00ebr buz\u00ebt. Ky balsam i avancuar rigjeneron dhe qet\u00ebson buz\u00ebt me \u00e7do aplikim, duke rritur but\u00ebsin\u00eb dhe shk\u00eblqimin. I formuluar me p\u00ebrb\u00ebr\u00ebs aktiv\u00eb inovativ\u00eb, ai riparon dhe hidraton n\u00eb m\u00ebnyr\u00eb efektive, nd\u00ebrsa mbron buz\u00ebt nga that\u00ebsia dhe acarimi. Ideal p\u00ebr kujdesin pas mbushjes s\u00eb buz\u00ebve, ai zvog\u00eblon shpejt shqet\u00ebsimin, duke siguruar q\u00eb buz\u00ebt tuaja t\u00eb duken dhe t\u00eb ndihen rinore dhe elastike. P\u00ebrjetoni efektet transformuese t\u00eb rigjenerimit t\u00eb thell\u00eb p\u00ebr sh\u00ebndet dhe shk\u00eblqim t\u00eb q\u00ebndruesh\u00ebm.<\/p>","protected":false},"featured_media":4839,"template":"","meta":{"_uag_custom_page_level_css":"","site-sidebar-layout":"default","site-content-layout":"","ast-site-content-layout":"default","site-content-style":"default","site-sidebar-style":"default","ast-global-header-display":"","ast-banner-title-visibility":"","ast-main-header-display":"","ast-hfb-above-header-display":"","ast-hfb-below-header-display":"","ast-hfb-mobile-header-display":"","site-post-title":"","ast-breadcrumbs-content":"","ast-featured-img":"","footer-sml-layout":"","ast-disable-related-posts":"","theme-transparent-header-meta":"default","adv-header-id-meta":"","stick-header-meta":"default","header-above-stick-meta":"","header-main-stick-meta":"","header-below-stick-meta":"","astra-migrate-meta-layouts":"set","ast-page-background-enabled":"default","ast-page-background-meta":{"desktop":{"background-color":"var(--ast-global-color-4)","background-image":"","background-repeat":"repeat","background-position":"center center","background-size":"auto","background-attachment":"scroll","background-type":"","background-media":"","overlay-type":"","overlay-color":"","overlay-opacity":"","overlay-gradient":""},"tablet":{"background-color":"","background-image":"","background-repeat":"repeat","background-position":"center center","background-size":"auto","background-attachment":"scroll","background-type":"","background-media":"","overlay-type":"","overlay-color":"","overlay-opacity":"","overlay-gradient":""},"mobile":{"background-color":"","background-image":"","background-repeat":"repeat","background-position":"center center","background-size":"auto","background-attachment":"scroll","background-type":"","background-media":"","overlay-type":"","overlay-color":"","overlay-opacity":"","overlay-gradient":""}},"ast-content-background-meta":{"desktop":{"background-color":"var(--ast-global-color-5)","background-image":"","background-repeat":"repeat","background-position":"center center","background-size":"auto","background-attachment":"scroll","background-type":"","background-media":"","overlay-type":"","overlay-color":"","overlay-opacity":"","overlay-gradient":""},"tablet":{"background-color":"var(--ast-global-color-5)","background-image":"","background-repeat":"repeat","background-position":"center center","background-size":"auto","background-attachment":"scroll","background-type":"","background-media":"","overlay-type":"","overlay-color":"","overlay-opacity":"","overlay-gradient":""},"mobile":{"background-color":"var(--ast-global-color-5)","background-image":"","background-repeat":"repeat","background-position":"center center","background-size":"auto","background-attachment":"scroll","background-type":"","background-media":"","overlay-type":"","overlay-color":"","overlay-opacity":"","overlay-gradient":""}}},"product_brand":[197],"product_cat":[210,198,167],"product_tag":[],"class_list":{"0":"post-4838","1":"product","2":"type-product","3":"status-publish","4":"has-post-thumbnail","6":"product_brand-monika-heiligmannn","7":"product_cat-balm","8":"product_cat-monika-heiligmann","9":"product_cat-latest","10":"desktop-align-center","11":"tablet-align-center","12":"mobile-align-center","13":"ast-product-gallery-layout-vertical-slider","14":"ast-product-tabs-layout-horizontal","15":"ast-qv-on-image","17":"first","18":"instock","19":"taxable","20":"shipping-taxable","21":"purchasable","22":"product-type-simple"},"uagb_featured_image_src":{"full":["https:\/\/ambassadebeaute.al\/wp-content\/uploads\/2026\/03\/Monika-Heiligmann-Deep-Regenerating-Lip-Balm_1296x-1.webp",1180,1176,false],"thumbnail":["https:\/\/ambassadebeaute.al\/wp-content\/uploads\/2026\/03\/Monika-Heiligmann-Deep-Regenerating-Lip-Balm_1296x-1-150x150.webp",150,150,true],"medium":["https:\/\/ambassadebeaute.al\/wp-content\/uploads\/2026\/03\/Monika-Heiligmann-Deep-Regenerating-Lip-Balm_1296x-1-300x300.webp",300,300,true],"medium_large":["https:\/\/ambassadebeaute.al\/wp-content\/uploads\/2026\/03\/Monika-Heiligmann-Deep-Regenerating-Lip-Balm_1296x-1-768x765.webp",768,765,true],"large":["https:\/\/ambassadebeaute.al\/wp-content\/uploads\/2026\/03\/Monika-Heiligmann-Deep-Regenerating-Lip-Balm_1296x-1-1024x1021.webp",1024,1021,true],"1536x1536":["https:\/\/ambassadebeaute.al\/wp-content\/uploads\/2026\/03\/Monika-Heiligmann-Deep-Regenerating-Lip-Balm_1296x-1.webp",1180,1176,false],"2048x2048":["https:\/\/ambassadebeaute.al\/wp-content\/uploads\/2026\/03\/Monika-Heiligmann-Deep-Regenerating-Lip-Balm_1296x-1.webp",1180,1176,false],"trp-custom-language-flag":["https:\/\/ambassadebeaute.al\/wp-content\/uploads\/2026\/03\/Monika-Heiligmann-Deep-Regenerating-Lip-Balm_1296x-1-12x12.webp",12,12,true],"woocommerce_thumbnail":["https:\/\/ambassadebeaute.al\/wp-content\/uploads\/2026\/03\/Monika-Heiligmann-Deep-Regenerating-Lip-Balm_1296x-1-300x299.webp",300,299,true],"woocommerce_single":["https:\/\/ambassadebeaute.al\/wp-content\/uploads\/2026\/03\/Monika-Heiligmann-Deep-Regenerating-Lip-Balm_1296x-1-600x598.webp",600,598,true],"woocommerce_gallery_thumbnail":["https:\/\/ambassadebeaute.al\/wp-content\/uploads\/2026\/03\/Monika-Heiligmann-Deep-Regenerating-Lip-Balm_1296x-1-100x100.webp",100,100,true]},"uagb_author_info":{"display_name":"admin","author_link":"https:\/\/ambassadebeaute.al\/sq\/author\/"},"uagb_comment_info":0,"uagb_excerpt":"Deep Regenerating Lip Balm: For at-home and post-treatment use. Discover Monika Heiligmann's Deep Regenerative Lip Balm, designed to transform your lip care routine. This advanced balm regenerates and soothes lips with each application, enhancing softness and smoothness. Formulated with innovative active ingredients, it effectively repairs and hydrates, while shielding lips from dryness and irritation. Ideal&hellip;","_links":{"self":[{"href":"https:\/\/ambassadebeaute.al\/sq\/wp-json\/wp\/v2\/product\/4838","targetHints":{"allow":["GET"]}}],"collection":[{"href":"https:\/\/ambassadebeaute.al\/sq\/wp-json\/wp\/v2\/product"}],"about":[{"href":"https:\/\/ambassadebeaute.al\/sq\/wp-json\/wp\/v2\/types\/product"}],"wp:featuredmedia":[{"embeddable":true,"href":"https:\/\/ambassadebeaute.al\/sq\/wp-json\/wp\/v2\/media\/4839"}],"wp:attachment":[{"href":"https:\/\/ambassadebeaute.al\/sq\/wp-json\/wp\/v2\/media?parent=4838"}],"wp:term":[{"taxonomy":"product_brand","embeddable":true,"href":"https:\/\/ambassadebeaute.al\/sq\/wp-json\/wp\/v2\/product_brand?post=4838"},{"taxonomy":"product_cat","embeddable":true,"href":"https:\/\/ambassadebeaute.al\/sq\/wp-json\/wp\/v2\/product_cat?post=4838"},{"taxonomy":"product_tag","embeddable":true,"href":"https:\/\/ambassadebeaute.al\/sq\/wp-json\/wp\/v2\/product_tag?post=4838"}],"curies":[{"name":"wp","href":"https:\/\/api.w.org\/{rel}","templated":true}]}}