{"id":4849,"date":"2026-03-27T21:54:25","date_gmt":"2026-03-27T21:54:25","guid":{"rendered":"https:\/\/ambassadebeaute.al\/?post_type=product&#038;p=4849"},"modified":"2026-04-07T16:46:55","modified_gmt":"2026-04-07T16:46:55","slug":"persosja-e-buzeve","status":"publish","type":"product","link":"https:\/\/ambassadebeaute.al\/sq\/shop\/monika-heiligmann\/balm\/lip-perfecting-se\/","title":{"rendered":"Set p\u00ebr p\u00ebrsosjen e buz\u00ebve"},"content":{"rendered":"<p>Seti p\u00ebr p\u00ebrsosjen e buz\u00ebve:&nbsp;<\/p>\n<p>Elixir de Volume \u2013 Serum p\u00ebr Volumim t\u00eb Buz\u00ebve Nr. 3: I krijuar p\u00ebr t\u00eb p\u00ebrmir\u00ebsuar ritualin tuaj t\u00eb p\u00ebrditsh\u00ebm t\u00eb bukuris\u00eb n\u00eb sht\u00ebpi, me nj\u00eb bashkim harmonik t\u00eb makijazhit dhe kujdesit p\u00ebr l\u00ebkur\u00ebn. Ky serum unik \u00ebsht\u00eb krijuar p\u00ebr nj\u00eb mbushje t\u00eb menj\u00ebhershme dhe afatgjat\u00eb. Formula e tij e provuar shkenc\u00ebrisht dep\u00ebrton n\u00eb shtresat m\u00eb t\u00eb thella t\u00eb buz\u00ebve tuaja, duke siguruar transformime t\u00eb q\u00ebndrueshme dhe t\u00eb dukshme. Hidraton, p\u00ebrmir\u00ebson mikroqarkullimin e gjakut, stimulon prodhimin e kolagjenit dhe mb\u00ebshtet riparimin e barrier\u00ebs p\u00ebr rezultate transformuese.<br \/>\nMaska e nat\u00ebs p\u00ebr p\u00ebrsosjen e buz\u00ebve:<br \/>\nL\u00ebreni nat\u00ebn t\u00eb b\u00ebj\u00eb magjin\u00eb e saj me mask\u00ebn ton\u00eb jo-invazive p\u00ebr p\u00ebrsosjen e buz\u00ebve gjat\u00eb nat\u00ebs. Hidratoni, mbushni dhe zvog\u00ebloni rrudhat e holla duke nxitur procesin rigjenerues t\u00eb l\u00ebkur\u00ebs. Zgjohuni me buz\u00eb t\u00eb rigjall\u00ebruara dhe t\u00eb l\u00ebmuara, gati p\u00ebr t\u00eb shk\u00eblqyer.<br \/>\nBalsam buz\u00ebsh rigjenerues i thell\u00eb:&nbsp;&nbsp;<br \/>\nRigjall\u00ebroni buz\u00ebt tuaja t\u00eb thata me Balsamin ton\u00eb t\u00eb Buz\u00ebve Rigjenerues t\u00eb Thell\u00eb, shoq\u00ebruesin tuaj thelb\u00ebsor t\u00eb dimrit. Duke ofruar leht\u00ebsim t\u00eb menj\u00ebhersh\u00ebm nga that\u00ebsia dhe acarimi, ky balsam jo vet\u00ebm q\u00eb hidraton, por gjithashtu ndihmon n\u00eb rikuperimin e buz\u00ebve t\u00eb \u00e7ara p\u00ebr nj\u00eb p\u00ebrvoj\u00eb t\u00eb lumtur dim\u00ebrore.<\/p>","protected":false},"excerpt":{"rendered":"<p>P\u00ebrjetoni Artin e P\u00ebrsosm\u00ebris\u00eb s\u00eb Buz\u00ebve me Setin Ekskluziv t\u00eb Monika Heiligmann!<\/p>\n<p>Ky set me edicion t\u00eb kufizuar zbulon tre produkte thelb\u00ebsore t\u00eb krijuara me kujdes me p\u00ebrb\u00ebr\u00ebsit m\u00eb t\u00eb mir\u00eb. N\u00eb Monika Heiligmann Lip Care Atelier, p\u00ebrkushtimi yn\u00eb ndaj p\u00ebrsosm\u00ebris\u00eb dhe formulave t\u00eb p\u00ebrparuara siguron nj\u00eb rutin\u00eb t\u00eb plot\u00eb dhe transformuese t\u00eb kujdesit p\u00ebr buz\u00ebt.<\/p>","protected":false},"featured_media":4861,"template":"","meta":{"_uag_custom_page_level_css":"","site-sidebar-layout":"default","site-content-layout":"","ast-site-content-layout":"default","site-content-style":"default","site-sidebar-style":"default","ast-global-header-display":"","ast-banner-title-visibility":"","ast-main-header-display":"","ast-hfb-above-header-display":"","ast-hfb-below-header-display":"","ast-hfb-mobile-header-display":"","site-post-title":"","ast-breadcrumbs-content":"","ast-featured-img":"","footer-sml-layout":"","ast-disable-related-posts":"","theme-transparent-header-meta":"default","adv-header-id-meta":"","stick-header-meta":"default","header-above-stick-meta":"","header-main-stick-meta":"","header-below-stick-meta":"","astra-migrate-meta-layouts":"set","ast-page-background-enabled":"default","ast-page-background-meta":{"desktop":{"background-color":"var(--ast-global-color-4)","background-image":"","background-repeat":"repeat","background-position":"center center","background-size":"auto","background-attachment":"scroll","background-type":"","background-media":"","overlay-type":"","overlay-color":"","overlay-opacity":"","overlay-gradient":""},"tablet":{"background-color":"","background-image":"","background-repeat":"repeat","background-position":"center center","background-size":"auto","background-attachment":"scroll","background-type":"","background-media":"","overlay-type":"","overlay-color":"","overlay-opacity":"","overlay-gradient":""},"mobile":{"background-color":"","background-image":"","background-repeat":"repeat","background-position":"center center","background-size":"auto","background-attachment":"scroll","background-type":"","background-media":"","overlay-type":"","overlay-color":"","overlay-opacity":"","overlay-gradient":""}},"ast-content-background-meta":{"desktop":{"background-color":"var(--ast-global-color-5)","background-image":"","background-repeat":"repeat","background-position":"center center","background-size":"auto","background-attachment":"scroll","background-type":"","background-media":"","overlay-type":"","overlay-color":"","overlay-opacity":"","overlay-gradient":""},"tablet":{"background-color":"var(--ast-global-color-5)","background-image":"","background-repeat":"repeat","background-position":"center center","background-size":"auto","background-attachment":"scroll","background-type":"","background-media":"","overlay-type":"","overlay-color":"","overlay-opacity":"","overlay-gradient":""},"mobile":{"background-color":"var(--ast-global-color-5)","background-image":"","background-repeat":"repeat","background-position":"center center","background-size":"auto","background-attachment":"scroll","background-type":"","background-media":"","overlay-type":"","overlay-color":"","overlay-opacity":"","overlay-gradient":""}}},"product_brand":[197],"product_cat":[210,208,198,167,209],"product_tag":[],"class_list":{"0":"post-4849","1":"product","2":"type-product","3":"status-publish","4":"has-post-thumbnail","6":"product_brand-monika-heiligmannn","7":"product_cat-balm","8":"product_cat-mask","9":"product_cat-monika-heiligmann","10":"product_cat-latest","11":"product_cat-serum","12":"desktop-align-center","13":"tablet-align-center","14":"mobile-align-center","15":"ast-product-gallery-layout-vertical-slider","16":"ast-product-tabs-layout-horizontal","17":"ast-qv-on-image","19":"first","20":"instock","21":"taxable","22":"shipping-taxable","23":"purchasable","24":"product-type-simple"},"uagb_featured_image_src":{"full":["https:\/\/ambassadebeaute.al\/wp-content\/uploads\/2026\/03\/exclusive-lip-perfecting-set-monika-heiligmann-aida-bicaj-497563.jpg",960,960,false],"thumbnail":["https:\/\/ambassadebeaute.al\/wp-content\/uploads\/2026\/03\/exclusive-lip-perfecting-set-monika-heiligmann-aida-bicaj-497563-150x150.jpg",150,150,true],"medium":["https:\/\/ambassadebeaute.al\/wp-content\/uploads\/2026\/03\/exclusive-lip-perfecting-set-monika-heiligmann-aida-bicaj-497563-300x300.jpg",300,300,true],"medium_large":["https:\/\/ambassadebeaute.al\/wp-content\/uploads\/2026\/03\/exclusive-lip-perfecting-set-monika-heiligmann-aida-bicaj-497563-768x768.jpg",768,768,true],"large":["https:\/\/ambassadebeaute.al\/wp-content\/uploads\/2026\/03\/exclusive-lip-perfecting-set-monika-heiligmann-aida-bicaj-497563.jpg",960,960,false],"1536x1536":["https:\/\/ambassadebeaute.al\/wp-content\/uploads\/2026\/03\/exclusive-lip-perfecting-set-monika-heiligmann-aida-bicaj-497563.jpg",960,960,false],"2048x2048":["https:\/\/ambassadebeaute.al\/wp-content\/uploads\/2026\/03\/exclusive-lip-perfecting-set-monika-heiligmann-aida-bicaj-497563.jpg",960,960,false],"trp-custom-language-flag":["https:\/\/ambassadebeaute.al\/wp-content\/uploads\/2026\/03\/exclusive-lip-perfecting-set-monika-heiligmann-aida-bicaj-497563-12x12.jpg",12,12,true],"woocommerce_thumbnail":["https:\/\/ambassadebeaute.al\/wp-content\/uploads\/2026\/03\/exclusive-lip-perfecting-set-monika-heiligmann-aida-bicaj-497563-300x300.jpg",300,300,true],"woocommerce_single":["https:\/\/ambassadebeaute.al\/wp-content\/uploads\/2026\/03\/exclusive-lip-perfecting-set-monika-heiligmann-aida-bicaj-497563-600x600.jpg",600,600,true],"woocommerce_gallery_thumbnail":["https:\/\/ambassadebeaute.al\/wp-content\/uploads\/2026\/03\/exclusive-lip-perfecting-set-monika-heiligmann-aida-bicaj-497563-100x100.jpg",100,100,true]},"uagb_author_info":{"display_name":"admin","author_link":"https:\/\/ambassadebeaute.al\/sq\/author\/"},"uagb_comment_info":0,"uagb_excerpt":"Experience the Art of Lip Perfection with Monika Heiligmann\u2019s Exclusive Set! This limited-edition set, unveils three essential products thoughtfully crafted with the finest ingredients. At Monika Heiligmann Lip Care Atelier, our commitment to excellence and cutting-edge formulas ensures a complete and transformative lip care routine.","_links":{"self":[{"href":"https:\/\/ambassadebeaute.al\/sq\/wp-json\/wp\/v2\/product\/4849","targetHints":{"allow":["GET"]}}],"collection":[{"href":"https:\/\/ambassadebeaute.al\/sq\/wp-json\/wp\/v2\/product"}],"about":[{"href":"https:\/\/ambassadebeaute.al\/sq\/wp-json\/wp\/v2\/types\/product"}],"wp:featuredmedia":[{"embeddable":true,"href":"https:\/\/ambassadebeaute.al\/sq\/wp-json\/wp\/v2\/media\/4861"}],"wp:attachment":[{"href":"https:\/\/ambassadebeaute.al\/sq\/wp-json\/wp\/v2\/media?parent=4849"}],"wp:term":[{"taxonomy":"product_brand","embeddable":true,"href":"https:\/\/ambassadebeaute.al\/sq\/wp-json\/wp\/v2\/product_brand?post=4849"},{"taxonomy":"product_cat","embeddable":true,"href":"https:\/\/ambassadebeaute.al\/sq\/wp-json\/wp\/v2\/product_cat?post=4849"},{"taxonomy":"product_tag","embeddable":true,"href":"https:\/\/ambassadebeaute.al\/sq\/wp-json\/wp\/v2\/product_tag?post=4849"}],"curies":[{"name":"wp","href":"https:\/\/api.w.org\/{rel}","templated":true}]}}