{"id":60,"date":"2020-02-11T21:17:02","date_gmt":"2020-02-11T21:17:02","guid":{"rendered":"https:\/\/faceology.net\/product\/solution-demaquillante-pour-les-yeux-100-ml\/"},"modified":"2026-03-27T20:37:03","modified_gmt":"2026-03-27T20:37:03","slug":"tretesire-demaquillante-derdh-les-yeux-100-ml","status":"publish","type":"product","link":"https:\/\/ambassadebeaute.al\/sq\/shop\/br\/face\/cleansers\/solution-demaquillante-pour-les-yeux-100-ml\/","title":{"rendered":"ZGJIDHJE DEMAQUILLANTE POUR LES YEUX"},"content":{"rendered":"<div class=\"translation-block\">\n<ul>\n<li>Heq plot\u00ebsisht makeup-in e syve dhe papast\u00ebrtit\u00eb<\/li>\n<li>Respekton l\u00ebkur\u00ebn delikate<\/li>\n<li>Zbut dhe shtr\u00ebngon<\/li>\n<\/ul>\n<\/div>","protected":false},"excerpt":{"rendered":"<div class=\"translation-block\">\n<p>Solucioni p\u00ebr syt\u00eb Demaqulliante \u00ebsht\u00eb nj\u00eb heq\u00ebs i but\u00eb, qet\u00ebsues dhe jo-irritues i grimit p\u00ebr syt\u00eb. I p\u00ebrshtatsh\u00ebm p\u00ebr t\u00eb gjitha llojet e l\u00ebkur\u00ebs rreth syve. Biologique Recherche Solution D\u00e9maquillante pour les Yeux shkrin dhe eliminon n\u00eb m\u00ebnyr\u00eb efikase grimin, madje edhe at\u00eb t\u00eb pap\u00ebrshkuesh\u00ebm nga uji. Formula e tij qet\u00ebsuese, jo-yndyrore dhe hipoalergjike respekton zon\u00ebn delikate rreth syrit.<\/p>\n<\/div>","protected":false},"featured_media":2235,"template":"","meta":{"_uag_custom_page_level_css":"","site-sidebar-layout":"default","site-content-layout":"","ast-site-content-layout":"default","site-content-style":"default","site-sidebar-style":"default","ast-global-header-display":"","ast-banner-title-visibility":"","ast-main-header-display":"","ast-hfb-above-header-display":"","ast-hfb-below-header-display":"","ast-hfb-mobile-header-display":"","site-post-title":"","ast-breadcrumbs-content":"","ast-featured-img":"","footer-sml-layout":"","ast-disable-related-posts":"","theme-transparent-header-meta":"default","adv-header-id-meta":"","stick-header-meta":"","header-above-stick-meta":"","header-main-stick-meta":"","header-below-stick-meta":"","astra-migrate-meta-layouts":"set","ast-page-background-enabled":"default","ast-page-background-meta":{"desktop":{"background-color":"var(--ast-global-color-4)","background-image":"","background-repeat":"repeat","background-position":"center center","background-size":"auto","background-attachment":"scroll","background-type":"","background-media":"","overlay-type":"","overlay-color":"","overlay-opacity":"","overlay-gradient":""},"tablet":{"background-color":"","background-image":"","background-repeat":"repeat","background-position":"center center","background-size":"auto","background-attachment":"scroll","background-type":"","background-media":"","overlay-type":"","overlay-color":"","overlay-opacity":"","overlay-gradient":""},"mobile":{"background-color":"","background-image":"","background-repeat":"repeat","background-position":"center center","background-size":"auto","background-attachment":"scroll","background-type":"","background-media":"","overlay-type":"","overlay-color":"","overlay-opacity":"","overlay-gradient":""}},"ast-content-background-meta":{"desktop":{"background-color":"var(--ast-global-color-5)","background-image":"","background-repeat":"repeat","background-position":"center center","background-size":"auto","background-attachment":"scroll","background-type":"","background-media":"","overlay-type":"","overlay-color":"","overlay-opacity":"","overlay-gradient":""},"tablet":{"background-color":"var(--ast-global-color-5)","background-image":"","background-repeat":"repeat","background-position":"center center","background-size":"auto","background-attachment":"scroll","background-type":"","background-media":"","overlay-type":"","overlay-color":"","overlay-opacity":"","overlay-gradient":""},"mobile":{"background-color":"var(--ast-global-color-5)","background-image":"","background-repeat":"repeat","background-position":"center center","background-size":"auto","background-attachment":"scroll","background-type":"","background-media":"","overlay-type":"","overlay-color":"","overlay-opacity":"","overlay-gradient":""}}},"product_brand":[199],"product_cat":[27,88,114],"product_tag":[],"class_list":{"0":"post-60","1":"product","2":"type-product","3":"status-publish","4":"has-post-thumbnail","6":"product_brand-biologique-recherche","7":"product_cat-br","8":"product_cat-cleansers","9":"product_cat-face","10":"desktop-align-center","11":"tablet-align-center","12":"mobile-align-center","13":"ast-product-gallery-layout-vertical-slider","14":"ast-product-gallery-with-no-image","15":"ast-product-tabs-layout-horizontal","16":"ast-qv-on-image","18":"first","19":"instock","20":"taxable","21":"shipping-taxable","22":"purchasable","23":"product-type-simple"},"uagb_featured_image_src":{"full":["https:\/\/ambassadebeaute.al\/wp-content\/uploads\/2020\/02\/SOLUTION-DEMAQUILLANTE-POUR-LES-YEUX-100ML-Biologique-Recherche-1-e1764901714871.jpg",900,900,false],"thumbnail":["https:\/\/ambassadebeaute.al\/wp-content\/uploads\/2020\/02\/SOLUTION-DEMAQUILLANTE-POUR-LES-YEUX-100ML-Biologique-Recherche-1-150x150.jpg",150,150,true],"medium":["https:\/\/ambassadebeaute.al\/wp-content\/uploads\/2020\/02\/SOLUTION-DEMAQUILLANTE-POUR-LES-YEUX-100ML-Biologique-Recherche-1-300x300.jpg",300,300,true],"medium_large":["https:\/\/ambassadebeaute.al\/wp-content\/uploads\/2020\/02\/SOLUTION-DEMAQUILLANTE-POUR-LES-YEUX-100ML-Biologique-Recherche-1-768x768.jpg",768,768,true],"large":["https:\/\/ambassadebeaute.al\/wp-content\/uploads\/2020\/02\/SOLUTION-DEMAQUILLANTE-POUR-LES-YEUX-100ML-Biologique-Recherche-1-1024x1024.jpg",1024,1024,true],"1536x1536":["https:\/\/ambassadebeaute.al\/wp-content\/uploads\/2020\/02\/SOLUTION-DEMAQUILLANTE-POUR-LES-YEUX-100ML-Biologique-Recherche-1-e1764901714871.jpg",900,900,false],"2048x2048":["https:\/\/ambassadebeaute.al\/wp-content\/uploads\/2020\/02\/SOLUTION-DEMAQUILLANTE-POUR-LES-YEUX-100ML-Biologique-Recherche-1-e1764901714871.jpg",900,900,false],"trp-custom-language-flag":["https:\/\/ambassadebeaute.al\/wp-content\/uploads\/2020\/02\/SOLUTION-DEMAQUILLANTE-POUR-LES-YEUX-100ML-Biologique-Recherche-1-e1764901714871.jpg",12,12,false],"woocommerce_thumbnail":["https:\/\/ambassadebeaute.al\/wp-content\/uploads\/2020\/02\/SOLUTION-DEMAQUILLANTE-POUR-LES-YEUX-100ML-Biologique-Recherche-1-e1764901714871-300x300.jpg",300,300,true],"woocommerce_single":["https:\/\/ambassadebeaute.al\/wp-content\/uploads\/2020\/02\/SOLUTION-DEMAQUILLANTE-POUR-LES-YEUX-100ML-Biologique-Recherche-1-600x600.jpg",600,600,true],"woocommerce_gallery_thumbnail":["https:\/\/ambassadebeaute.al\/wp-content\/uploads\/2020\/02\/SOLUTION-DEMAQUILLANTE-POUR-LES-YEUX-100ML-Biologique-Recherche-1-e1764901714871-100x100.jpg",100,100,true]},"uagb_author_info":{"display_name":"admin","author_link":"https:\/\/ambassadebeaute.al\/sq\/author\/"},"uagb_comment_info":0,"uagb_excerpt":"Eye Solution Demaqulliante is gentle, soothing, non irritating eye makeup remover. good for all skin types around the eyes.Biologique Recherche Solution D\u00e9maquillante pour les Yeux efficiently dissolves and eliminates make-up, even the waterproof kind. Its soothing, non-greasy, hypoallergenic formula respects the delicate area around the eye.","_links":{"self":[{"href":"https:\/\/ambassadebeaute.al\/sq\/wp-json\/wp\/v2\/product\/60","targetHints":{"allow":["GET"]}}],"collection":[{"href":"https:\/\/ambassadebeaute.al\/sq\/wp-json\/wp\/v2\/product"}],"about":[{"href":"https:\/\/ambassadebeaute.al\/sq\/wp-json\/wp\/v2\/types\/product"}],"wp:featuredmedia":[{"embeddable":true,"href":"https:\/\/ambassadebeaute.al\/sq\/wp-json\/wp\/v2\/media\/2235"}],"wp:attachment":[{"href":"https:\/\/ambassadebeaute.al\/sq\/wp-json\/wp\/v2\/media?parent=60"}],"wp:term":[{"taxonomy":"product_brand","embeddable":true,"href":"https:\/\/ambassadebeaute.al\/sq\/wp-json\/wp\/v2\/product_brand?post=60"},{"taxonomy":"product_cat","embeddable":true,"href":"https:\/\/ambassadebeaute.al\/sq\/wp-json\/wp\/v2\/product_cat?post=60"},{"taxonomy":"product_tag","embeddable":true,"href":"https:\/\/ambassadebeaute.al\/sq\/wp-json\/wp\/v2\/product_tag?post=60"}],"curies":[{"name":"wp","href":"https:\/\/api.w.org\/{rel}","templated":true}]}}