{"id":70,"date":"2020-02-11T21:17:04","date_gmt":"2020-02-11T21:17:04","guid":{"rendered":"https:\/\/faceology.net\/product\/lotion-p50-pigm-400-150-ml\/"},"modified":"2026-03-27T20:37:03","modified_gmt":"2026-03-27T20:37:03","slug":"locion-p50-pigm-400l","status":"publish","type":"product","link":"https:\/\/ambassadebeaute.al\/sq\/shop\/br\/face\/lotions\/lotion-p50-pigm-400l\/","title":{"rendered":"LOCIION P50 PIGM 400"},"content":{"rendered":"<div class=\"translation-block\">\n<ul>\n<li> Pastron l\u00ebkur\u00ebn tuaj \u00e7do dit\u00eb. <\/li>\n<li> Rregullon sekretimin e sebumit. <\/li>\n<li> Ndihmon n\u00eb procesin e rinovimit t\u00eb epiderm\u00ebs. <\/li>\n<li> P\u00ebrmir\u00ebson forc\u00ebn dhe cil\u00ebsin\u00eb e epiderm\u00ebs. <\/li>\n<li> Hidraton shtresat e sip\u00ebrme t\u00eb epiderm\u00ebs fal\u00eb veprimit t\u00eb saj keratolitik. <\/li>\n<li> Bilancon pH-in e sip\u00ebrfaqes s\u00eb l\u00ebkur\u00ebs. <\/li>\n<li> P\u00ebrmir\u00ebson efektivitetin e produkteve t\u00eb tjera Biologique Recherche t\u00eb p\u00ebrdorura pas tij. <\/li>\n<li> Nj\u00eb locion me shum\u00eb funksione q\u00eb nxjerr, pastron dhe rigjeneron epiderm\u00ebn. <\/li>\n<li> Shtylla e metod\u00ebs Biologique Recherche p\u00ebr rikondicionim t\u00eb epiderm\u00ebs . <\/li>\n<li> Eksfoliacion progresiv q\u00eb mund t\u00eb p\u00ebrdoret dy her\u00eb n\u00eb dit\u00eb. <\/li>\n<\/ Ul>\n<p> Sh\u00ebnim: <br \/>\n- Shmangni ekspozimin n\u00eb diell pas aplikimit t\u00eb produktit. <br \/>\n- Jo i p\u00ebrshtatsh\u00ebm p\u00ebr f\u00ebmij\u00ebt. <br \/>\n- Mos e p\u00ebrdorni n\u00eb l\u00ebkur\u00eb t\u00eb irrituar. <\/p>\n<\/div>","protected":false},"excerpt":{"rendered":"<p class=\" translation-block\">P\u00ebrshkrimi i produktit: Lotion P50 PIGM 400 \u00ebsht\u00eb nj\u00eb losion q\u00eb i largon qelizat e vdekura t\u00eb epiderm\u00ebs dhe e b\u00ebn l\u00ebkur\u00ebn m\u00eb t\u00eb ndritshme. Ai \u00ebsht\u00eb ideal p\u00ebr  tenin e vrazhd\u00eb me shenja t\u00eb tejpigmentimit. Ai e rrit\u00eb rinovimin e epiderm\u00ebs dhe ndihmon n\u00eb rregullimin e sintez\u00ebs se melanin\u00ebs, duke e mbrojtur l\u00ebkur\u00ebn.<\/p>","protected":false},"featured_media":2218,"template":"","meta":{"_uag_custom_page_level_css":"","site-sidebar-layout":"default","site-content-layout":"","ast-site-content-layout":"default","site-content-style":"default","site-sidebar-style":"default","ast-global-header-display":"","ast-banner-title-visibility":"","ast-main-header-display":"","ast-hfb-above-header-display":"","ast-hfb-below-header-display":"","ast-hfb-mobile-header-display":"","site-post-title":"","ast-breadcrumbs-content":"","ast-featured-img":"","footer-sml-layout":"","ast-disable-related-posts":"","theme-transparent-header-meta":"default","adv-header-id-meta":"","stick-header-meta":"","header-above-stick-meta":"","header-main-stick-meta":"","header-below-stick-meta":"","astra-migrate-meta-layouts":"set","ast-page-background-enabled":"default","ast-page-background-meta":{"desktop":{"background-color":"var(--ast-global-color-4)","background-image":"","background-repeat":"repeat","background-position":"center center","background-size":"auto","background-attachment":"scroll","background-type":"","background-media":"","overlay-type":"","overlay-color":"","overlay-opacity":"","overlay-gradient":""},"tablet":{"background-color":"","background-image":"","background-repeat":"repeat","background-position":"center center","background-size":"auto","background-attachment":"scroll","background-type":"","background-media":"","overlay-type":"","overlay-color":"","overlay-opacity":"","overlay-gradient":""},"mobile":{"background-color":"","background-image":"","background-repeat":"repeat","background-position":"center center","background-size":"auto","background-attachment":"scroll","background-type":"","background-media":"","overlay-type":"","overlay-color":"","overlay-opacity":"","overlay-gradient":""}},"ast-content-background-meta":{"desktop":{"background-color":"var(--ast-global-color-5)","background-image":"","background-repeat":"repeat","background-position":"center center","background-size":"auto","background-attachment":"scroll","background-type":"","background-media":"","overlay-type":"","overlay-color":"","overlay-opacity":"","overlay-gradient":""},"tablet":{"background-color":"var(--ast-global-color-5)","background-image":"","background-repeat":"repeat","background-position":"center center","background-size":"auto","background-attachment":"scroll","background-type":"","background-media":"","overlay-type":"","overlay-color":"","overlay-opacity":"","overlay-gradient":""},"mobile":{"background-color":"var(--ast-global-color-5)","background-image":"","background-repeat":"repeat","background-position":"center center","background-size":"auto","background-attachment":"scroll","background-type":"","background-media":"","overlay-type":"","overlay-color":"","overlay-opacity":"","overlay-gradient":""}}},"product_brand":[199],"product_cat":[27,114,94],"product_tag":[],"class_list":{"0":"post-70","1":"product","2":"type-product","3":"status-publish","4":"has-post-thumbnail","6":"product_brand-biologique-recherche","7":"product_cat-br","8":"product_cat-face","9":"product_cat-lotions","10":"desktop-align-center","11":"tablet-align-center","12":"mobile-align-center","13":"ast-product-gallery-layout-vertical-slider","14":"ast-product-gallery-with-no-image","15":"ast-product-single-variable","16":"ast-product-tabs-layout-horizontal","17":"ast-qv-on-image","19":"first","20":"instock","21":"taxable","22":"shipping-taxable","23":"purchasable","24":"product-type-variable","25":"has-default-attributes"},"uagb_featured_image_src":{"full":["https:\/\/ambassadebeaute.al\/wp-content\/uploads\/2020\/03\/LotionP50Pigm400-150ml-Biologique-Recherche.jpg",1024,1024,false],"thumbnail":["https:\/\/ambassadebeaute.al\/wp-content\/uploads\/2020\/03\/LotionP50Pigm400-150ml-Biologique-Recherche-150x150.jpg",150,150,true],"medium":["https:\/\/ambassadebeaute.al\/wp-content\/uploads\/2020\/03\/LotionP50Pigm400-150ml-Biologique-Recherche-300x300.jpg",300,300,true],"medium_large":["https:\/\/ambassadebeaute.al\/wp-content\/uploads\/2020\/03\/LotionP50Pigm400-150ml-Biologique-Recherche-768x768.jpg",768,768,true],"large":["https:\/\/ambassadebeaute.al\/wp-content\/uploads\/2020\/03\/LotionP50Pigm400-150ml-Biologique-Recherche-1024x1024.jpg",1024,1024,true],"1536x1536":["https:\/\/ambassadebeaute.al\/wp-content\/uploads\/2020\/03\/LotionP50Pigm400-150ml-Biologique-Recherche.jpg",1024,1024,false],"2048x2048":["https:\/\/ambassadebeaute.al\/wp-content\/uploads\/2020\/03\/LotionP50Pigm400-150ml-Biologique-Recherche.jpg",1024,1024,false],"trp-custom-language-flag":["https:\/\/ambassadebeaute.al\/wp-content\/uploads\/2020\/03\/LotionP50Pigm400-150ml-Biologique-Recherche.jpg",12,12,false],"woocommerce_thumbnail":["https:\/\/ambassadebeaute.al\/wp-content\/uploads\/2020\/03\/LotionP50Pigm400-150ml-Biologique-Recherche-300x300.jpg",300,300,true],"woocommerce_single":["https:\/\/ambassadebeaute.al\/wp-content\/uploads\/2020\/03\/LotionP50Pigm400-150ml-Biologique-Recherche-600x600.jpg",600,600,true],"woocommerce_gallery_thumbnail":["https:\/\/ambassadebeaute.al\/wp-content\/uploads\/2020\/03\/LotionP50Pigm400-150ml-Biologique-Recherche-100x100.jpg",100,100,true]},"uagb_author_info":{"display_name":"admin","author_link":"https:\/\/ambassadebeaute.al\/sq\/author\/"},"uagb_comment_info":0,"uagb_excerpt":"Lotion P50 PIGM 400 is an exfoliating and brightening lotion that is ideal for dull complexions with hyperpigmented marks. It enhances epidermal renewal and helps regulate melanin synthesis while respecting and protecting the skin. This is a complete solution that helps to recover a luminous and radiant skin with an even and lightened complexion.","_links":{"self":[{"href":"https:\/\/ambassadebeaute.al\/sq\/wp-json\/wp\/v2\/product\/70","targetHints":{"allow":["GET"]}}],"collection":[{"href":"https:\/\/ambassadebeaute.al\/sq\/wp-json\/wp\/v2\/product"}],"about":[{"href":"https:\/\/ambassadebeaute.al\/sq\/wp-json\/wp\/v2\/types\/product"}],"wp:featuredmedia":[{"embeddable":true,"href":"https:\/\/ambassadebeaute.al\/sq\/wp-json\/wp\/v2\/media\/2218"}],"wp:attachment":[{"href":"https:\/\/ambassadebeaute.al\/sq\/wp-json\/wp\/v2\/media?parent=70"}],"wp:term":[{"taxonomy":"product_brand","embeddable":true,"href":"https:\/\/ambassadebeaute.al\/sq\/wp-json\/wp\/v2\/product_brand?post=70"},{"taxonomy":"product_cat","embeddable":true,"href":"https:\/\/ambassadebeaute.al\/sq\/wp-json\/wp\/v2\/product_cat?post=70"},{"taxonomy":"product_tag","embeddable":true,"href":"https:\/\/ambassadebeaute.al\/sq\/wp-json\/wp\/v2\/product_tag?post=70"}],"curies":[{"name":"wp","href":"https:\/\/api.w.org\/{rel}","templated":true}]}}