{"id":73,"date":"2020-02-11T21:17:04","date_gmt":"2020-02-11T21:17:04","guid":{"rendered":"https:\/\/faceology.net\/product\/leauxygenante-150-ml\/"},"modified":"2026-03-27T20:37:03","modified_gmt":"2026-03-27T20:37:03","slug":"leauxygenante","status":"publish","type":"product","link":"https:\/\/ambassadebeaute.al\/sq\/shop\/br\/face\/lotions\/leauxygenante\/","title":{"rendered":"L&#039;EAUXYGENANTE"},"content":{"rendered":"<div class=\"translation-block\">\nRezultati: e b\u00ebn fytyr\u00ebn t\u00eb shndris\u00eb dhe e rrit\u00eb koh\u00ebn  e q\u00ebndrimit t\u00eb grimit apo makijazhit.\n\n<Ul> \n<li> P\u00ebrmir\u00ebson aft\u00ebsin\u00eb e l\u00ebkur\u00ebs p\u00ebr t'u p\u00ebrshtatur me klim\u00eb t\u00eb ndryshme. <\/li>\n<li> Ndihmon l\u00ebkur\u00ebn t\u00eb mbrohet kund\u00ebr agresioneve t\u00eb jashtme fal\u00eb vetive t\u00eb saj anti-oksiduese. <\/li>\n<li> Energjizon epiderm\u00ebn. <\/li>\n<li> Ndihmon n\u00eb rivendosjen e aciditetit natyror t\u00eb l\u00ebkur\u00ebs. <\/li>\n<li> Hidraton, qet\u00ebson dhe freskon l\u00ebkur\u00ebn. <\/li>\n<li> Trajtim oksigjenues q\u00eb thith bukurin\u00eb n\u00eb l\u00ebkur\u00ebn tuaj. <\/li>\n<li> Nj\u00eb mjegull q\u00eb unifikon fytyr\u00ebn tuaj dhe zvog\u00eblon t\u00eb metat. <\/li>\n<li> Trajtim energjetik q\u00eb rikthen shk\u00eblqim n\u00eb l\u00ebkurat e devijuara, t\u00eb lodhura. <\/li>\n<li> L\u2019Eauxyg\u00e9nante \u00ebsht\u00eb praktike dhe e thjesht\u00eb p\u00ebr t\u2019u futur n\u00eb \u00e7ant\u00ebn tuaj. Ky produkt i zgjuar do t\u00eb jet\u00eb shum\u00eb i dobish\u00ebm n\u00eb udh\u00ebtime, n\u00eb sezonin e nxeht\u00eb, ose gjat\u00eb ekspozimit t\u00eb gjat\u00eb ndaj ajrit t\u00eb kondicionuar. <\/li>\n<\/ Ul>\n\n<p> Lyeni l\u00ebkur\u00ebn tuaj n\u00eb nj\u00eb veprim t\u00eb shpejt\u00eb duke rikthyer freskin\u00eb dhe lag\u00ebshtin\u00eb. <\/p>\n<\/div>\n<p>&nbsp;<\/p>","protected":false},"excerpt":{"rendered":"<p class=\" translation-block\">\"P\u00ebrshkrimi i produktit: ky produkt p\u00ebr hidratim, antioksidues dhe oksigjenues e stimulon epiderm\u00ebn dhe e mb\u00ebshtjell at\u00eb n\u00eb nj\u00eb vello mbrojt\u00ebse. Ky produkt, ka ekstrakt t\u00eb Edelweiss, i cili ka veti t\u00eb fuqishme p\u00ebr t\u2019i luftuar radikalet e lira si dhe \np\u00ebrmban kompleksin specifik p\u00ebr oksigjenim t\u00eb Biologique Recherche. Ky \nsp\u00ebrkat\u00ebs (sprej) p\u00ebr fytyr\u00eb, e ruan acidin pH t\u00eb epiderm\u00ebs andaj rekomandohet p\u00ebr t\u00eb gjitha llojet e l\u00ebkur\u00ebs.\n\"<\/p>","protected":false},"featured_media":2221,"template":"","meta":{"_uag_custom_page_level_css":"","site-sidebar-layout":"default","site-content-layout":"","ast-site-content-layout":"default","site-content-style":"default","site-sidebar-style":"default","ast-global-header-display":"","ast-banner-title-visibility":"","ast-main-header-display":"","ast-hfb-above-header-display":"","ast-hfb-below-header-display":"","ast-hfb-mobile-header-display":"","site-post-title":"","ast-breadcrumbs-content":"","ast-featured-img":"","footer-sml-layout":"","ast-disable-related-posts":"","theme-transparent-header-meta":"","adv-header-id-meta":"","stick-header-meta":"","header-above-stick-meta":"","header-main-stick-meta":"","header-below-stick-meta":"","astra-migrate-meta-layouts":"default","ast-page-background-enabled":"default","ast-page-background-meta":{"desktop":{"background-color":"var(--ast-global-color-4)","background-image":"","background-repeat":"repeat","background-position":"center center","background-size":"auto","background-attachment":"scroll","background-type":"","background-media":"","overlay-type":"","overlay-color":"","overlay-opacity":"","overlay-gradient":""},"tablet":{"background-color":"","background-image":"","background-repeat":"repeat","background-position":"center center","background-size":"auto","background-attachment":"scroll","background-type":"","background-media":"","overlay-type":"","overlay-color":"","overlay-opacity":"","overlay-gradient":""},"mobile":{"background-color":"","background-image":"","background-repeat":"repeat","background-position":"center center","background-size":"auto","background-attachment":"scroll","background-type":"","background-media":"","overlay-type":"","overlay-color":"","overlay-opacity":"","overlay-gradient":""}},"ast-content-background-meta":{"desktop":{"background-color":"var(--ast-global-color-5)","background-image":"","background-repeat":"repeat","background-position":"center center","background-size":"auto","background-attachment":"scroll","background-type":"","background-media":"","overlay-type":"","overlay-color":"","overlay-opacity":"","overlay-gradient":""},"tablet":{"background-color":"var(--ast-global-color-5)","background-image":"","background-repeat":"repeat","background-position":"center center","background-size":"auto","background-attachment":"scroll","background-type":"","background-media":"","overlay-type":"","overlay-color":"","overlay-opacity":"","overlay-gradient":""},"mobile":{"background-color":"var(--ast-global-color-5)","background-image":"","background-repeat":"repeat","background-position":"center center","background-size":"auto","background-attachment":"scroll","background-type":"","background-media":"","overlay-type":"","overlay-color":"","overlay-opacity":"","overlay-gradient":""}}},"product_brand":[199],"product_cat":[27,114,94],"product_tag":[],"class_list":{"0":"post-73","1":"product","2":"type-product","3":"status-publish","4":"has-post-thumbnail","6":"product_brand-biologique-recherche","7":"product_cat-br","8":"product_cat-face","9":"product_cat-lotions","10":"desktop-align-center","11":"tablet-align-center","12":"mobile-align-center","13":"ast-product-gallery-layout-vertical-slider","14":"ast-product-gallery-with-no-image","15":"ast-product-single-variable","16":"ast-product-tabs-layout-horizontal","17":"ast-qv-on-image","19":"first","20":"instock","21":"taxable","22":"shipping-taxable","23":"purchasable","24":"product-type-variable"},"uagb_featured_image_src":{"full":["https:\/\/ambassadebeaute.al\/wp-content\/uploads\/2020\/03\/Leauxygenante150Pack-Biologique-Recherche.jpg",1024,1024,false],"thumbnail":["https:\/\/ambassadebeaute.al\/wp-content\/uploads\/2020\/03\/Leauxygenante150Pack-Biologique-Recherche-150x150.jpg",150,150,true],"medium":["https:\/\/ambassadebeaute.al\/wp-content\/uploads\/2020\/03\/Leauxygenante150Pack-Biologique-Recherche-300x300.jpg",300,300,true],"medium_large":["https:\/\/ambassadebeaute.al\/wp-content\/uploads\/2020\/03\/Leauxygenante150Pack-Biologique-Recherche-768x768.jpg",768,768,true],"large":["https:\/\/ambassadebeaute.al\/wp-content\/uploads\/2020\/03\/Leauxygenante150Pack-Biologique-Recherche-1024x1024.jpg",1024,1024,true],"1536x1536":["https:\/\/ambassadebeaute.al\/wp-content\/uploads\/2020\/03\/Leauxygenante150Pack-Biologique-Recherche.jpg",1024,1024,false],"2048x2048":["https:\/\/ambassadebeaute.al\/wp-content\/uploads\/2020\/03\/Leauxygenante150Pack-Biologique-Recherche.jpg",1024,1024,false],"trp-custom-language-flag":["https:\/\/ambassadebeaute.al\/wp-content\/uploads\/2020\/03\/Leauxygenante150Pack-Biologique-Recherche.jpg",12,12,false],"woocommerce_thumbnail":["https:\/\/ambassadebeaute.al\/wp-content\/uploads\/2020\/03\/Leauxygenante150Pack-Biologique-Recherche-300x300.jpg",300,300,true],"woocommerce_single":["https:\/\/ambassadebeaute.al\/wp-content\/uploads\/2020\/03\/Leauxygenante150Pack-Biologique-Recherche-600x600.jpg",600,600,true],"woocommerce_gallery_thumbnail":["https:\/\/ambassadebeaute.al\/wp-content\/uploads\/2020\/03\/Leauxygenante150Pack-Biologique-Recherche-100x100.jpg",100,100,true]},"uagb_author_info":{"display_name":"admin","author_link":"https:\/\/ambassadebeaute.al\/sq\/author\/"},"uagb_comment_info":0,"uagb_excerpt":"Excellent for people who exercise often, and for people who don\u2019t sleep enough. Spray directly on skin or on top of makeup. Very refreshing, makes the skin feel moist and fresh. Good to use after Biologique Recherch Lotion P50W because P50W lathers more than the other P50s. Aida says, \u201cI love to use it after&hellip;","_links":{"self":[{"href":"https:\/\/ambassadebeaute.al\/sq\/wp-json\/wp\/v2\/product\/73","targetHints":{"allow":["GET"]}}],"collection":[{"href":"https:\/\/ambassadebeaute.al\/sq\/wp-json\/wp\/v2\/product"}],"about":[{"href":"https:\/\/ambassadebeaute.al\/sq\/wp-json\/wp\/v2\/types\/product"}],"wp:featuredmedia":[{"embeddable":true,"href":"https:\/\/ambassadebeaute.al\/sq\/wp-json\/wp\/v2\/media\/2221"}],"wp:attachment":[{"href":"https:\/\/ambassadebeaute.al\/sq\/wp-json\/wp\/v2\/media?parent=73"}],"wp:term":[{"taxonomy":"product_brand","embeddable":true,"href":"https:\/\/ambassadebeaute.al\/sq\/wp-json\/wp\/v2\/product_brand?post=73"},{"taxonomy":"product_cat","embeddable":true,"href":"https:\/\/ambassadebeaute.al\/sq\/wp-json\/wp\/v2\/product_cat?post=73"},{"taxonomy":"product_tag","embeddable":true,"href":"https:\/\/ambassadebeaute.al\/sq\/wp-json\/wp\/v2\/product_tag?post=73"}],"curies":[{"name":"wp","href":"https:\/\/api.w.org\/{rel}","templated":true}]}}