{"id":79,"date":"2020-02-11T21:17:05","date_gmt":"2020-02-11T21:17:05","guid":{"rendered":"https:\/\/faceology.net\/product\/masque-vip-o2-100-ml\/"},"modified":"2026-03-27T20:36:48","modified_gmt":"2026-03-27T20:36:48","slug":"maske-vip-o2-100-ml","status":"publish","type":"product","link":"https:\/\/ambassadebeaute.al\/sq\/shop\/br\/face\/face-masks\/masque-vip-o2-100-ml\/","title":{"rendered":"MASK\u00cb VIP O2 100 ml"},"content":{"rendered":"<div class=\"translation-block\">\n<ul><li>\nNj\u00eb mask\u00eb freskuese kund\u00ebr ndotjes q\u00eb e b\u00ebn l\u00ebkur\u00ebn tuaj t\u00eb marr\u00eb frym\u00eb fal\u00eb vetive t\u00eb saj oksigjenuese.<\/li>\n<li>Rigjall\u00ebron l\u00ebkurat e stresuara, duke i b\u00ebr\u00eb ato me shk\u00eblqim dhe sh\u00ebndet t\u00eb mir\u00eb. <li>Efekt i duksh\u00ebm ndri\u00e7ues.<\/li>\n<li>Ideale p\u00ebr t\u00eb qet\u00ebsuar efektet e diellit. <\/li>Vendoseni n\u00eb frigorifer para p\u00ebrdorimit dhe aplikoni n\u00eb nj\u00eb shtres\u00eb t\u00eb trash\u00eb. Lejo q\u00eb efekti i saj freskues t\u00eb zhytet brenda l\u00ebkur\u00ebs tuaj. L\u00ebkura juaj do t\u00eb zbutet dhe qet\u00ebsohet.<\/li>\n<li>Krijon kushte t\u00eb favorshme sip\u00ebrfaq\u00ebsore t\u00eb cilat p\u00ebrmir\u00ebsojn\u00eb funksionet e epiderm\u00ebs.<\/li>\n<li>P\u00ebrmir\u00ebson rigjenerimin e qelizave dhe rigjall\u00ebrimin e epiderm\u00ebs.<\/li>\n<li>Tonon zon\u00ebn e syve dhe zvog\u00eblon qarqet e err\u00ebta n\u00ebn sy.<\/li>\n<li>Zbut l\u00ebkur\u00ebn.<\/li>\nHidraton shtresat e sip\u00ebrme t\u00eb epiderm\u00ebs.<\/li>\nNdri\u00e7on dhe unifikon \u00e7ehren.\n<\/li><\/ul>\nSh\u00ebnim:\n- Shmangni ekspozimin n\u00eb diell pas aplikimit t\u00eb produktit.\n- Jo i p\u00ebrshtatsh\u00ebm p\u00ebr f\u00ebmij\u00ebt.\n<\/div>","protected":false},"excerpt":{"rendered":"<p class=\" translation-block\">P\u00ebrshkrimi i produktit: ky trajtim p\u00ebr oksigjenim, hidratim dhe kund\u00ebr ndot\u00ebsve, e rikthen shk\u00eblqimin e l\u00ebkur\u00ebs s\u00eb stresuar dhe t\u00eb ngulfatur nga tymi i duhanit. Formula e tij \u00ebsht\u00eb e pasur me p\u00ebrb\u00ebr\u00ebs bimor\u00eb p\u00ebr hidratim dhe p\u00ebrmban kompleksin specifik Biologique Recherche Oxygenating, i cili stimulon rigjenerimin e epiderm\u00ebs dhe rigjall\u00ebron l\u00ebkur\u00ebn. \u00cbsht\u00eb ideal p\u00ebr zbutjen e djegieve nga dielli dhe mund t\u00eb lihet n\u00eb frigorifer para p\u00ebrdorimit. P\u00ebrdorni nj\u00eb shtres\u00eb t\u00eb trash\u00eb p\u00ebr t\u2019a zbutur dhe qet\u00ebsuar l\u00ebkur\u00ebn. Rekomandohet p\u00ebr l\u00ebkur\u00eb t\u00eb d\u00ebmtuar, t\u00eb lodhur dhe t\u00eb stresuar.<\/p>","protected":false},"featured_media":2210,"template":"","meta":{"_uag_custom_page_level_css":"","site-sidebar-layout":"default","site-content-layout":"","ast-site-content-layout":"default","site-content-style":"default","site-sidebar-style":"default","ast-global-header-display":"","ast-banner-title-visibility":"","ast-main-header-display":"","ast-hfb-above-header-display":"","ast-hfb-below-header-display":"","ast-hfb-mobile-header-display":"","site-post-title":"","ast-breadcrumbs-content":"","ast-featured-img":"","footer-sml-layout":"","ast-disable-related-posts":"","theme-transparent-header-meta":"","adv-header-id-meta":"","stick-header-meta":"","header-above-stick-meta":"","header-main-stick-meta":"","header-below-stick-meta":"","astra-migrate-meta-layouts":"default","ast-page-background-enabled":"default","ast-page-background-meta":{"desktop":{"background-color":"var(--ast-global-color-4)","background-image":"","background-repeat":"repeat","background-position":"center center","background-size":"auto","background-attachment":"scroll","background-type":"","background-media":"","overlay-type":"","overlay-color":"","overlay-opacity":"","overlay-gradient":""},"tablet":{"background-color":"","background-image":"","background-repeat":"repeat","background-position":"center center","background-size":"auto","background-attachment":"scroll","background-type":"","background-media":"","overlay-type":"","overlay-color":"","overlay-opacity":"","overlay-gradient":""},"mobile":{"background-color":"","background-image":"","background-repeat":"repeat","background-position":"center center","background-size":"auto","background-attachment":"scroll","background-type":"","background-media":"","overlay-type":"","overlay-color":"","overlay-opacity":"","overlay-gradient":""}},"ast-content-background-meta":{"desktop":{"background-color":"var(--ast-global-color-5)","background-image":"","background-repeat":"repeat","background-position":"center center","background-size":"auto","background-attachment":"scroll","background-type":"","background-media":"","overlay-type":"","overlay-color":"","overlay-opacity":"","overlay-gradient":""},"tablet":{"background-color":"var(--ast-global-color-5)","background-image":"","background-repeat":"repeat","background-position":"center center","background-size":"auto","background-attachment":"scroll","background-type":"","background-media":"","overlay-type":"","overlay-color":"","overlay-opacity":"","overlay-gradient":""},"mobile":{"background-color":"var(--ast-global-color-5)","background-image":"","background-repeat":"repeat","background-position":"center center","background-size":"auto","background-attachment":"scroll","background-type":"","background-media":"","overlay-type":"","overlay-color":"","overlay-opacity":"","overlay-gradient":""}}},"product_brand":[199],"product_cat":[27,114,58],"product_tag":[],"class_list":{"0":"post-79","1":"product","2":"type-product","3":"status-publish","4":"has-post-thumbnail","6":"product_brand-biologique-recherche","7":"product_cat-br","8":"product_cat-face","9":"product_cat-face-masks","10":"desktop-align-center","11":"tablet-align-center","12":"mobile-align-center","13":"ast-product-gallery-layout-vertical-slider","14":"ast-product-gallery-with-no-image","15":"ast-product-tabs-layout-horizontal","16":"ast-qv-on-image","18":"first","19":"instock","20":"taxable","21":"shipping-taxable","22":"purchasable","23":"product-type-simple"},"uagb_featured_image_src":{"full":["https:\/\/ambassadebeaute.al\/wp-content\/uploads\/2020\/02\/Masque-VIP-O2-100ml-1.jpg",1024,1024,false],"thumbnail":["https:\/\/ambassadebeaute.al\/wp-content\/uploads\/2020\/02\/Masque-VIP-O2-100ml-1-150x150.jpg",150,150,true],"medium":["https:\/\/ambassadebeaute.al\/wp-content\/uploads\/2020\/02\/Masque-VIP-O2-100ml-1-300x300.jpg",300,300,true],"medium_large":["https:\/\/ambassadebeaute.al\/wp-content\/uploads\/2020\/02\/Masque-VIP-O2-100ml-1-768x768.jpg",768,768,true],"large":["https:\/\/ambassadebeaute.al\/wp-content\/uploads\/2020\/02\/Masque-VIP-O2-100ml-1-1024x1024.jpg",1024,1024,true],"1536x1536":["https:\/\/ambassadebeaute.al\/wp-content\/uploads\/2020\/02\/Masque-VIP-O2-100ml-1.jpg",1024,1024,false],"2048x2048":["https:\/\/ambassadebeaute.al\/wp-content\/uploads\/2020\/02\/Masque-VIP-O2-100ml-1.jpg",1024,1024,false],"trp-custom-language-flag":["https:\/\/ambassadebeaute.al\/wp-content\/uploads\/2020\/02\/Masque-VIP-O2-100ml-1.jpg",12,12,false],"woocommerce_thumbnail":["https:\/\/ambassadebeaute.al\/wp-content\/uploads\/2020\/02\/Masque-VIP-O2-100ml-1-300x300.jpg",300,300,true],"woocommerce_single":["https:\/\/ambassadebeaute.al\/wp-content\/uploads\/2020\/02\/Masque-VIP-O2-100ml-1-600x600.jpg",600,600,true],"woocommerce_gallery_thumbnail":["https:\/\/ambassadebeaute.al\/wp-content\/uploads\/2020\/02\/Masque-VIP-O2-100ml-1-100x100.jpg",100,100,true]},"uagb_author_info":{"display_name":"admin","author_link":"https:\/\/ambassadebeaute.al\/sq\/author\/"},"uagb_comment_info":0,"uagb_excerpt":"Oxygenating and brightening mask for any type of skin. Great for people with dull, tired skin from smoking, overwork, and lack of sleep. Masque VIP O2 is intended for lips, hands, cleavage and eye areas. It enhances cell regeneration and revitalization with marine elastine, and reduces dark circles under the eyes. It soothes the skin&hellip;","_links":{"self":[{"href":"https:\/\/ambassadebeaute.al\/sq\/wp-json\/wp\/v2\/product\/79","targetHints":{"allow":["GET"]}}],"collection":[{"href":"https:\/\/ambassadebeaute.al\/sq\/wp-json\/wp\/v2\/product"}],"about":[{"href":"https:\/\/ambassadebeaute.al\/sq\/wp-json\/wp\/v2\/types\/product"}],"wp:featuredmedia":[{"embeddable":true,"href":"https:\/\/ambassadebeaute.al\/sq\/wp-json\/wp\/v2\/media\/2210"}],"wp:attachment":[{"href":"https:\/\/ambassadebeaute.al\/sq\/wp-json\/wp\/v2\/media?parent=79"}],"wp:term":[{"taxonomy":"product_brand","embeddable":true,"href":"https:\/\/ambassadebeaute.al\/sq\/wp-json\/wp\/v2\/product_brand?post=79"},{"taxonomy":"product_cat","embeddable":true,"href":"https:\/\/ambassadebeaute.al\/sq\/wp-json\/wp\/v2\/product_cat?post=79"},{"taxonomy":"product_tag","embeddable":true,"href":"https:\/\/ambassadebeaute.al\/sq\/wp-json\/wp\/v2\/product_tag?post=79"}],"curies":[{"name":"wp","href":"https:\/\/api.w.org\/{rel}","templated":true}]}}