{"id":84,"date":"2020-02-11T21:17:10","date_gmt":"2020-02-11T21:17:10","guid":{"rendered":"https:\/\/faceology.net\/product\/masque-pigm-400-4-sachets-de-18-ml\/"},"modified":"2026-03-27T20:36:48","modified_gmt":"2026-03-27T20:36:48","slug":"maske-pigm-400","status":"publish","type":"product","link":"https:\/\/ambassadebeaute.al\/sq\/shop\/br\/face\/face-masks\/masque-pigm-400\/","title":{"rendered":"PIGM MASK\u00cb 400"},"content":{"rendered":"<div class=\"translation-block\">\n<ul><li>\n<li>P\u00ebrmir\u00ebson menj\u00ebher\u00eb shk\u00eblqimin e fytyr\u00ebs<\/li>\n<li>Kontrollon melanogjenez\u00ebn\n<li>Ndri\u00e7on l\u00ebkur\u00ebn<\/li>\n<li>B\u00ebn me \u00e7ehre t\u00eb unifikuar, zvog\u00eblon parregullsit\u00eb<\/li>\n<li>Ndihmon n\u00eb zvog\u00eblimin e shenjave ekzistuese t\u00eb pigmentimit<\/li>\n<li>Veprimi  kunder radikaleve te lira, ndihmon n\u00eb luftimin e plakjes qelizore\n<\/li><\/ul>\n<\/div>","protected":false},"excerpt":{"rendered":"<p>Masque PIGM 400 funksionon si nj\u00eb iniciues dhe stimulues i v\u00ebrtet\u00eb i shk\u00eblqimit t\u00eb l\u00ebkur\u00ebs. Nga p\u00ebrdorimi i par\u00eb, shenjat e lodhjes zbuten dhe eliminohen menj\u00ebher\u00eb. Formula e tij, q\u00eb p\u00ebrmban nj\u00eb p\u00ebrqendrim t\u00eb lart\u00eb t\u00eb p\u00ebrb\u00ebr\u00ebsve aktiv\u00eb p\u00ebr l\u00ebkur\u00eb t\u00eb shndritshme dhe kund\u00ebr oksidant\u00ebve t\u00eb jasht\u00ebzakonsh\u00ebm, t\u00eb kombinuar me mb\u00ebshtetjen e p\u00ebrsosur t\u00eb Lyocell, i jep l\u00ebkur\u00ebs nj\u00eb ten m\u00eb t\u00eb shndritsh\u00ebm dhe shk\u00eblqim t\u00eb pashembullt. Maska, n\u00eb m\u00ebnyr\u00eb p\u00ebrkryer, i p\u00ebrshtatet form\u00ebs s\u00eb fytyr\u00ebs, p\u00ebr t\u00eb mund\u00ebsuar shp\u00ebrndarjen optimale t\u00eb p\u00ebrmbajt\u00ebsve aktiv. Nj\u00eb trajtues perfekt i fytyr\u00ebs; l\u00ebkura \u00ebsht\u00eb menj\u00ebher\u00eb m\u00eb e shndritshme dhe m\u00eb e nj\u00ebtrajtshme.<\/p>\n<p>1 mask\u00eb p\u00ebr pako<\/p>","protected":false},"featured_media":3979,"template":"","meta":{"_uag_custom_page_level_css":"","site-sidebar-layout":"default","site-content-layout":"","ast-site-content-layout":"default","site-content-style":"default","site-sidebar-style":"default","ast-global-header-display":"","ast-banner-title-visibility":"","ast-main-header-display":"","ast-hfb-above-header-display":"","ast-hfb-below-header-display":"","ast-hfb-mobile-header-display":"","site-post-title":"","ast-breadcrumbs-content":"","ast-featured-img":"","footer-sml-layout":"","ast-disable-related-posts":"","theme-transparent-header-meta":"default","adv-header-id-meta":"","stick-header-meta":"","header-above-stick-meta":"","header-main-stick-meta":"","header-below-stick-meta":"","astra-migrate-meta-layouts":"set","ast-page-background-enabled":"default","ast-page-background-meta":{"desktop":{"background-color":"var(--ast-global-color-4)","background-image":"","background-repeat":"repeat","background-position":"center center","background-size":"auto","background-attachment":"scroll","background-type":"","background-media":"","overlay-type":"","overlay-color":"","overlay-opacity":"","overlay-gradient":""},"tablet":{"background-color":"","background-image":"","background-repeat":"repeat","background-position":"center center","background-size":"auto","background-attachment":"scroll","background-type":"","background-media":"","overlay-type":"","overlay-color":"","overlay-opacity":"","overlay-gradient":""},"mobile":{"background-color":"","background-image":"","background-repeat":"repeat","background-position":"center center","background-size":"auto","background-attachment":"scroll","background-type":"","background-media":"","overlay-type":"","overlay-color":"","overlay-opacity":"","overlay-gradient":""}},"ast-content-background-meta":{"desktop":{"background-color":"var(--ast-global-color-5)","background-image":"","background-repeat":"repeat","background-position":"center center","background-size":"auto","background-attachment":"scroll","background-type":"","background-media":"","overlay-type":"","overlay-color":"","overlay-opacity":"","overlay-gradient":""},"tablet":{"background-color":"var(--ast-global-color-5)","background-image":"","background-repeat":"repeat","background-position":"center center","background-size":"auto","background-attachment":"scroll","background-type":"","background-media":"","overlay-type":"","overlay-color":"","overlay-opacity":"","overlay-gradient":""},"mobile":{"background-color":"var(--ast-global-color-5)","background-image":"","background-repeat":"repeat","background-position":"center center","background-size":"auto","background-attachment":"scroll","background-type":"","background-media":"","overlay-type":"","overlay-color":"","overlay-opacity":"","overlay-gradient":""}}},"product_brand":[199],"product_cat":[27,114,58],"product_tag":[],"class_list":{"0":"post-84","1":"product","2":"type-product","3":"status-publish","4":"has-post-thumbnail","6":"product_brand-biologique-recherche","7":"product_cat-br","8":"product_cat-face","9":"product_cat-face-masks","10":"desktop-align-center","11":"tablet-align-center","12":"mobile-align-center","13":"ast-product-gallery-layout-vertical-slider","14":"ast-product-gallery-with-no-image","15":"ast-product-tabs-layout-horizontal","16":"ast-qv-on-image","18":"first","19":"instock","20":"taxable","21":"shipping-taxable","22":"purchasable","23":"product-type-simple"},"uagb_featured_image_src":{"full":["https:\/\/ambassadebeaute.al\/wp-content\/uploads\/2020\/02\/Masque-Pigm-400-Biologique-Recherche.jpg",1024,1024,false],"thumbnail":["https:\/\/ambassadebeaute.al\/wp-content\/uploads\/2020\/02\/Masque-Pigm-400-Biologique-Recherche-150x150.jpg",150,150,true],"medium":["https:\/\/ambassadebeaute.al\/wp-content\/uploads\/2020\/02\/Masque-Pigm-400-Biologique-Recherche-300x300.jpg",300,300,true],"medium_large":["https:\/\/ambassadebeaute.al\/wp-content\/uploads\/2020\/02\/Masque-Pigm-400-Biologique-Recherche-768x768.jpg",768,768,true],"large":["https:\/\/ambassadebeaute.al\/wp-content\/uploads\/2020\/02\/Masque-Pigm-400-Biologique-Recherche.jpg",1024,1024,false],"1536x1536":["https:\/\/ambassadebeaute.al\/wp-content\/uploads\/2020\/02\/Masque-Pigm-400-Biologique-Recherche.jpg",1024,1024,false],"2048x2048":["https:\/\/ambassadebeaute.al\/wp-content\/uploads\/2020\/02\/Masque-Pigm-400-Biologique-Recherche.jpg",1024,1024,false],"trp-custom-language-flag":["https:\/\/ambassadebeaute.al\/wp-content\/uploads\/2020\/02\/Masque-Pigm-400-Biologique-Recherche-12x12.jpg",12,12,true],"woocommerce_thumbnail":["https:\/\/ambassadebeaute.al\/wp-content\/uploads\/2020\/02\/Masque-Pigm-400-Biologique-Recherche-300x300.jpg",300,300,true],"woocommerce_single":["https:\/\/ambassadebeaute.al\/wp-content\/uploads\/2020\/02\/Masque-Pigm-400-Biologique-Recherche-600x600.jpg",600,600,true],"woocommerce_gallery_thumbnail":["https:\/\/ambassadebeaute.al\/wp-content\/uploads\/2020\/02\/Masque-Pigm-400-Biologique-Recherche-100x100.jpg",100,100,true]},"uagb_author_info":{"display_name":"admin","author_link":"https:\/\/ambassadebeaute.al\/sq\/author\/"},"uagb_comment_info":0,"uagb_excerpt":"Masque PIGM 400 works as a real radiance booster. From the very first application, the skin is more luminous and the complexion is pearly. The high concentration of exceptional brightening and antioxidants active ingredients gives the skin a more even tone and unparalleled radiance 1 mask per package","_links":{"self":[{"href":"https:\/\/ambassadebeaute.al\/sq\/wp-json\/wp\/v2\/product\/84","targetHints":{"allow":["GET"]}}],"collection":[{"href":"https:\/\/ambassadebeaute.al\/sq\/wp-json\/wp\/v2\/product"}],"about":[{"href":"https:\/\/ambassadebeaute.al\/sq\/wp-json\/wp\/v2\/types\/product"}],"wp:featuredmedia":[{"embeddable":true,"href":"https:\/\/ambassadebeaute.al\/sq\/wp-json\/wp\/v2\/media\/3979"}],"wp:attachment":[{"href":"https:\/\/ambassadebeaute.al\/sq\/wp-json\/wp\/v2\/media?parent=84"}],"wp:term":[{"taxonomy":"product_brand","embeddable":true,"href":"https:\/\/ambassadebeaute.al\/sq\/wp-json\/wp\/v2\/product_brand?post=84"},{"taxonomy":"product_cat","embeddable":true,"href":"https:\/\/ambassadebeaute.al\/sq\/wp-json\/wp\/v2\/product_cat?post=84"},{"taxonomy":"product_tag","embeddable":true,"href":"https:\/\/ambassadebeaute.al\/sq\/wp-json\/wp\/v2\/product_tag?post=84"}],"curies":[{"name":"wp","href":"https:\/\/api.w.org\/{rel}","templated":true}]}}