{"id":93,"date":"2020-02-11T21:17:11","date_gmt":"2020-02-11T21:17:11","guid":{"rendered":"https:\/\/faceology.net\/product\/vg-tensil-serum-authentique-30-ml\/"},"modified":"2026-03-27T20:36:47","modified_gmt":"2026-03-27T20:36:47","slug":"vg-tensil-serum-autentik","status":"publish","type":"product","link":"https:\/\/ambassadebeaute.al\/sq\/shop\/br\/face\/quintessential-serums\/vg-tensil-serum-authentique\/","title":{"rendered":"VG TENSIL SERUM AUTENTIQUE"},"content":{"rendered":"<div class=\"translation-block\">\n<ul><li>\n<li>Nj\u00eb trajtim intensiv i cili forcon, rind\u00ebrton dhe tonifikon l\u00ebkur\u00ebn tuaj.<\/li>\n<li>Fytyra juaj duket m\u00eb e but\u00eb dhe m\u00eb e fort\u00eb.<\/li>\n<li>Si parandalim kund\u00ebr humbjes s\u00eb tonit t\u00eb l\u00ebkur\u00ebs.<\/li>\n<li>Firma dhe tonifikon indet q\u00eb mb\u00ebshtesin l\u00ebkur\u00ebn.<\/li>\n<li>Kontribuon n\u00eb rinovimin e qelizave duke stimuluar fibroblastet dhe keratinocitet.<\/li>\n<li>Kontribuon n\u00eb Rivendosjen e rrjet\u00ebs fibroze\n<li>Nxit sintez\u00ebn e kolagjenit<\/li>\n<li>Zbut linjat dhe rrudhat e im\u00ebta\n<\/li><\/ul>\n<\/div>","protected":false},"excerpt":{"rendered":"<p class=\" translation-block\">P\u00ebrshkrimi i produktit: Serumi VG Tensil e zgjat\u00eb shtr\u00ebngimin e l\u00ebkur\u00ebs s\u00eb fytyr\u00ebs. Rekomandohet p\u00ebr l\u00ebkur\u00eb t\u00eb d\u00ebmtuar, t\u00eb \u00e7vitalizuar dhe t\u00eb trash\u00eb dhe \u00ebsht\u00eb ideal p\u00ebr l\u00ebkur\u00eb t\u00eb kombinuar dhe me zbokth.<\/p>","protected":false},"featured_media":2193,"template":"","meta":{"_uag_custom_page_level_css":"","site-sidebar-layout":"default","site-content-layout":"","ast-site-content-layout":"default","site-content-style":"default","site-sidebar-style":"default","ast-global-header-display":"","ast-banner-title-visibility":"","ast-main-header-display":"","ast-hfb-above-header-display":"","ast-hfb-below-header-display":"","ast-hfb-mobile-header-display":"","site-post-title":"","ast-breadcrumbs-content":"","ast-featured-img":"","footer-sml-layout":"","ast-disable-related-posts":"","theme-transparent-header-meta":"","adv-header-id-meta":"","stick-header-meta":"","header-above-stick-meta":"","header-main-stick-meta":"","header-below-stick-meta":"","astra-migrate-meta-layouts":"default","ast-page-background-enabled":"default","ast-page-background-meta":{"desktop":{"background-color":"var(--ast-global-color-4)","background-image":"","background-repeat":"repeat","background-position":"center center","background-size":"auto","background-attachment":"scroll","background-type":"","background-media":"","overlay-type":"","overlay-color":"","overlay-opacity":"","overlay-gradient":""},"tablet":{"background-color":"","background-image":"","background-repeat":"repeat","background-position":"center center","background-size":"auto","background-attachment":"scroll","background-type":"","background-media":"","overlay-type":"","overlay-color":"","overlay-opacity":"","overlay-gradient":""},"mobile":{"background-color":"","background-image":"","background-repeat":"repeat","background-position":"center center","background-size":"auto","background-attachment":"scroll","background-type":"","background-media":"","overlay-type":"","overlay-color":"","overlay-opacity":"","overlay-gradient":""}},"ast-content-background-meta":{"desktop":{"background-color":"var(--ast-global-color-5)","background-image":"","background-repeat":"repeat","background-position":"center center","background-size":"auto","background-attachment":"scroll","background-type":"","background-media":"","overlay-type":"","overlay-color":"","overlay-opacity":"","overlay-gradient":""},"tablet":{"background-color":"var(--ast-global-color-5)","background-image":"","background-repeat":"repeat","background-position":"center center","background-size":"auto","background-attachment":"scroll","background-type":"","background-media":"","overlay-type":"","overlay-color":"","overlay-opacity":"","overlay-gradient":""},"mobile":{"background-color":"var(--ast-global-color-5)","background-image":"","background-repeat":"repeat","background-position":"center center","background-size":"auto","background-attachment":"scroll","background-type":"","background-media":"","overlay-type":"","overlay-color":"","overlay-opacity":"","overlay-gradient":""}}},"product_brand":[199],"product_cat":[27,114,92],"product_tag":[],"class_list":{"0":"post-93","1":"product","2":"type-product","3":"status-publish","4":"has-post-thumbnail","6":"product_brand-biologique-recherche","7":"product_cat-br","8":"product_cat-face","9":"product_cat-quintessential-serums","10":"desktop-align-center","11":"tablet-align-center","12":"mobile-align-center","13":"ast-product-gallery-layout-vertical-slider","14":"ast-product-gallery-with-no-image","15":"ast-product-single-variable","16":"ast-product-tabs-layout-horizontal","17":"ast-qv-on-image","19":"first","20":"instock","21":"taxable","22":"shipping-taxable","23":"purchasable","24":"product-type-variable"},"uagb_featured_image_src":{"full":["https:\/\/ambassadebeaute.al\/wp-content\/uploads\/2020\/03\/Serum-VG-Tensil-30ml-Biologique-Recherche-1.jpg",1024,1024,false],"thumbnail":["https:\/\/ambassadebeaute.al\/wp-content\/uploads\/2020\/03\/Serum-VG-Tensil-30ml-Biologique-Recherche-1-150x150.jpg",150,150,true],"medium":["https:\/\/ambassadebeaute.al\/wp-content\/uploads\/2020\/03\/Serum-VG-Tensil-30ml-Biologique-Recherche-1-300x300.jpg",300,300,true],"medium_large":["https:\/\/ambassadebeaute.al\/wp-content\/uploads\/2020\/03\/Serum-VG-Tensil-30ml-Biologique-Recherche-1-768x768.jpg",768,768,true],"large":["https:\/\/ambassadebeaute.al\/wp-content\/uploads\/2020\/03\/Serum-VG-Tensil-30ml-Biologique-Recherche-1-1024x1024.jpg",1024,1024,true],"1536x1536":["https:\/\/ambassadebeaute.al\/wp-content\/uploads\/2020\/03\/Serum-VG-Tensil-30ml-Biologique-Recherche-1.jpg",1024,1024,false],"2048x2048":["https:\/\/ambassadebeaute.al\/wp-content\/uploads\/2020\/03\/Serum-VG-Tensil-30ml-Biologique-Recherche-1.jpg",1024,1024,false],"trp-custom-language-flag":["https:\/\/ambassadebeaute.al\/wp-content\/uploads\/2020\/03\/Serum-VG-Tensil-30ml-Biologique-Recherche-1.jpg",12,12,false],"woocommerce_thumbnail":["https:\/\/ambassadebeaute.al\/wp-content\/uploads\/2020\/03\/Serum-VG-Tensil-30ml-Biologique-Recherche-1-300x300.jpg",300,300,true],"woocommerce_single":["https:\/\/ambassadebeaute.al\/wp-content\/uploads\/2020\/03\/Serum-VG-Tensil-30ml-Biologique-Recherche-1-600x600.jpg",600,600,true],"woocommerce_gallery_thumbnail":["https:\/\/ambassadebeaute.al\/wp-content\/uploads\/2020\/03\/Serum-VG-Tensil-30ml-Biologique-Recherche-1-100x100.jpg",100,100,true]},"uagb_author_info":{"display_name":"admin","author_link":"https:\/\/ambassadebeaute.al\/sq\/author\/"},"uagb_comment_info":0,"uagb_excerpt":"For 27 year olds and up, skin that lacks elasticity. Tensing and firming botanical serum helps tone sagging skin tissues and revitalize skin's surface. In addition to smoothing and tightening, Serum VG Tensil works from within the skin by boosting collagen synthesis and cellular renewal, acting as an intensive rejuvenation treatment for mature skin.","_links":{"self":[{"href":"https:\/\/ambassadebeaute.al\/sq\/wp-json\/wp\/v2\/product\/93","targetHints":{"allow":["GET"]}}],"collection":[{"href":"https:\/\/ambassadebeaute.al\/sq\/wp-json\/wp\/v2\/product"}],"about":[{"href":"https:\/\/ambassadebeaute.al\/sq\/wp-json\/wp\/v2\/types\/product"}],"wp:featuredmedia":[{"embeddable":true,"href":"https:\/\/ambassadebeaute.al\/sq\/wp-json\/wp\/v2\/media\/2193"}],"wp:attachment":[{"href":"https:\/\/ambassadebeaute.al\/sq\/wp-json\/wp\/v2\/media?parent=93"}],"wp:term":[{"taxonomy":"product_brand","embeddable":true,"href":"https:\/\/ambassadebeaute.al\/sq\/wp-json\/wp\/v2\/product_brand?post=93"},{"taxonomy":"product_cat","embeddable":true,"href":"https:\/\/ambassadebeaute.al\/sq\/wp-json\/wp\/v2\/product_cat?post=93"},{"taxonomy":"product_tag","embeddable":true,"href":"https:\/\/ambassadebeaute.al\/sq\/wp-json\/wp\/v2\/product_tag?post=93"}],"curies":[{"name":"wp","href":"https:\/\/api.w.org\/{rel}","templated":true}]}}