{"id":95,"date":"2020-02-11T21:17:11","date_gmt":"2020-02-11T21:17:11","guid":{"rendered":"https:\/\/faceology.net\/product\/oligo-proteines-marines-serum-authentique-30-ml\/"},"modified":"2026-03-27T20:36:47","modified_gmt":"2026-03-27T20:36:47","slug":"oligo-proteines-marines-serum-autentik-30-ml","status":"publish","type":"product","link":"https:\/\/ambassadebeaute.al\/sq\/shop\/br\/face\/quintessential-serums\/oligo-proteines-marines-serum-authentique-30-ml\/","title":{"rendered":"OLIGO-PROTEINES SERUM AUTENTIQUE MARINE"},"content":{"rendered":"<div class=\"translation-block\">\n<ul><li>\nEnergjizon dhe ringjall funksionet natyrale t\u00eb l\u00ebkur\u00ebs.<\/li>\n<li>Stimulon qelizat e lekures.<\/li>\n<li>Ndri\u00e7on dhe unifikon \u00e7ehren.<\/li>\n<li>Redukton qarqet e err\u00ebta dhe qeskat n\u00ebn sy.<\/li>\n<li>Trajtimi SOS p\u00ebr l\u00ebkurat e stresuara, t\u00eb lodhura ose p\u00ebr l\u00ebkurat q\u00eb i jan\u00eb n\u00ebnshtruar trajtimit t\u00eb bukuris\u00eb mjek\u00ebsore.<\/li>\n<li>Energjia detare e p\u00ebrqendruar q\u00eb zgjon l\u00ebkur\u00ebn tuaj nga brenda.<\/li>\n<li>Rrethet e err\u00ebta n\u00ebn syt\u00eb tuaj zhduken dhe \u00e7ehreja juaj \u00ebsht\u00eb e ndritshme dhe e pushuar, sikur t\u00eb kishit kaluar nj\u00eb fundjav\u00eb pran\u00eb bregdetit.<\/li>\n<li>Ky produkt funksionon si magji absolute kur kombinohet me Fluide VIP O2, duke e l\u00ebn\u00eb l\u00ebkur\u00ebn tuaj edhe m\u00eb t\u00eb but\u00eb, t\u00eb tonifikuar dhe t\u00eb leht\u00ebsuar.\n<\/li><\/ul>\nSh\u00ebnim :\n- Pap\u00ebrsosm\u00ebrit\u00eb e l\u00ebkur\u00ebs mund t\u00eb shfaqen n\u00eb fillim t\u00eb trajtimit.\n- Mos p\u00ebrdorni n\u00ebse jeni alergjik ndaj jodit.\n- P\u00ebr lekurat sensitive, ky serum duhet t\u00eb p\u00ebrdoret her\u00ebn e par\u00eb n\u00eb m\u00ebnyr\u00eb progresive. Filloni trajtimin duke aplikuar 2 ose 3 her\u00eb n\u00eb jav\u00eb.\n<\/div>","protected":false},"excerpt":{"rendered":"<p class=\" translation-block\">P\u00ebrshkrimi i produktit: ky bio serum i detit i jep energji dhe e rigjall\u00ebron l\u00ebkur\u00ebn, duke ndihmuar stimulimin e funksioneve t\u00eb saja natyrore dhe nj\u00ebtrajtshm\u00ebrin\u00eb e saj\u00eb. Ofron tretman emergjent p\u00ebr l\u00ebkur\u00ebn e stresuar dhe rekomandohet p\u00ebr l\u00ebkur\u00eb t\u00eb \u00e7vitalizuar, t\u00eb d\u00ebmtuar dhe t\u00eb pap\u00ebrsosur. \u00cbsht\u00eb ideal p\u00ebr l\u00ebkur\u00ebn e duhanpir\u00ebsve.<\/p>","protected":false},"featured_media":2195,"template":"","meta":{"_uag_custom_page_level_css":"","site-sidebar-layout":"default","site-content-layout":"","ast-site-content-layout":"default","site-content-style":"default","site-sidebar-style":"default","ast-global-header-display":"","ast-banner-title-visibility":"","ast-main-header-display":"","ast-hfb-above-header-display":"","ast-hfb-below-header-display":"","ast-hfb-mobile-header-display":"","site-post-title":"","ast-breadcrumbs-content":"","ast-featured-img":"","footer-sml-layout":"","ast-disable-related-posts":"","theme-transparent-header-meta":"default","adv-header-id-meta":"","stick-header-meta":"","header-above-stick-meta":"","header-main-stick-meta":"","header-below-stick-meta":"","astra-migrate-meta-layouts":"set","ast-page-background-enabled":"default","ast-page-background-meta":{"desktop":{"background-color":"var(--ast-global-color-4)","background-image":"","background-repeat":"repeat","background-position":"center center","background-size":"auto","background-attachment":"scroll","background-type":"","background-media":"","overlay-type":"","overlay-color":"","overlay-opacity":"","overlay-gradient":""},"tablet":{"background-color":"","background-image":"","background-repeat":"repeat","background-position":"center center","background-size":"auto","background-attachment":"scroll","background-type":"","background-media":"","overlay-type":"","overlay-color":"","overlay-opacity":"","overlay-gradient":""},"mobile":{"background-color":"","background-image":"","background-repeat":"repeat","background-position":"center center","background-size":"auto","background-attachment":"scroll","background-type":"","background-media":"","overlay-type":"","overlay-color":"","overlay-opacity":"","overlay-gradient":""}},"ast-content-background-meta":{"desktop":{"background-color":"var(--ast-global-color-5)","background-image":"","background-repeat":"repeat","background-position":"center center","background-size":"auto","background-attachment":"scroll","background-type":"","background-media":"","overlay-type":"","overlay-color":"","overlay-opacity":"","overlay-gradient":""},"tablet":{"background-color":"var(--ast-global-color-5)","background-image":"","background-repeat":"repeat","background-position":"center center","background-size":"auto","background-attachment":"scroll","background-type":"","background-media":"","overlay-type":"","overlay-color":"","overlay-opacity":"","overlay-gradient":""},"mobile":{"background-color":"var(--ast-global-color-5)","background-image":"","background-repeat":"repeat","background-position":"center center","background-size":"auto","background-attachment":"scroll","background-type":"","background-media":"","overlay-type":"","overlay-color":"","overlay-opacity":"","overlay-gradient":""}}},"product_brand":[199],"product_cat":[27,114,92],"product_tag":[],"class_list":{"0":"post-95","1":"product","2":"type-product","3":"status-publish","4":"has-post-thumbnail","6":"product_brand-biologique-recherche","7":"product_cat-br","8":"product_cat-face","9":"product_cat-quintessential-serums","10":"desktop-align-center","11":"tablet-align-center","12":"mobile-align-center","13":"ast-product-gallery-layout-vertical-slider","14":"ast-product-gallery-with-no-image","15":"ast-product-single-variable","16":"ast-product-tabs-layout-horizontal","17":"ast-qv-on-image","19":"first","20":"instock","21":"taxable","22":"shipping-taxable","23":"purchasable","24":"product-type-variable"},"uagb_featured_image_src":{"full":["https:\/\/ambassadebeaute.al\/wp-content\/uploads\/2020\/03\/Oligo-Proteines-Marines-30ml-1.jpg",1024,1024,false],"thumbnail":["https:\/\/ambassadebeaute.al\/wp-content\/uploads\/2020\/03\/Oligo-Proteines-Marines-30ml-1-150x150.jpg",150,150,true],"medium":["https:\/\/ambassadebeaute.al\/wp-content\/uploads\/2020\/03\/Oligo-Proteines-Marines-30ml-1-300x300.jpg",300,300,true],"medium_large":["https:\/\/ambassadebeaute.al\/wp-content\/uploads\/2020\/03\/Oligo-Proteines-Marines-30ml-1-768x768.jpg",768,768,true],"large":["https:\/\/ambassadebeaute.al\/wp-content\/uploads\/2020\/03\/Oligo-Proteines-Marines-30ml-1-1024x1024.jpg",1024,1024,true],"1536x1536":["https:\/\/ambassadebeaute.al\/wp-content\/uploads\/2020\/03\/Oligo-Proteines-Marines-30ml-1.jpg",1024,1024,false],"2048x2048":["https:\/\/ambassadebeaute.al\/wp-content\/uploads\/2020\/03\/Oligo-Proteines-Marines-30ml-1.jpg",1024,1024,false],"trp-custom-language-flag":["https:\/\/ambassadebeaute.al\/wp-content\/uploads\/2020\/03\/Oligo-Proteines-Marines-30ml-1.jpg",12,12,false],"woocommerce_thumbnail":["https:\/\/ambassadebeaute.al\/wp-content\/uploads\/2020\/03\/Oligo-Proteines-Marines-30ml-1-300x300.jpg",300,300,true],"woocommerce_single":["https:\/\/ambassadebeaute.al\/wp-content\/uploads\/2020\/03\/Oligo-Proteines-Marines-30ml-1-600x600.jpg",600,600,true],"woocommerce_gallery_thumbnail":["https:\/\/ambassadebeaute.al\/wp-content\/uploads\/2020\/03\/Oligo-Proteines-Marines-30ml-1-100x100.jpg",100,100,true]},"uagb_author_info":{"display_name":"admin","author_link":"https:\/\/ambassadebeaute.al\/sq\/author\/"},"uagb_comment_info":0,"uagb_excerpt":"For skin that is stressed, dull, and tired. Especially good if you\u2019re a smoker and\/or if you have darker complexion. Brightens, works on pigment spots, sun damage. Great for dark circles under eyes. For best results alleviating dark circles combine with serum placenta. This serum energizes and revives skin, stimulating the cells and awakening the&hellip;","_links":{"self":[{"href":"https:\/\/ambassadebeaute.al\/sq\/wp-json\/wp\/v2\/product\/95","targetHints":{"allow":["GET"]}}],"collection":[{"href":"https:\/\/ambassadebeaute.al\/sq\/wp-json\/wp\/v2\/product"}],"about":[{"href":"https:\/\/ambassadebeaute.al\/sq\/wp-json\/wp\/v2\/types\/product"}],"wp:featuredmedia":[{"embeddable":true,"href":"https:\/\/ambassadebeaute.al\/sq\/wp-json\/wp\/v2\/media\/2195"}],"wp:attachment":[{"href":"https:\/\/ambassadebeaute.al\/sq\/wp-json\/wp\/v2\/media?parent=95"}],"wp:term":[{"taxonomy":"product_brand","embeddable":true,"href":"https:\/\/ambassadebeaute.al\/sq\/wp-json\/wp\/v2\/product_brand?post=95"},{"taxonomy":"product_cat","embeddable":true,"href":"https:\/\/ambassadebeaute.al\/sq\/wp-json\/wp\/v2\/product_cat?post=95"},{"taxonomy":"product_tag","embeddable":true,"href":"https:\/\/ambassadebeaute.al\/sq\/wp-json\/wp\/v2\/product_tag?post=95"}],"curies":[{"name":"wp","href":"https:\/\/api.w.org\/{rel}","templated":true}]}}