{"id":97,"date":"2020-02-11T21:17:12","date_gmt":"2020-02-11T21:17:12","guid":{"rendered":"https:\/\/faceology.net\/product\/complexe-iribiol-serum-authentique-30-ml\/"},"modified":"2026-03-27T20:36:47","modified_gmt":"2026-03-27T20:36:47","slug":"kompleks-iribiol-serum-autentik-30-ml","status":"publish","type":"product","link":"https:\/\/ambassadebeaute.al\/sq\/shop\/br\/face\/quintessential-serums\/complexe-iribiol-serum-authentique-30-ml\/","title":{"rendered":"KOMPLESI IRIBIOL SERUM AUTENTIQUE"},"content":{"rendered":"<div class=\"translation-block\">\n<ul>\n<li>Rregullon sekrecionet yndyrore<\/li>\n<li>Shtr\u00ebngon poret<\/li>\n<li>Parandalon, ngadal\u00ebson dhe korrigjon formimin e pap\u00ebrsosm\u00ebrive t\u00eb l\u00ebkur\u00ebs.<\/li>\n<li>Stimulon rinovimin e qelizave dhe promovon sh\u00ebrimin e pap\u00ebrsosm\u00ebrive t\u00eb l\u00ebkur\u00ebs.<\/li>\n<li>Nj\u00eb trajtim i p\u00ebrshtatsh\u00ebm p\u00ebr pap\u00ebrsosm\u00ebrit\u00eb e l\u00ebkur\u00ebs.<\/li>\n<li>Nj\u00eb formul\u00eb intensive p\u00ebr nj\u00eb l\u00ebkur\u00eb m\u00eb t\u00eb sh\u00ebndetshme, m\u00eb t\u00eb ekuilibruar dhe rrezatuese.<\/li>\n<li>Kompleksi Iribiol rekomandohet <\/li><\/li>ve\u00e7an\u00ebrisht p\u00ebr trajtimin e zonave mesatare t\u00eb l\u00ebkur\u00ebs seborrheike ose kombinuese.<\/li>\n<li>Nj\u00eb kombinim i p\u00ebrb\u00ebr\u00ebsve aktiv\u00eb rregullues, anti-mikrobik\u00eb dhe qet\u00ebsues p\u00ebr nj\u00eb veprim t\u00eb plot\u00eb mbi pap\u00ebrsosm\u00ebrit\u00eb e l\u00ebkur\u00ebs.<\/li>\n<li>Nuk thahet l\u00ebkura.<\/li>\n<li>L\u00ebkura \u00ebsht\u00eb duksh\u00ebm m\u00eb pak e yndyrshme, poret jan\u00eb forcuar.<\/li>\n<li>Pap\u00ebrsosm\u00ebrit\u00eb e l\u00ebkur\u00ebs leht\u00ebsohen, sh\u00ebrohen.<\/li>\n<li>L\u00ebkura ndihet e pastruar dhe pastruar.<\/li>\n<li>Ideale p\u00ebr nj\u00eb trajtim t\u00eb pakt\u00ebn 3 jav\u00eb.<\/li>\n<\/ul>\nSh\u00ebnim :\n- Ne ju rekomandojm\u00eb ta p\u00ebrdorni k\u00ebt\u00eb produkt p\u00ebr nj\u00eb kurs t\u00eb pakt\u00ebn 3 jav\u00eb.\n- Jo i p\u00ebrshtatsh\u00ebm p\u00ebr f\u00ebmij\u00ebt.\n<\/div>","protected":false},"excerpt":{"rendered":"<p class=\" translation-block\">P\u00ebrshkrimi i produktit: ky serum balancues, ndihmon n\u00eb rregullimin e sekretimit t\u00eb zbokthit. P\u00ebrmban ekstrakte t\u00eb lules Iris si dhe zink, p\u00ebr trajtimin e personalizuar t\u00eb mang\u00ebsive t\u00eb l\u00ebkur\u00ebs. Rekomandohet p\u00ebr mang\u00ebsit\u00eb e l\u00ebkur\u00ebs n\u00eb kombinimin me l\u00ebkur\u00ebn me zbokth.<\/p>","protected":false},"featured_media":2185,"template":"","meta":{"_uag_custom_page_level_css":"","site-sidebar-layout":"default","site-content-layout":"","ast-site-content-layout":"default","site-content-style":"default","site-sidebar-style":"default","ast-global-header-display":"","ast-banner-title-visibility":"","ast-main-header-display":"","ast-hfb-above-header-display":"","ast-hfb-below-header-display":"","ast-hfb-mobile-header-display":"","site-post-title":"","ast-breadcrumbs-content":"","ast-featured-img":"","footer-sml-layout":"","ast-disable-related-posts":"","theme-transparent-header-meta":"default","adv-header-id-meta":"","stick-header-meta":"","header-above-stick-meta":"","header-main-stick-meta":"","header-below-stick-meta":"","astra-migrate-meta-layouts":"set","ast-page-background-enabled":"default","ast-page-background-meta":{"desktop":{"background-color":"var(--ast-global-color-4)","background-image":"","background-repeat":"repeat","background-position":"center center","background-size":"auto","background-attachment":"scroll","background-type":"","background-media":"","overlay-type":"","overlay-color":"","overlay-opacity":"","overlay-gradient":""},"tablet":{"background-color":"","background-image":"","background-repeat":"repeat","background-position":"center center","background-size":"auto","background-attachment":"scroll","background-type":"","background-media":"","overlay-type":"","overlay-color":"","overlay-opacity":"","overlay-gradient":""},"mobile":{"background-color":"","background-image":"","background-repeat":"repeat","background-position":"center center","background-size":"auto","background-attachment":"scroll","background-type":"","background-media":"","overlay-type":"","overlay-color":"","overlay-opacity":"","overlay-gradient":""}},"ast-content-background-meta":{"desktop":{"background-color":"var(--ast-global-color-5)","background-image":"","background-repeat":"repeat","background-position":"center center","background-size":"auto","background-attachment":"scroll","background-type":"","background-media":"","overlay-type":"","overlay-color":"","overlay-opacity":"","overlay-gradient":""},"tablet":{"background-color":"var(--ast-global-color-5)","background-image":"","background-repeat":"repeat","background-position":"center center","background-size":"auto","background-attachment":"scroll","background-type":"","background-media":"","overlay-type":"","overlay-color":"","overlay-opacity":"","overlay-gradient":""},"mobile":{"background-color":"var(--ast-global-color-5)","background-image":"","background-repeat":"repeat","background-position":"center center","background-size":"auto","background-attachment":"scroll","background-type":"","background-media":"","overlay-type":"","overlay-color":"","overlay-opacity":"","overlay-gradient":""}}},"product_brand":[199],"product_cat":[27,114,92],"product_tag":[],"class_list":{"0":"post-97","1":"product","2":"type-product","3":"status-publish","4":"has-post-thumbnail","6":"product_brand-biologique-recherche","7":"product_cat-br","8":"product_cat-face","9":"product_cat-quintessential-serums","10":"desktop-align-center","11":"tablet-align-center","12":"mobile-align-center","13":"ast-product-gallery-layout-vertical-slider","14":"ast-product-gallery-with-no-image","15":"ast-product-single-variable","16":"ast-product-tabs-layout-horizontal","17":"ast-qv-on-image","19":"first","20":"instock","21":"taxable","22":"shipping-taxable","23":"purchasable","24":"product-type-variable","25":"has-default-attributes"},"uagb_featured_image_src":{"full":["https:\/\/ambassadebeaute.al\/wp-content\/uploads\/2020\/03\/Complexe-Iribiol-30ml-Biologique-Recherche-1.jpg",1024,1024,false],"thumbnail":["https:\/\/ambassadebeaute.al\/wp-content\/uploads\/2020\/03\/Complexe-Iribiol-30ml-Biologique-Recherche-1-150x150.jpg",150,150,true],"medium":["https:\/\/ambassadebeaute.al\/wp-content\/uploads\/2020\/03\/Complexe-Iribiol-30ml-Biologique-Recherche-1-300x300.jpg",300,300,true],"medium_large":["https:\/\/ambassadebeaute.al\/wp-content\/uploads\/2020\/03\/Complexe-Iribiol-30ml-Biologique-Recherche-1-768x768.jpg",768,768,true],"large":["https:\/\/ambassadebeaute.al\/wp-content\/uploads\/2020\/03\/Complexe-Iribiol-30ml-Biologique-Recherche-1-1024x1024.jpg",1024,1024,true],"1536x1536":["https:\/\/ambassadebeaute.al\/wp-content\/uploads\/2020\/03\/Complexe-Iribiol-30ml-Biologique-Recherche-1.jpg",1024,1024,false],"2048x2048":["https:\/\/ambassadebeaute.al\/wp-content\/uploads\/2020\/03\/Complexe-Iribiol-30ml-Biologique-Recherche-1.jpg",1024,1024,false],"trp-custom-language-flag":["https:\/\/ambassadebeaute.al\/wp-content\/uploads\/2020\/03\/Complexe-Iribiol-30ml-Biologique-Recherche-1.jpg",12,12,false],"woocommerce_thumbnail":["https:\/\/ambassadebeaute.al\/wp-content\/uploads\/2020\/03\/Complexe-Iribiol-30ml-Biologique-Recherche-1-300x300.jpg",300,300,true],"woocommerce_single":["https:\/\/ambassadebeaute.al\/wp-content\/uploads\/2020\/03\/Complexe-Iribiol-30ml-Biologique-Recherche-1-600x600.jpg",600,600,true],"woocommerce_gallery_thumbnail":["https:\/\/ambassadebeaute.al\/wp-content\/uploads\/2020\/03\/Complexe-Iribiol-30ml-Biologique-Recherche-1-100x100.jpg",100,100,true]},"uagb_author_info":{"display_name":"admin","author_link":"https:\/\/ambassadebeaute.al\/sq\/author\/"},"uagb_comment_info":0,"uagb_excerpt":"For very oily, breakout prone skin. This serum helps regulate sebum secretions, tightens the pores and prevents the formation of future skin imperfections. It is ideal for the T-zone area of combination skin, and will reveal a healthier glow.","_links":{"self":[{"href":"https:\/\/ambassadebeaute.al\/sq\/wp-json\/wp\/v2\/product\/97","targetHints":{"allow":["GET"]}}],"collection":[{"href":"https:\/\/ambassadebeaute.al\/sq\/wp-json\/wp\/v2\/product"}],"about":[{"href":"https:\/\/ambassadebeaute.al\/sq\/wp-json\/wp\/v2\/types\/product"}],"wp:featuredmedia":[{"embeddable":true,"href":"https:\/\/ambassadebeaute.al\/sq\/wp-json\/wp\/v2\/media\/2185"}],"wp:attachment":[{"href":"https:\/\/ambassadebeaute.al\/sq\/wp-json\/wp\/v2\/media?parent=97"}],"wp:term":[{"taxonomy":"product_brand","embeddable":true,"href":"https:\/\/ambassadebeaute.al\/sq\/wp-json\/wp\/v2\/product_brand?post=97"},{"taxonomy":"product_cat","embeddable":true,"href":"https:\/\/ambassadebeaute.al\/sq\/wp-json\/wp\/v2\/product_cat?post=97"},{"taxonomy":"product_tag","embeddable":true,"href":"https:\/\/ambassadebeaute.al\/sq\/wp-json\/wp\/v2\/product_tag?post=97"}],"curies":[{"name":"wp","href":"https:\/\/api.w.org\/{rel}","templated":true}]}}